{"id":1195,"date":"2019-04-11T07:37:05","date_gmt":"2019-04-11T07:37:05","guid":{"rendered":"http:\/\/www.theamourgynoircode.org\/?page_id=1195"},"modified":"2025-02-11T11:12:27","modified_gmt":"2025-02-11T16:12:27","slug":"donate-to-causes","status":"publish","type":"page","link":"https:\/\/www.theamourgynoircode.org\/fr\/donate-to-causes\/","title":{"rendered":"DONNER \u00c0 UNE CAUSE"},"content":{"rendered":"<div data-elementor-type=\"wp-post\" data-elementor-id=\"1195\" class=\"elementor elementor-1195\">\n\t\t\t\t\t\t<section class=\"elementor-section elementor-top-section elementor-element elementor-element-e3fb66e elementor-section-boxed elementor-section-height-default elementor-section-height-default\" data-id=\"e3fb66e\" data-element_type=\"section\">\n\t\t\t\t\t\t<div class=\"elementor-container elementor-column-gap-extended\">\n\t\t\t\t\t<div class=\"elementor-column elementor-col-100 elementor-top-column elementor-element elementor-element-f47f9c5 sc_inner_width_none sc_content_align_inherit sc_layouts_column_icons_position_left\" data-id=\"f47f9c5\" data-element_type=\"column\">\n\t\t\t<div class=\"elementor-widget-wrap elementor-element-populated\">\n\t\t\t\t\t\t<div class=\"elementor-element elementor-element-f4e60b9 sc_fly_static elementor-widget elementor-widget-trx_sc_title\" data-id=\"f4e60b9\" data-element_type=\"widget\" data-widget_type=\"trx_sc_title.default\">\n\t\t\t\t<div class=\"elementor-widget-container\">\n\t\t\t\t\t<div id=\"trx_sc_title_1290265421\"\r\n\t\tclass=\"sc_title color_style_link2 sc_title_decoration\"><h1 class=\"sc_item_title sc_title_title sc_item_title_style_decoration sc_item_title_tag\"><span class=\"sc_item_title_text\">Impliquez-vous gr\u00e2ce \u00e0 vos dons<\/span><\/h1><div class=\"sc_item_descr sc_title_descr\"><p>Malgr\u00e9 l'h\u00e9ritage et les impacts continus du colonialisme blanc sur les Noir\u00b7e\u00b7s au Canada, le gouvernement et les institutions philanthropiques n'ont PAS investi dans la s\u00e9curit\u00e9, la sant\u00e9 et le bien-\u00eatre des Noir\u00b7e\u00b7s et de nos communaut\u00e9s, en particulier les survivantes BWGGDT de la violence anti-Noire fond\u00e9e sur le genre.<br \/>\n<br \/><br><br \/>\nNous voulons rem\u00e9dier \u00e0 cette situation.<\/p>\n<\/div><\/div><!-- \/.sc_title -->\t\t\t\t<\/div>\n\t\t\t\t<\/div>\n\t\t\t\t\t<\/div>\n\t\t<\/div>\n\t\t\t\t\t<\/div>\n\t\t<\/section>\n\t\t\t\t<section class=\"elementor-section elementor-top-section elementor-element elementor-element-1e60c44 elementor-section-boxed elementor-section-height-default elementor-section-height-default\" data-id=\"1e60c44\" data-element_type=\"section\">\n\t\t\t\t\t\t<div class=\"elementor-container elementor-column-gap-extended\">\n\t\t\t\t\t<div class=\"elementor-column elementor-col-100 elementor-top-column elementor-element elementor-element-0b5ff6f sc_inner_width_none sc_content_align_inherit sc_layouts_column_icons_position_left\" data-id=\"0b5ff6f\" data-element_type=\"column\">\n\t\t\t<div class=\"elementor-widget-wrap elementor-element-populated\">\n\t\t\t\t\t\t<div class=\"elementor-element elementor-element-8c1b573 sc_fly_static elementor-invisible elementor-widget elementor-widget-trx_sc_blogger\" data-id=\"8c1b573\" data-element_type=\"widget\" data-settings=\"{&quot;_animation&quot;:&quot;fadeIn&quot;,&quot;_animation_mobile&quot;:&quot;none&quot;,&quot;_animation_delay&quot;:200}\" data-widget_type=\"trx_sc_blogger.default\">\n\t\t\t\t<div class=\"elementor-widget-container\">\n\t\t\t\t\t<div  id=\"trx_sc_blogger_1572318609\"\t\tclass=\"sc_blogger sc_blogger_default sc_blogger_default_classic_alter\"><div class=\"sc_blogger_columns_wrap sc_item_columns sc_item_posts_container trx_addons_columns_wrap columns_padding_bottom columns_in_single_row\"><div class=\"trx_addons_column-1_2\"><div data-post-id=\"5584\" class=\"sc_blogger_item sc_blogger_item_default sc_blogger_item_default_classic_alter sc_blogger_item_odd sc_blogger_item_align_none post_format_standard sc_blogger_item_with_image sc_blogger_item_on_plate sc_blogger_item_image_position_top post-5584 give_forms type-give_forms status-publish has-post-thumbnail\" data-item-number=\"1\"\n\t><div class=\"sc_blogger_item_body\"><div class=\"post_featured with_thumb hover_stroke sc_item_featured sc_blogger_item_featured\"><img fetchpriority=\"high\" decoding=\"async\" width=\"770\" height=\"513\" src=\"https:\/\/www.theamourgynoircode.org\/wp-content\/uploads\/2022\/11\/the-a-code-donate-3-770x513.jpeg\" class=\"attachment-impacto_patronus-thumb-extra size-impacto_patronus-thumb-extra wp-post-image\" alt=\"\" srcset=\"https:\/\/www.theamourgynoircode.org\/wp-content\/uploads\/2022\/11\/the-a-code-donate-3-770x513.jpeg 770w, https:\/\/www.theamourgynoircode.org\/wp-content\/uploads\/2022\/11\/the-a-code-donate-3-300x200.jpeg 300w, https:\/\/www.theamourgynoircode.org\/wp-content\/uploads\/2022\/11\/the-a-code-donate-3-1024x683.jpeg 1024w, https:\/\/www.theamourgynoircode.org\/wp-content\/uploads\/2022\/11\/the-a-code-donate-3-768x512.jpeg 768w, https:\/\/www.theamourgynoircode.org\/wp-content\/uploads\/2022\/11\/the-a-code-donate-3-1536x1024.jpeg 1536w, https:\/\/www.theamourgynoircode.org\/wp-content\/uploads\/2022\/11\/the-a-code-donate-3-2048x1365.jpeg 2048w, https:\/\/www.theamourgynoircode.org\/wp-content\/uploads\/2022\/11\/the-a-code-donate-3-370x247.jpeg 370w, https:\/\/www.theamourgynoircode.org\/wp-content\/uploads\/2022\/11\/the-a-code-donate-3-1170x780.jpeg 1170w\" sizes=\"(max-width: 770px) 100vw, 770px\" \/>\t\t\t\t\t\t<div class=\"mask\"><\/div>\n\t\t\t\t\t\t            <a href=\"https:\/\/www.theamourgynoircode.org\/fr\/donations\/national-scholarship-fund-for-bwggdt-survivors\/\"  aria-hidden=\"true\" ><span><\/span><span><\/span><span><\/span><span><\/span><\/a>\n            <\/div><div class=\"sc_blogger_item_content entry-content\"><h5 class=\"sc_blogger_item_title entry-title\" data-item-number=\"1\"><a href=\"https:\/\/www.theamourgynoircode.org\/fr\/donations\/national-scholarship-fund-for-bwggdt-survivors\/\" rel=\"bookmark\">National Scholarship Fund for BWGGDT survivors<\/a><\/h5><div class=\"sc_blogger_item_excerpt\">Funds activities that help survivors heal and rebuild their lives.<\/div><div class=\"sc_blogger_item_button sc_item_button\"><a href=\"https:\/\/www.theamourgynoircode.org\/fr\/donations\/national-scholarship-fund-for-bwggdt-survivors\/\" class=\"sc_button sc_button_size_small\">Donate<\/a><\/div><\/div><!-- .entry-content --><\/div><!-- .sc_blogger_item_body --><\/div><!-- .sc_blogger_item --><\/div><div class=\"trx_addons_column-1_2\"><div data-post-id=\"5578\" class=\"sc_blogger_item sc_blogger_item_default sc_blogger_item_default_classic_alter sc_blogger_item_even sc_blogger_item_align_none post_format_standard sc_blogger_item_with_image sc_blogger_item_on_plate sc_blogger_item_image_position_top post-5578 give_forms type-give_forms status-publish has-post-thumbnail\" data-item-number=\"2\"\n\t><div class=\"sc_blogger_item_body\"><div class=\"post_featured with_thumb hover_stroke sc_item_featured sc_blogger_item_featured\"><img decoding=\"async\" width=\"770\" height=\"513\" src=\"https:\/\/www.theamourgynoircode.org\/wp-content\/uploads\/2022\/11\/the-a-code-donate-emergency-fund-scaled-e1669122849425-770x513.jpeg\" class=\"attachment-impacto_patronus-thumb-extra size-impacto_patronus-thumb-extra wp-post-image\" alt=\"\" \/>\t\t\t\t\t\t<div class=\"mask\"><\/div>\n\t\t\t\t\t\t            <a href=\"https:\/\/www.theamourgynoircode.org\/fr\/donations\/national-emergency-fund-for-bwggdt-survivors\/\"  aria-hidden=\"true\" ><span><\/span><span><\/span><span><\/span><span><\/span><\/a>\n            <\/div><div class=\"sc_blogger_item_content entry-content\"><h5 class=\"sc_blogger_item_title entry-title\" data-item-number=\"2\"><a href=\"https:\/\/www.theamourgynoircode.org\/fr\/donations\/national-emergency-fund-for-bwggdt-survivors\/\" rel=\"bookmark\">National Emergency Fund for BWGGDT survivors<\/a><\/h5><div class=\"sc_blogger_item_excerpt\">Funds emergency food, clothing, transportation, and shelter for BWGGDT survivors.<\/div><div class=\"sc_blogger_item_button sc_item_button\"><a href=\"https:\/\/www.theamourgynoircode.org\/fr\/donations\/national-emergency-fund-for-bwggdt-survivors\/\" class=\"sc_button sc_button_size_small\">Donate<\/a><\/div><\/div><!-- .entry-content --><\/div><!-- .sc_blogger_item_body --><\/div><!-- .sc_blogger_item --><\/div><\/div><\/div>\t\t\t\t<\/div>\n\t\t\t\t<\/div>\n\t\t\t\t\t<\/div>\n\t\t<\/div>\n\t\t\t\t\t<\/div>\n\t\t<\/section>\n\t\t\t\t<\/div>","protected":false},"excerpt":{"rendered":"<p>Get involved through donations Despite the legacy and ongoing impacts of white settler colonialism on Black Peoples in Canada, the government and philanthropic institutions have NOT invested in the safety, health and well-being&hellip;<\/p>","protected":false},"author":1,"featured_media":0,"parent":0,"menu_order":0,"comment_status":"closed","ping_status":"closed","template":"","meta":{"footnotes":""},"class_list":["post-1195","page","type-page","status-publish","hentry"],"_links":{"self":[{"href":"https:\/\/www.theamourgynoircode.org\/fr\/wp-json\/wp\/v2\/pages\/1195","targetHints":{"allow":["GET"]}}],"collection":[{"href":"https:\/\/www.theamourgynoircode.org\/fr\/wp-json\/wp\/v2\/pages"}],"about":[{"href":"https:\/\/www.theamourgynoircode.org\/fr\/wp-json\/wp\/v2\/types\/page"}],"author":[{"embeddable":true,"href":"https:\/\/www.theamourgynoircode.org\/fr\/wp-json\/wp\/v2\/users\/1"}],"replies":[{"embeddable":true,"href":"https:\/\/www.theamourgynoircode.org\/fr\/wp-json\/wp\/v2\/comments?post=1195"}],"version-history":[{"count":20,"href":"https:\/\/www.theamourgynoircode.org\/fr\/wp-json\/wp\/v2\/pages\/1195\/revisions"}],"predecessor-version":[{"id":6182,"href":"https:\/\/www.theamourgynoircode.org\/fr\/wp-json\/wp\/v2\/pages\/1195\/revisions\/6182"}],"wp:attachment":[{"href":"https:\/\/www.theamourgynoircode.org\/fr\/wp-json\/wp\/v2\/media?parent=1195"}],"curies":[{"name":"wp","href":"https:\/\/api.w.org\/{rel}","templated":true}]}}