{"id":5114,"date":"2022-09-29T06:49:04","date_gmt":"2022-09-29T10:49:04","guid":{"rendered":"http:\/\/www.theamourgynoircode.org\/?page_id=5114"},"modified":"2025-02-11T08:50:06","modified_gmt":"2025-02-11T13:50:06","slug":"why","status":"publish","type":"page","link":"https:\/\/www.theamourgynoircode.org\/fr\/why\/","title":{"rendered":"POURQUOI?"},"content":{"rendered":"<div data-elementor-type=\"wp-post\" data-elementor-id=\"5114\" class=\"elementor elementor-5114\">\n\t\t\t\t\t\t<section class=\"elementor-section elementor-top-section elementor-element elementor-element-2884e58 elementor-section-boxed elementor-section-height-default elementor-section-height-default\" data-id=\"2884e58\" data-element_type=\"section\">\n\t\t\t\t\t\t<div class=\"elementor-container elementor-column-gap-extended\">\n\t\t\t\t\t<div class=\"elementor-column elementor-col-50 elementor-top-column elementor-element elementor-element-6648fab sc_inner_width_none sc_content_align_inherit sc_layouts_column_icons_position_left\" data-id=\"6648fab\" data-element_type=\"column\">\n\t\t\t<div class=\"elementor-widget-wrap elementor-element-populated\">\n\t\t\t\t\t\t<div class=\"elementor-element elementor-element-42e495a sc_fly_static elementor-widget elementor-widget-trx_sc_title\" data-id=\"42e495a\" data-element_type=\"widget\" data-widget_type=\"trx_sc_title.default\">\n\t\t\t\t<div class=\"elementor-widget-container\">\n\t\t\t\t\t<div id=\"trx_sc_title_1036335418\"\r\n\t\tclass=\"sc_title color_style_link2 sc_title_decoration\"><h1 class=\"sc_item_title sc_title_title sc_item_title_style_decoration sc_item_title_tag\"><span class=\"sc_item_title_text\">Qu'est-ce que le Code A ?<\/span><\/h1><div class=\"sc_item_descr sc_title_descr\"><p>Le site web est con\u00e7u comme un lieu d'activisme o\u00f9 les FJFPDIG-N et leurs alli\u00e9\u00b7e\u00b7s et accompagnant\u00b7e\u00b7s peuvent se mobiliser pour faire progresser l'\u00e9quit\u00e9 pour les survivant\u00b7e\u00b7s BWGGDT de violence anti-Noir\u00b7e\u00b7s genr\u00e9e. Le Code Amourgynoir, plate-forme num\u00e9rique du mouvement et du projet, centralise les informations et int\u00e8gre les canaux de communication, notamment le blogue et l'infolettre, la plateforme de connaissances, d'apprentissage et d'\u00e9change, qui sont des outils cl\u00e9s de sensibilisation et d'engagement. <\/p>\n<\/div><\/div><!-- \/.sc_title -->\t\t\t\t<\/div>\n\t\t\t\t<\/div>\n\t\t\t\t<div class=\"elementor-element elementor-element-955c3f2 sc_fly_static elementor-widget elementor-widget-spacer\" data-id=\"955c3f2\" data-element_type=\"widget\" data-widget_type=\"spacer.default\">\n\t\t\t\t<div class=\"elementor-widget-container\">\n\t\t\t\t\t\t\t<div class=\"elementor-spacer\">\n\t\t\t<div class=\"elementor-spacer-inner\"><\/div>\n\t\t<\/div>\n\t\t\t\t\t\t<\/div>\n\t\t\t\t<\/div>\n\t\t\t\t<div class=\"elementor-element elementor-element-2222ee7 sc_fly_static elementor-widget elementor-widget-spacer\" data-id=\"2222ee7\" data-element_type=\"widget\" data-widget_type=\"spacer.default\">\n\t\t\t\t<div class=\"elementor-widget-container\">\n\t\t\t\t\t\t\t<div class=\"elementor-spacer\">\n\t\t\t<div class=\"elementor-spacer-inner\"><\/div>\n\t\t<\/div>\n\t\t\t\t\t\t<\/div>\n\t\t\t\t<\/div>\n\t\t\t\t<div class=\"elementor-element elementor-element-0a3b3c1 sc_fly_static elementor-widget elementor-widget-trx_sc_title\" data-id=\"0a3b3c1\" data-element_type=\"widget\" data-widget_type=\"trx_sc_title.default\">\n\t\t\t\t<div class=\"elementor-widget-container\">\n\t\t\t\t\t<div id=\"trx_sc_title_1433928742\"\r\n\t\tclass=\"sc_title color_style_link2 sc_title_decoration\"><h1 class=\"sc_item_title sc_title_title sc_item_title_style_decoration sc_item_title_tag\"><span class=\"sc_item_title_text\">Pourquoi est-ce n\u00e9cessaire ?<\/span><\/h1><\/div><!-- \/.sc_title -->\t\t\t\t<\/div>\n\t\t\t\t<\/div>\n\t\t\t\t<div class=\"elementor-element elementor-element-637e2f2 sc_fly_static elementor-widget elementor-widget-spacer\" data-id=\"637e2f2\" data-element_type=\"widget\" data-widget_type=\"spacer.default\">\n\t\t\t\t<div class=\"elementor-widget-container\">\n\t\t\t\t\t\t\t<div class=\"elementor-spacer\">\n\t\t\t<div class=\"elementor-spacer-inner\"><\/div>\n\t\t<\/div>\n\t\t\t\t\t\t<\/div>\n\t\t\t\t<\/div>\n\t\t\t\t<div class=\"elementor-element elementor-element-98c816b sc_fly_static elementor-widget elementor-widget-text-editor\" data-id=\"98c816b\" data-element_type=\"widget\" data-widget_type=\"text-editor.default\">\n\t\t\t\t<div class=\"elementor-widget-container\">\n\t\t\t\t\t\t\t\t\t<p>En d\u00e9pit du fait que les FJFPDIG-N sont toujours \u00e0 l'avant-garde des mouvements de justice sociale :<\/p><ul><li>Le discours des mouvements f\u00e9ministes est domin\u00e9 par les femmes blanches occidentales cisgenres et h\u00e9t\u00e9rosexuelles.<\/li><li>Le discours dominant sur les Noir\u00b7e\u00b7s, les droits civiques et les mouvements antiracistes est domin\u00e9 par des hommes h\u00e9t\u00e9rosexuels occidentaux noirs cisgenres.<\/li><li>Le discours dominant efface les voix, corps et exp\u00e9riences des survivant\u00b7e\u00b7s de trafic humain qui nous ressemblent.<\/li><li>\u25cf\tNneka a si\u00e9g\u00e9 au Conseil consultatif f\u00e9d\u00e9ral sur les violences genr\u00e9es et a pos\u00e9 \u00e0 plusieurs reprises la question suivante : \u00ab Qu'en est-il des FJFPDIG-N ?\u00bb.<\/li><\/ul>\t\t\t\t\t\t\t\t<\/div>\n\t\t\t\t<\/div>\n\t\t\t\t\t<\/div>\n\t\t<\/div>\n\t\t\t\t<div class=\"elementor-column elementor-col-50 elementor-top-column elementor-element elementor-element-f69a865 sc_inner_width_none sc_content_align_inherit sc_layouts_column_icons_position_left elementor-invisible\" data-id=\"f69a865\" data-element_type=\"column\" data-settings=\"{&quot;animation&quot;:&quot;fadeInRight&quot;,&quot;animation_mobile&quot;:&quot;none&quot;,&quot;animation_delay&quot;:200}\">\n\t\t\t<div class=\"elementor-widget-wrap elementor-element-populated\">\n\t\t\t\t\t\t<div class=\"elementor-element elementor-element-69c5d74 sc_fly_static elementor-widget elementor-widget-trx_sc_title\" data-id=\"69c5d74\" data-element_type=\"widget\" data-widget_type=\"trx_sc_title.default\">\n\t\t\t\t<div class=\"elementor-widget-container\">\n\t\t\t\t\t<div id=\"trx_sc_title_1832185364\"\r\n\t\tclass=\"sc_title color_style_link2 sc_title_decoration\"><h1 class=\"sc_item_title sc_title_title sc_item_title_style_decoration sc_item_title_tag\"><span class=\"sc_item_title_text\">Nos principes fondamentaux<\/span><\/h1><\/div><!-- \/.sc_title -->\t\t\t\t<\/div>\n\t\t\t\t<\/div>\n\t\t\t\t<div class=\"elementor-element elementor-element-125a21f sc_fly_static elementor-widget elementor-widget-spacer\" data-id=\"125a21f\" data-element_type=\"widget\" data-widget_type=\"spacer.default\">\n\t\t\t\t<div class=\"elementor-widget-container\">\n\t\t\t\t\t\t\t<div class=\"elementor-spacer\">\n\t\t\t<div class=\"elementor-spacer-inner\"><\/div>\n\t\t<\/div>\n\t\t\t\t\t\t<\/div>\n\t\t\t\t<\/div>\n\t\t\t\t<div class=\"elementor-element elementor-element-ce75555 sc_fly_static elementor-widget elementor-widget-image\" data-id=\"ce75555\" data-element_type=\"widget\" data-widget_type=\"image.default\">\n\t\t\t\t<div class=\"elementor-widget-container\">\n\t\t\t\t\t\t\t\t\t\t\t\t\t\t\t<img decoding=\"async\" src=\"https:\/\/www.theamourgynoircode.org\/wp-content\/uploads\/2022\/09\/pexels-life-matters-4613878-scaled.jpeg\" title=\"pexels-life-matters-4613878\" alt=\"pexels-life-matters-4613878\" loading=\"lazy\" \/>\t\t\t\t\t\t\t\t\t\t\t\t\t\t\t<\/div>\n\t\t\t\t<\/div>\n\t\t\t\t<div class=\"elementor-element elementor-element-f9f7b37 sc_fly_static elementor-widget elementor-widget-spacer\" data-id=\"f9f7b37\" data-element_type=\"widget\" data-widget_type=\"spacer.default\">\n\t\t\t\t<div class=\"elementor-widget-container\">\n\t\t\t\t\t\t\t<div class=\"elementor-spacer\">\n\t\t\t<div class=\"elementor-spacer-inner\"><\/div>\n\t\t<\/div>\n\t\t\t\t\t\t<\/div>\n\t\t\t\t<\/div>\n\t\t\t\t<div class=\"elementor-element elementor-element-7001b42 sc_fly_static elementor-widget elementor-widget-progress\" data-id=\"7001b42\" data-element_type=\"widget\" data-widget_type=\"progress.default\">\n\t\t\t\t<div class=\"elementor-widget-container\">\n\t\t\t\t\t\t\t\t<span class=\"elementor-title\" id=\"elementor-progress-bar-7001b42\">\n\t\t\t\tGuider avec amour, gentillesse et compassion\t\t\t<\/span>\n\t\t\n\t\t<div aria-labelledby=\"elementor-progress-bar-7001b42\" class=\"elementor-progress-wrapper\" role=\"progressbar\" aria-valuemin=\"0\" aria-valuemax=\"100\" aria-valuenow=\"100\">\n\t\t\t<div class=\"elementor-progress-bar\" data-max=\"100\">\n\t\t\t\t<span class=\"elementor-progress-text\"><\/span>\n\t\t\t\t\t\t\t<\/div>\n\t\t<\/div>\n\t\t\t\t\t\t<\/div>\n\t\t\t\t<\/div>\n\t\t\t\t<div class=\"elementor-element elementor-element-9700770 sc_fly_static elementor-widget elementor-widget-progress\" data-id=\"9700770\" data-element_type=\"widget\" data-widget_type=\"progress.default\">\n\t\t\t\t<div class=\"elementor-widget-container\">\n\t\t\t\t\t\t\t\t<span class=\"elementor-title\" id=\"elementor-progress-bar-9700770\">\n\t\t\t\tC\u00e9l\u00e9brer la diversit\u00e9 de notre patrimoine culturel\t\t\t<\/span>\n\t\t\n\t\t<div aria-labelledby=\"elementor-progress-bar-9700770\" class=\"elementor-progress-wrapper\" role=\"progressbar\" aria-valuemin=\"0\" aria-valuemax=\"100\" aria-valuenow=\"100\">\n\t\t\t<div class=\"elementor-progress-bar\" data-max=\"100\">\n\t\t\t\t<span class=\"elementor-progress-text\"><\/span>\n\t\t\t\t\t\t\t<\/div>\n\t\t<\/div>\n\t\t\t\t\t\t<\/div>\n\t\t\t\t<\/div>\n\t\t\t\t<div class=\"elementor-element elementor-element-9a7e3cf sc_fly_static elementor-widget elementor-widget-progress\" data-id=\"9a7e3cf\" data-element_type=\"widget\" data-widget_type=\"progress.default\">\n\t\t\t\t<div class=\"elementor-widget-container\">\n\t\t\t\t\t\t\t\t<span class=\"elementor-title\" id=\"elementor-progress-bar-9a7e3cf\">\n\t\t\t\tSoutenir l'expression de la v\u00e9rit\u00e9 et la transformation de la communaut\u00e9\t\t\t<\/span>\n\t\t\n\t\t<div aria-labelledby=\"elementor-progress-bar-9a7e3cf\" class=\"elementor-progress-wrapper\" role=\"progressbar\" aria-valuemin=\"0\" aria-valuemax=\"100\" aria-valuenow=\"100\">\n\t\t\t<div class=\"elementor-progress-bar\" data-max=\"100\">\n\t\t\t\t<span class=\"elementor-progress-text\"><\/span>\n\t\t\t\t\t\t\t<\/div>\n\t\t<\/div>\n\t\t\t\t\t\t<\/div>\n\t\t\t\t<\/div>\n\t\t\t\t<div class=\"elementor-element elementor-element-ecefb9c sc_fly_static elementor-widget elementor-widget-progress\" data-id=\"ecefb9c\" data-element_type=\"widget\" data-widget_type=\"progress.default\">\n\t\t\t\t<div class=\"elementor-widget-container\">\n\t\t\t\t\t\t\t\t<span class=\"elementor-title\" id=\"elementor-progress-bar-ecefb9c\">\n\t\t\t\tSe soutenir mutuellement gr\u00e2ce \u00e0 la sagesse curative\t\t\t<\/span>\n\t\t\n\t\t<div aria-labelledby=\"elementor-progress-bar-ecefb9c\" class=\"elementor-progress-wrapper\" role=\"progressbar\" aria-valuemin=\"0\" aria-valuemax=\"100\" aria-valuenow=\"100\">\n\t\t\t<div class=\"elementor-progress-bar\" data-max=\"100\">\n\t\t\t\t<span class=\"elementor-progress-text\"><\/span>\n\t\t\t\t\t\t\t<\/div>\n\t\t<\/div>\n\t\t\t\t\t\t<\/div>\n\t\t\t\t<\/div>\n\t\t\t\t<div class=\"elementor-element elementor-element-e32a232 sc_fly_static elementor-widget elementor-widget-progress\" data-id=\"e32a232\" data-element_type=\"widget\" data-widget_type=\"progress.default\">\n\t\t\t\t<div class=\"elementor-widget-container\">\n\t\t\t\t\t\t\t\t<span class=\"elementor-title\" id=\"elementor-progress-bar-e32a232\">\n\t\t\t\tHonorer notre brillance individuelle et collective\t\t\t<\/span>\n\t\t\n\t\t<div aria-labelledby=\"elementor-progress-bar-e32a232\" class=\"elementor-progress-wrapper\" role=\"progressbar\" aria-valuemin=\"0\" aria-valuemax=\"100\" aria-valuenow=\"100\">\n\t\t\t<div class=\"elementor-progress-bar\" data-max=\"100\">\n\t\t\t\t<span class=\"elementor-progress-text\"><\/span>\n\t\t\t\t\t\t\t<\/div>\n\t\t<\/div>\n\t\t\t\t\t\t<\/div>\n\t\t\t\t<\/div>\n\t\t\t\t<div class=\"elementor-element elementor-element-0aa87c0 sc_fly_static elementor-widget elementor-widget-progress\" data-id=\"0aa87c0\" data-element_type=\"widget\" data-widget_type=\"progress.default\">\n\t\t\t\t<div class=\"elementor-widget-container\">\n\t\t\t\t\t\t\t\t<span class=\"elementor-title\" id=\"elementor-progress-bar-0aa87c0\">\n\t\t\t\tSe manifester en tant que personnes authentiques et sans complexe\t\t\t<\/span>\n\t\t\n\t\t<div aria-labelledby=\"elementor-progress-bar-0aa87c0\" class=\"elementor-progress-wrapper\" role=\"progressbar\" aria-valuemin=\"0\" aria-valuemax=\"100\" aria-valuenow=\"100\">\n\t\t\t<div class=\"elementor-progress-bar\" data-max=\"100\">\n\t\t\t\t<span class=\"elementor-progress-text\"><\/span>\n\t\t\t\t\t\t\t<\/div>\n\t\t<\/div>\n\t\t\t\t\t\t<\/div>\n\t\t\t\t<\/div>\n\t\t\t\t<div class=\"elementor-element elementor-element-b6a6e0b sc_fly_static elementor-widget elementor-widget-progress\" data-id=\"b6a6e0b\" data-element_type=\"widget\" data-widget_type=\"progress.default\">\n\t\t\t\t<div class=\"elementor-widget-container\">\n\t\t\t\t\t\t\t\t<span class=\"elementor-title\" id=\"elementor-progress-bar-b6a6e0b\">\n\t\t\t\tLaisser un h\u00e9ritage qui inspire et donne de l'espoir \u00e0 la prochaine g\u00e9n\u00e9ration\t\t\t<\/span>\n\t\t\n\t\t<div aria-labelledby=\"elementor-progress-bar-b6a6e0b\" class=\"elementor-progress-wrapper\" role=\"progressbar\" aria-valuemin=\"0\" aria-valuemax=\"100\" aria-valuenow=\"100\">\n\t\t\t<div class=\"elementor-progress-bar\" data-max=\"100\">\n\t\t\t\t<span class=\"elementor-progress-text\"><\/span>\n\t\t\t\t\t\t\t<\/div>\n\t\t<\/div>\n\t\t\t\t\t\t<\/div>\n\t\t\t\t<\/div>\n\t\t\t\t\t<\/div>\n\t\t<\/div>\n\t\t\t\t\t<\/div>\n\t\t<\/section>\n\t\t\t\t<section class=\"elementor-section elementor-top-section elementor-element elementor-element-f603488 elementor-section-boxed elementor-section-height-default elementor-section-height-default\" data-id=\"f603488\" data-element_type=\"section\">\n\t\t\t\t\t\t<div class=\"elementor-container elementor-column-gap-extended\">\n\t\t\t\t\t<div class=\"elementor-column elementor-col-100 elementor-top-column elementor-element elementor-element-b23ca3e sc_inner_width_none sc_content_align_inherit sc_layouts_column_icons_position_left\" data-id=\"b23ca3e\" data-element_type=\"column\">\n\t\t\t<div class=\"elementor-widget-wrap elementor-element-populated\">\n\t\t\t\t\t\t<div class=\"elementor-element elementor-element-59d8cba sc_fly_static elementor-widget elementor-widget-trx_sc_title\" data-id=\"59d8cba\" data-element_type=\"widget\" data-widget_type=\"trx_sc_title.default\">\n\t\t\t\t<div class=\"elementor-widget-container\">\n\t\t\t\t\t<div id=\"trx_sc_title_155445864\"\r\n\t\tclass=\"sc_title color_style_link2 sc_title_decoration\"><h1 class=\"sc_item_title sc_title_title sc_item_title_style_decoration sc_item_title_tag\"><span class=\"sc_item_title_text\">Quel est l'objectif ?<\/span><\/h1><div class=\"sc_item_descr sc_title_descr\"><p>L'objectif du Code A est de <b>d\u00e9stabiliser et d\u2019\u00e9radiquer<\/b> la misogynoir.<\/p>\n<\/div><\/div><!-- \/.sc_title -->\t\t\t\t<\/div>\n\t\t\t\t<\/div>\n\t\t\t\t<section class=\"elementor-section elementor-inner-section elementor-element elementor-element-3fc55de elementor-section-boxed elementor-section-height-default elementor-section-height-default\" data-id=\"3fc55de\" data-element_type=\"section\">\n\t\t\t\t\t\t<div class=\"elementor-container elementor-column-gap-extended\">\n\t\t\t\t\t<div class=\"elementor-column elementor-col-50 elementor-inner-column elementor-element elementor-element-0d1909f sc_inner_width_none sc_content_align_inherit sc_layouts_column_icons_position_left\" data-id=\"0d1909f\" data-element_type=\"column\">\n\t\t\t<div class=\"elementor-widget-wrap elementor-element-populated\">\n\t\t\t\t\t\t<div class=\"elementor-element elementor-element-af5eab6 sc_fly_static elementor-widget elementor-widget-image\" data-id=\"af5eab6\" data-element_type=\"widget\" data-widget_type=\"image.default\">\n\t\t\t\t<div class=\"elementor-widget-container\">\n\t\t\t\t\t\t\t\t\t\t\t\t\t\t\t<img fetchpriority=\"high\" decoding=\"async\" width=\"1000\" height=\"527\" src=\"https:\/\/www.theamourgynoircode.org\/wp-content\/uploads\/2022\/11\/moya-bailey.jpeg\" class=\"attachment-large size-large wp-image-5536\" alt=\"\" srcset=\"https:\/\/www.theamourgynoircode.org\/wp-content\/uploads\/2022\/11\/moya-bailey.jpeg 1000w, https:\/\/www.theamourgynoircode.org\/wp-content\/uploads\/2022\/11\/moya-bailey-300x158.jpeg 300w, https:\/\/www.theamourgynoircode.org\/wp-content\/uploads\/2022\/11\/moya-bailey-768x405.jpeg 768w, https:\/\/www.theamourgynoircode.org\/wp-content\/uploads\/2022\/11\/moya-bailey-370x195.jpeg 370w, https:\/\/www.theamourgynoircode.org\/wp-content\/uploads\/2022\/11\/moya-bailey-770x406.jpeg 770w\" sizes=\"(max-width: 1000px) 100vw, 1000px\" \/>\t\t\t\t\t\t\t\t\t\t\t\t\t\t\t<\/div>\n\t\t\t\t<\/div>\n\t\t\t\t\t<\/div>\n\t\t<\/div>\n\t\t\t\t<div class=\"elementor-column elementor-col-50 elementor-inner-column elementor-element elementor-element-c76cc3e sc_inner_width_none sc_content_align_inherit sc_layouts_column_icons_position_left\" data-id=\"c76cc3e\" data-element_type=\"column\">\n\t\t\t<div class=\"elementor-widget-wrap elementor-element-populated\">\n\t\t\t\t\t\t<div class=\"elementor-element elementor-element-59b6f03 sc_fly_static elementor-widget elementor-widget-text-editor\" data-id=\"59b6f03\" data-element_type=\"widget\" data-widget_type=\"text-editor.default\">\n\t\t\t\t<div class=\"elementor-widget-container\">\n\t\t\t\t\t\t\t\t\t<p class=\"translation-block\">En 2008, Moya Bailey a introduit le terme \u00ab misogynoir \u00bb pour d\u00e9crire \u00ab la misogynie raciste anti-Noir\u00b7e\u00b7s que subissent les femmes noires \u00bb. En utilisant le terme \u00ab femmes noires \u00bb, Moya Bailey inclut \u00ab les personnes noires non binaires, agenres et \u00e0 genre variable dont les exp\u00e9riences de misogynoir sont intimement li\u00e9es au fait qu'elles sont m\u00e9genr\u00e9es \u00bb.<\/p><p>\u00ab Miso \u00bb = haine des femmes ; \u00ab Noir \u00bb = personne noire, fait r\u00e9f\u00e9rence au regard masculin dominant dans les mouvements de lutte contre le racisme. <a href=\"https:\/\/www.amazon.com\/Misogynoir-Transformed-Digital-Resistance-Intersections\/dp\/1479865109\" target=\"_blank\" rel=\"noopener\"><em>Misogynoir Transformed: Black Women\u2019s Digital Resistance, <\/em>Bailey (18\u201319)<\/a><\/p>\t\t\t\t\t\t\t\t<\/div>\n\t\t\t\t<\/div>\n\t\t\t\t\t<\/div>\n\t\t<\/div>\n\t\t\t\t\t<\/div>\n\t\t<\/section>\n\t\t\t\t<div class=\"elementor-element elementor-element-3f72dae sc_fly_static elementor-widget elementor-widget-text-editor\" data-id=\"3f72dae\" data-element_type=\"widget\" data-widget_type=\"text-editor.default\">\n\t\t\t\t<div class=\"elementor-widget-container\">\n\t\t\t\t\t\t\t\t\t<h6>\u201cMiso\u201d = hatred of women; \u201cnoir\u201d = black and addresses the dominant male gaze in anti-racism movements<\/h6><p>Dre Bailey retrace la misogynoir aux st\u00e9r\u00e9otypes sexistes et racistes des femmes noires r\u00e9duites en esclavage pour l\u00e9gitimer l'esclavage et le recours au viol et \u00e0 d'autres formes de violence sexiste anti-Noir\u00b7e\u00b7s pour maintenir l'institution de l'esclavage. Les st\u00e9r\u00e9otypes incluent Sapphire (la femme noire en col\u00e8re), Jezebel (la tentatrice sexuelle) et Mammy (Tante Jemima).<\/p>\t\t\t\t\t\t\t\t<\/div>\n\t\t\t\t<\/div>\n\t\t\t\t\t<\/div>\n\t\t<\/div>\n\t\t\t\t\t<\/div>\n\t\t<\/section>\n\t\t\t\t<section class=\"elementor-section elementor-top-section elementor-element elementor-element-7067adc elementor-section-boxed elementor-section-height-default elementor-section-height-default\" data-id=\"7067adc\" data-element_type=\"section\">\n\t\t\t\t\t\t<div class=\"elementor-container elementor-column-gap-extended\">\n\t\t\t\t\t<div class=\"elementor-column elementor-col-100 elementor-top-column elementor-element elementor-element-d4eb17f sc_inner_width_none sc_content_align_inherit sc_layouts_column_icons_position_left\" data-id=\"d4eb17f\" data-element_type=\"column\">\n\t\t\t<div class=\"elementor-widget-wrap elementor-element-populated\">\n\t\t\t\t\t\t<div class=\"elementor-element elementor-element-0dbdf05 sc_fly_static elementor-widget elementor-widget-trx_sc_title\" data-id=\"0dbdf05\" data-element_type=\"widget\" data-widget_type=\"trx_sc_title.default\">\n\t\t\t\t<div class=\"elementor-widget-container\">\n\t\t\t\t\t<div id=\"trx_sc_title_741562728\"\r\n\t\tclass=\"sc_title color_style_link2 sc_title_decoration\"><h1 class=\"sc_item_title sc_title_title sc_item_title_style_decoration sc_item_title_tag\"><span class=\"sc_item_title_text\">Qui nous finance et nous appuie ?<\/span><\/h1><\/div><!-- \/.sc_title -->\t\t\t\t<\/div>\n\t\t\t\t<\/div>\n\t\t\t\t<section class=\"elementor-section elementor-inner-section elementor-element elementor-element-0fec5fb elementor-section-boxed elementor-section-height-default elementor-section-height-default\" data-id=\"0fec5fb\" data-element_type=\"section\">\n\t\t\t\t\t\t<div class=\"elementor-container elementor-column-gap-extended\">\n\t\t\t\t\t<div class=\"elementor-column elementor-col-100 elementor-inner-column elementor-element elementor-element-7a65fd7 sc_inner_width_none sc_content_align_inherit sc_layouts_column_icons_position_left\" data-id=\"7a65fd7\" data-element_type=\"column\">\n\t\t\t<div class=\"elementor-widget-wrap elementor-element-populated\">\n\t\t\t\t\t\t<div class=\"elementor-element elementor-element-c1f5a79 sc_fly_static elementor-widget elementor-widget-text-editor\" data-id=\"c1f5a79\" data-element_type=\"widget\" data-widget_type=\"text-editor.default\">\n\t\t\t\t<div class=\"elementor-widget-container\">\n\t\t\t\t\t\t\t\t\t<p class=\"translation-block\">Le Code Amourgynoir est dirig\u00e9 par WomenathecentrE, une organisation \u00e0 but non lucratif cr\u00e9\u00e9e par et pour des survivant\u00b7e\u00b7s de violences genr\u00e9es qui mettent \u00e0 profit leurs voix et leurs exp\u00e9riences v\u00e9cues pour susciter un changement social. Fond\u00e9e en 2008, WomenatthecentrE s'appuie sur ses programmes d'adh\u00e9sion gratuite et ses r\u00e9seaux de soutien par les pairs pour favoriser les liens communautaires et la gu\u00e9rison collective. Comptant plus de 6 000 membres dans le monde, nous utilisons notre exp\u00e9rience v\u00e9cue et notre expertise pour changer le monde, en nous investissant dans des initiatives de sensibilisation sur le plan personnel, social et politique.<\/p><p>WomenatthecentrE s'engage \u00e9galement dans d'importantes recherches communautaires, d\u00e9velopp\u00e9es et dirig\u00e9es par des survivantes, sur des questions qui nous tiennent \u00e0 c\u0153ur. La violence sexiste envers les Noir\u00b7e\u00b7s (aBGBV) est l'une de ces pr\u00e9occupations.<\/p><p class=\"translation-block\">Le projet est financ\u00e9 par le minist\u00e8re f\u00e9d\u00e9ral des femmes et de l'\u00e9galit\u00e9 des genres (FEGC).<\/p>\t\t\t\t\t\t\t\t<\/div>\n\t\t\t\t<\/div>\n\t\t\t\t\t<\/div>\n\t\t<\/div>\n\t\t\t\t\t<\/div>\n\t\t<\/section>\n\t\t\t\t<div class=\"elementor-element elementor-element-053c83f sc_fly_static elementor-widget elementor-widget-spacer\" data-id=\"053c83f\" data-element_type=\"widget\" data-widget_type=\"spacer.default\">\n\t\t\t\t<div class=\"elementor-widget-container\">\n\t\t\t\t\t\t\t<div class=\"elementor-spacer\">\n\t\t\t<div class=\"elementor-spacer-inner\"><\/div>\n\t\t<\/div>\n\t\t\t\t\t\t<\/div>\n\t\t\t\t<\/div>\n\t\t\t\t\t<\/div>\n\t\t<\/div>\n\t\t\t\t\t<\/div>\n\t\t<\/section>\n\t\t\t\t<section class=\"elementor-section elementor-top-section elementor-element elementor-element-1cbb665 elementor-section-boxed elementor-section-height-default elementor-section-height-default\" data-id=\"1cbb665\" data-element_type=\"section\">\n\t\t\t\t\t\t<div class=\"elementor-container elementor-column-gap-extended\">\n\t\t\t\t\t<div class=\"elementor-column elementor-col-100 elementor-top-column elementor-element elementor-element-bec8394 sc_inner_width_none sc_content_align_inherit sc_layouts_column_icons_position_left\" data-id=\"bec8394\" data-element_type=\"column\">\n\t\t\t<div class=\"elementor-widget-wrap elementor-element-populated\">\n\t\t\t\t\t\t\t<\/div>\n\t\t<\/div>\n\t\t\t\t\t<\/div>\n\t\t<\/section>\n\t\t\t\t<\/div>","protected":false},"excerpt":{"rendered":"<p>What is The A Code? The vision for the website is that it serves as a site of activism where BWGGDT and allies\/accomplices can mobilize to advance equity for BWGGDT survivors of anti-Black&hellip;<\/p>","protected":false},"author":1,"featured_media":0,"parent":0,"menu_order":0,"comment_status":"closed","ping_status":"closed","template":"","meta":{"footnotes":""},"class_list":["post-5114","page","type-page","status-publish","hentry"],"_links":{"self":[{"href":"https:\/\/www.theamourgynoircode.org\/fr\/wp-json\/wp\/v2\/pages\/5114","targetHints":{"allow":["GET"]}}],"collection":[{"href":"https:\/\/www.theamourgynoircode.org\/fr\/wp-json\/wp\/v2\/pages"}],"about":[{"href":"https:\/\/www.theamourgynoircode.org\/fr\/wp-json\/wp\/v2\/types\/page"}],"author":[{"embeddable":true,"href":"https:\/\/www.theamourgynoircode.org\/fr\/wp-json\/wp\/v2\/users\/1"}],"replies":[{"embeddable":true,"href":"https:\/\/www.theamourgynoircode.org\/fr\/wp-json\/wp\/v2\/comments?post=5114"}],"version-history":[{"count":28,"href":"https:\/\/www.theamourgynoircode.org\/fr\/wp-json\/wp\/v2\/pages\/5114\/revisions"}],"predecessor-version":[{"id":6155,"href":"https:\/\/www.theamourgynoircode.org\/fr\/wp-json\/wp\/v2\/pages\/5114\/revisions\/6155"}],"wp:attachment":[{"href":"https:\/\/www.theamourgynoircode.org\/fr\/wp-json\/wp\/v2\/media?parent=5114"}],"curies":[{"name":"wp","href":"https:\/\/api.w.org\/{rel}","templated":true}]}}