{"id":5139,"date":"2022-09-29T07:56:55","date_gmt":"2022-09-29T11:56:55","guid":{"rendered":"http:\/\/www.theamourgynoircode.org\/?page_id=5139"},"modified":"2025-02-11T08:51:50","modified_gmt":"2025-02-11T13:51:50","slug":"what","status":"publish","type":"page","link":"https:\/\/www.theamourgynoircode.org\/fr\/what\/","title":{"rendered":"QUOI?"},"content":{"rendered":"<div data-elementor-type=\"wp-post\" data-elementor-id=\"5139\" class=\"elementor elementor-5139\">\n\t\t\t\t\t\t<section class=\"elementor-section elementor-top-section elementor-element elementor-element-f603488 elementor-section-boxed elementor-section-height-default elementor-section-height-default\" data-id=\"f603488\" data-element_type=\"section\">\n\t\t\t\t\t\t<div class=\"elementor-container elementor-column-gap-extended\">\n\t\t\t\t\t<div class=\"elementor-column elementor-col-100 elementor-top-column elementor-element elementor-element-b23ca3e sc_inner_width_none sc_content_align_inherit sc_layouts_column_icons_position_left\" data-id=\"b23ca3e\" data-element_type=\"column\">\n\t\t\t<div class=\"elementor-widget-wrap elementor-element-populated\">\n\t\t\t\t\t\t<div class=\"elementor-element elementor-element-59d8cba sc_fly_static elementor-widget elementor-widget-trx_sc_title\" data-id=\"59d8cba\" data-element_type=\"widget\" data-widget_type=\"trx_sc_title.default\">\n\t\t\t\t<div class=\"elementor-widget-container\">\n\t\t\t\t\t<div id=\"trx_sc_title_564992458\"\r\n\t\tclass=\"sc_title color_style_link2 sc_title_decoration\"><span class=\"sc_item_subtitle sc_title_subtitle sc_item_subtitle_above sc_item_title_style_decoration\"><span class=\"subtitle_text\">D\u00e9finition<\/span><\/span><h1 class=\"sc_item_title sc_title_title sc_item_title_style_decoration sc_item_title_tag\"><span class=\"sc_item_title_text\">Qu'est-ce que Amourgynoir ?<\/span><\/h1><div class=\"sc_item_descr sc_title_descr\"><p>Some description text for this item<\/p>\n<\/div><\/div><!-- \/.sc_title -->\t\t\t\t<\/div>\n\t\t\t\t<\/div>\n\t\t\t\t<div class=\"elementor-element elementor-element-605356e elementor-drop-cap-yes elementor-drop-cap-view-default sc_fly_static elementor-widget elementor-widget-text-editor\" data-id=\"605356e\" data-element_type=\"widget\" data-settings=\"{&quot;drop_cap&quot;:&quot;yes&quot;}\" data-widget_type=\"text-editor.default\">\n\t\t\t\t<div class=\"elementor-widget-container\">\n\t\t\t\t\t\t\t\t\t<p><span class=\"trx_addons_dropcap trx_addons_dropcap_style_1\">1<\/span>C'est mettre l'accent sur les exp\u00e9riences v\u00e9cues par les femmes, les jeunes filles, les personnes de genre divers et les personnes trans noir\u00b7e\u00b7s, et de lutter contre la violence anti-Noir\u00b7e\u00b7s genr\u00e9e.<\/p><p><span class=\"trx_addons_dropcap trx_addons_dropcap_style_1\">2<\/span>C'est un appel \u00e0 l'action qui fait appel \u00e0 l'amour pour d\u00e9stabiliser la misogynoir et lutter contre la haine syst\u00e9mique \u00e0 l'\u00e9gard des femmes, des jeunes filles et des personnes noires de divers genres.<\/p><p>Les femmes, jeunes filles, personnes de diverses identit\u00e9s de genre et personnes noires (FJFPDIG-N) sont toujours \u00e0 l\u2019avant-garde des mouvements de r\u00e9sistance et d'activisme en mati\u00e8re de justice sociale. Ce mouvement n'est pas diff\u00e9rent.<\/p><p>Le Canada n'a pas encore atteint l'\u00e9quit\u00e9 raciale et de genre. Il continue d'ignorer son histoire coloniale et patriarcale, ce qui se traduit par une violence persistante, en particulier \u00e0 l'\u00e9gard des communaut\u00e9s noires, dont plusieurs vivent sur ces territoires depuis des si\u00e8cles.<\/p><p>Nous avons \u00e9labor\u00e9 le Code Amourgynoir pour en faire un mouvement social, un cadre, une promesse et une r\u00e9volution.<\/p>\t\t\t\t\t\t\t\t<\/div>\n\t\t\t\t<\/div>\n\t\t\t\t\t<\/div>\n\t\t<\/div>\n\t\t\t\t\t<\/div>\n\t\t<\/section>\n\t\t\t\t<section class=\"elementor-section elementor-top-section elementor-element elementor-element-62f09f5 elementor-section-boxed elementor-section-height-default elementor-section-height-default\" data-id=\"62f09f5\" data-element_type=\"section\">\n\t\t\t\t\t\t<div class=\"elementor-container elementor-column-gap-extended\">\n\t\t\t\t\t<div class=\"elementor-column elementor-col-100 elementor-top-column elementor-element elementor-element-6eda285 sc_inner_width_none sc_content_align_inherit sc_layouts_column_icons_position_left\" data-id=\"6eda285\" data-element_type=\"column\">\n\t\t\t<div class=\"elementor-widget-wrap elementor-element-populated\">\n\t\t\t\t\t\t<div class=\"elementor-element elementor-element-dbf8407 sc_fly_static elementor-widget elementor-widget-trx_sc_title\" data-id=\"dbf8407\" data-element_type=\"widget\" data-widget_type=\"trx_sc_title.default\">\n\t\t\t\t<div class=\"elementor-widget-container\">\n\t\t\t\t\t<div id=\"trx_sc_title_664686930\"\r\n\t\tclass=\"sc_title color_style_link2 sc_title_decoration\"><span class=\"sc_item_subtitle sc_title_subtitle sc_item_subtitle_above sc_item_title_style_decoration\"><span class=\"subtitle_text\">Subtitle<\/span><\/span><h1 class=\"sc_item_title sc_title_title sc_item_title_style_decoration sc_item_title_tag\"><span class=\"sc_item_title_text\">Pourquoi ce mot est-il important ?<\/span><\/h1><div class=\"sc_item_descr sc_title_descr\"><p>Some description text for this item<\/p>\n<\/div><\/div><!-- \/.sc_title -->\t\t\t\t<\/div>\n\t\t\t\t<\/div>\n\t\t\t\t<section class=\"elementor-section elementor-inner-section elementor-element elementor-element-5347f15 elementor-section-boxed elementor-section-height-default elementor-section-height-default\" data-id=\"5347f15\" data-element_type=\"section\">\n\t\t\t\t\t\t<div class=\"elementor-container elementor-column-gap-extended\">\n\t\t\t\t\t<div class=\"elementor-column elementor-col-50 elementor-inner-column elementor-element elementor-element-71b24f8 sc_inner_width_none sc_content_align_inherit sc_layouts_column_icons_position_left\" data-id=\"71b24f8\" data-element_type=\"column\">\n\t\t\t<div class=\"elementor-widget-wrap elementor-element-populated\">\n\t\t\t\t\t\t<div class=\"elementor-element elementor-element-380cca5 sc_fly_static elementor-widget elementor-widget-text-editor\" data-id=\"380cca5\" data-element_type=\"widget\" data-widget_type=\"text-editor.default\">\n\t\t\t\t<div class=\"elementor-widget-container\">\n\t\t\t\t\t\t\t\t\t<p>Amourgynoir est un terme cr\u00e9\u00e9 par Nneka MacGregor (2019), un verbe qui d\u00e9finit les actions entreprises pour \u00e9lever et centrer de mani\u00e8re proactive, d\u00e9lib\u00e9r\u00e9e et intentionnelle les femmes, les jeunes filles, les personnes de genre divers et les personnes trans qui s'identifient \u00e0 titre de personnes noires ; pour aimer, aimer, faire confiance, avoir foi et croire en les femmes, les jeunes filles, les personnes de genre divers et les personnes trans qui s'identifient \u00e0 titre de personnes noires.<\/p>\t\t\t\t\t\t\t\t<\/div>\n\t\t\t\t<\/div>\n\t\t\t\t\t<\/div>\n\t\t<\/div>\n\t\t\t\t<div class=\"elementor-column elementor-col-50 elementor-inner-column elementor-element elementor-element-6560319 sc_inner_width_none sc_content_align_inherit sc_layouts_column_icons_position_left\" data-id=\"6560319\" data-element_type=\"column\">\n\t\t\t<div class=\"elementor-widget-wrap elementor-element-populated\">\n\t\t\t\t\t\t<div class=\"elementor-element elementor-element-eaa2d42 sc_fly_static elementor-widget elementor-widget-text-editor\" data-id=\"eaa2d42\" data-element_type=\"widget\" data-widget_type=\"text-editor.default\">\n\t\t\t\t<div class=\"elementor-widget-container\">\n\t\t\t\t\t\t\t\t\t<p class=\"translation-block\">Il s'agit d'un verbe. Amourgynoir souligne l'importance de l'amour et, plus important encore, de l'acte d'aimer les FJFPDIG-N. Cette expression souligne \u00e9galement la n\u00e9cessit\u00e9 de remplacer la haine pour FJFPDIG-N qui est \u00e0 la base de la supr\u00e9matie blanche et de la misogynie, par de l'amour pour les FJFPDIG-N. C\u2019est l\u00e0 la base d'un cadre de responsabilisation et de justice transformateur.<\/p>\t\t\t\t\t\t\t\t<\/div>\n\t\t\t\t<\/div>\n\t\t\t\t\t<\/div>\n\t\t<\/div>\n\t\t\t\t\t<\/div>\n\t\t<\/section>\n\t\t\t\t\t<\/div>\n\t\t<\/div>\n\t\t\t\t\t<\/div>\n\t\t<\/section>\n\t\t\t\t<section class=\"elementor-section elementor-top-section elementor-element elementor-element-7067adc elementor-section-boxed elementor-section-height-default elementor-section-height-default\" data-id=\"7067adc\" data-element_type=\"section\">\n\t\t\t\t\t\t<div class=\"elementor-container elementor-column-gap-extended\">\n\t\t\t\t\t<div class=\"elementor-column elementor-col-100 elementor-top-column elementor-element elementor-element-d4eb17f sc_inner_width_none sc_content_align_inherit sc_layouts_column_icons_position_left\" data-id=\"d4eb17f\" data-element_type=\"column\">\n\t\t\t<div class=\"elementor-widget-wrap elementor-element-populated\">\n\t\t\t\t\t\t<div class=\"elementor-element elementor-element-5ebbc9d sc_fly_static elementor-widget elementor-widget-text-editor\" data-id=\"5ebbc9d\" data-element_type=\"widget\" data-widget_type=\"text-editor.default\">\n\t\t\t\t<div class=\"elementor-widget-container\">\n\t\t\t\t\t\t\t\t\t<p class=\"translation-block\">Amourgynoir et le Code A jouent un r\u00f4le important  parce qu'ils offrent un contre-discours qui remet en question le discours dominant au sujet des survivantes FJFPDIG-N, autant dans des contextes historiques que contemporains car:<\/p><ul class=\"trx_addons_list_custom\"><li>Ils sont men\u00e9s par les survivant\u00b7e\u00b7s et ax\u00e9s sur celles-ci et ceux-ci.<\/li><li>Ils rapportent les v\u00e9rit\u00e9s des exp\u00e9riences des survivant\u00b7e\u00b7s de la violence genr\u00e9e anti-Noire\u00b7s, y compris la violence sanctionn\u00e9e par l'\u00c9tat en r\u00e9ponse \u00e0 la violence sexiste (par exemple, les victimes et survivant\u00b7e\u00b7s Noir\u00b7e\u00b7s sont plus susceptibles d'\u00eatre criminalis\u00e9\u00b7e\u00b7s, les enfants Noir\u00b7e\u00b7s sont plus susceptibles d'\u00eatre appr\u00e9hend\u00e9\u00b7e\u00b7s, le manque de financement pour les services contre la VBG dirig\u00e9s par des Noir\u00b7e\u00b7s et desservant des Noir\u00b7e\u00b7s, etc.)<\/li><li class=\"translation-block\">Ils s'appuie sur les exp\u00e9riences v\u00e9cues par les survivantes de la violence genr\u00e9e, dont les vies sont le th\u00e9\u00e2tre de la supr\u00e9matie blanche et de la r\u00e9sistance des Noir\u00b7e\u00b7s.<\/li><li>Ils ont recours \u00e0 un cadre transformateur de responsabilit\u00e9 et de justice pour changer les conditions qui cr\u00e9ent, renforcent et perp\u00e9tuent les actes de violence \u00e0 l'encontre des victimes de trafic humain.<\/li><li class=\"translation-block\">Ils suscitent l'espoir d'une lib\u00e9ration des FJFPDIG-N et de tous les peuples opprim\u00e9s du Canada.<\/li><\/ul><p>En bref, le Code A reprend l'histoire des survivant\u00b7e\u00b7s FJFPDIG-N de la violence anti-Noire genr\u00e9e  au Canada. Les FJFPDIG-N ont une histoire unique \u00e0 l'intersection des facteurs raciaux, de genre et d'autres facteurs d'identit\u00e9, qui a \u00e9t\u00e9 effac\u00e9e de l'histoire canadienne.<\/p>\t\t\t\t\t\t\t\t<\/div>\n\t\t\t\t<\/div>\n\t\t\t\t\t<\/div>\n\t\t<\/div>\n\t\t\t\t\t<\/div>\n\t\t<\/section>\n\t\t\t\t<\/div>","protected":false},"excerpt":{"rendered":"<p>defining it What is Amourgynoir? Some description text for this item 1To centre the lived experiences of Black women, girls, gender diverse &amp; trans people and combat anti-Black gender-based violence. 2A call to&hellip;<\/p>","protected":false},"author":1,"featured_media":0,"parent":0,"menu_order":0,"comment_status":"closed","ping_status":"closed","template":"","meta":{"footnotes":""},"class_list":["post-5139","page","type-page","status-publish","hentry"],"_links":{"self":[{"href":"https:\/\/www.theamourgynoircode.org\/fr\/wp-json\/wp\/v2\/pages\/5139","targetHints":{"allow":["GET"]}}],"collection":[{"href":"https:\/\/www.theamourgynoircode.org\/fr\/wp-json\/wp\/v2\/pages"}],"about":[{"href":"https:\/\/www.theamourgynoircode.org\/fr\/wp-json\/wp\/v2\/types\/page"}],"author":[{"embeddable":true,"href":"https:\/\/www.theamourgynoircode.org\/fr\/wp-json\/wp\/v2\/users\/1"}],"replies":[{"embeddable":true,"href":"https:\/\/www.theamourgynoircode.org\/fr\/wp-json\/wp\/v2\/comments?post=5139"}],"version-history":[{"count":13,"href":"https:\/\/www.theamourgynoircode.org\/fr\/wp-json\/wp\/v2\/pages\/5139\/revisions"}],"predecessor-version":[{"id":6158,"href":"https:\/\/www.theamourgynoircode.org\/fr\/wp-json\/wp\/v2\/pages\/5139\/revisions\/6158"}],"wp:attachment":[{"href":"https:\/\/www.theamourgynoircode.org\/fr\/wp-json\/wp\/v2\/media?parent=5139"}],"curies":[{"name":"wp","href":"https:\/\/api.w.org\/{rel}","templated":true}]}}