{"id":5540,"date":"2022-11-22T07:00:07","date_gmt":"2022-11-22T12:00:07","guid":{"rendered":"http:\/\/www.theamourgynoircode.org\/?page_id=5540"},"modified":"2025-02-11T09:04:38","modified_gmt":"2025-02-11T14:04:38","slug":"get-involved-as-a-community","status":"publish","type":"page","link":"https:\/\/www.theamourgynoircode.org\/fr\/get-involved-as-a-community\/","title":{"rendered":"S'impliquer en tant que communaut\u00e9"},"content":{"rendered":"<div data-elementor-type=\"wp-post\" data-elementor-id=\"5540\" class=\"elementor elementor-5540\">\n\t\t\t\t\t\t<section class=\"elementor-section elementor-top-section elementor-element elementor-element-5be3786 elementor-section-boxed elementor-section-height-default elementor-section-height-default\" data-id=\"5be3786\" data-element_type=\"section\">\n\t\t\t\t\t\t<div class=\"elementor-container elementor-column-gap-extended\">\n\t\t\t\t\t<div class=\"elementor-column elementor-col-100 elementor-top-column elementor-element elementor-element-de2dc6d sc_inner_width_none sc_content_align_inherit sc_layouts_column_icons_position_left\" data-id=\"de2dc6d\" data-element_type=\"column\">\n\t\t\t<div class=\"elementor-widget-wrap elementor-element-populated\">\n\t\t\t\t\t\t<div class=\"elementor-element elementor-element-0c4b7ce sc_fly_static elementor-widget elementor-widget-trx_sc_title\" data-id=\"0c4b7ce\" data-element_type=\"widget\" data-widget_type=\"trx_sc_title.default\">\n\t\t\t\t<div class=\"elementor-widget-container\">\n\t\t\t\t\t<div id=\"trx_sc_title_1883765377\"\r\n\t\tclass=\"sc_title color_style_link2 sc_title_decoration\"><span class=\"sc_item_subtitle sc_title_subtitle sc_item_subtitle_above sc_item_title_style_decoration\"><span class=\"subtitle_text\">On est l\u00e0 pour vous.<\/span><\/span><h1 class=\"sc_item_title sc_title_title sc_item_title_style_decoration sc_item_title_tag\"><span class=\"sc_item_title_text\">Que fait le Code A pour la communaut\u00e9 ?<\/span><\/h1><div class=\"sc_item_descr sc_title_descr\"><\/div><\/div><!-- \/.sc_title -->\t\t\t\t<\/div>\n\t\t\t\t<\/div>\n\t\t\t\t\t<\/div>\n\t\t<\/div>\n\t\t\t\t\t<\/div>\n\t\t<\/section>\n\t\t\t\t<section class=\"elementor-section elementor-top-section elementor-element elementor-element-2884e58 elementor-section-boxed elementor-section-height-default elementor-section-height-default\" data-id=\"2884e58\" data-element_type=\"section\">\n\t\t\t\t\t\t<div class=\"elementor-container elementor-column-gap-extended\">\n\t\t\t\t\t<div class=\"elementor-column elementor-col-50 elementor-top-column elementor-element elementor-element-d88d40a sc_inner_width_none sc_content_align_inherit sc_layouts_column_icons_position_left\" data-id=\"d88d40a\" data-element_type=\"column\">\n\t\t\t<div class=\"elementor-widget-wrap elementor-element-populated\">\n\t\t\t\t\t\t<div class=\"elementor-element elementor-element-ce75555 sc_fly_static elementor-widget elementor-widget-image\" data-id=\"ce75555\" data-element_type=\"widget\" data-widget_type=\"image.default\">\n\t\t\t\t<div class=\"elementor-widget-container\">\n\t\t\t\t\t\t\t\t\t\t\t\t\t\t\t<img decoding=\"async\" src=\"https:\/\/www.theamourgynoircode.org\/wp-content\/uploads\/2022\/11\/the-a-code-community-scaled.jpeg\" title=\"the-a-code-community\" alt=\"the-a-code-community\" loading=\"lazy\" \/>\t\t\t\t\t\t\t\t\t\t\t\t\t\t\t<\/div>\n\t\t\t\t<\/div>\n\t\t\t\t\t<\/div>\n\t\t<\/div>\n\t\t\t\t<div class=\"elementor-column elementor-col-50 elementor-top-column elementor-element elementor-element-275f317 sc_inner_width_none sc_content_align_inherit sc_layouts_column_icons_position_left elementor-invisible\" data-id=\"275f317\" data-element_type=\"column\" data-settings=\"{&quot;animation&quot;:&quot;fadeInRight&quot;,&quot;animation_mobile&quot;:&quot;none&quot;,&quot;animation_delay&quot;:200}\">\n\t\t\t<div class=\"elementor-widget-wrap elementor-element-populated\">\n\t\t\t\t\t\t<div class=\"elementor-element elementor-element-b9667e8 sc_fly_static elementor-widget elementor-widget-progress\" data-id=\"b9667e8\" data-element_type=\"widget\" data-widget_type=\"progress.default\">\n\t\t\t\t<div class=\"elementor-widget-container\">\n\t\t\t\t\t\t\t\t<span class=\"elementor-title\" id=\"elementor-progress-bar-b9667e8\">\n\t\t\t\tDe prendre part \u00e0 un mouvement de justice sociale transformateur fond\u00e9 sur l'amour et la compassion pour les FJFPDIG-N.\t\t\t<\/span>\n\t\t\n\t\t<div aria-labelledby=\"elementor-progress-bar-b9667e8\" class=\"elementor-progress-wrapper\" role=\"progressbar\" aria-valuemin=\"0\" aria-valuemax=\"100\" aria-valuenow=\"100\">\n\t\t\t<div class=\"elementor-progress-bar\" data-max=\"100\">\n\t\t\t\t<span class=\"elementor-progress-text\"><\/span>\n\t\t\t\t\t\t\t<\/div>\n\t\t<\/div>\n\t\t\t\t\t\t<\/div>\n\t\t\t\t<\/div>\n\t\t\t\t<div class=\"elementor-element elementor-element-d9bdf0b sc_fly_static elementor-widget elementor-widget-progress\" data-id=\"d9bdf0b\" data-element_type=\"widget\" data-widget_type=\"progress.default\">\n\t\t\t\t<div class=\"elementor-widget-container\">\n\t\t\t\t\t\t\t\t<span class=\"elementor-title\" id=\"elementor-progress-bar-d9bdf0b\">\n\t\t\t\tOn cr\u00e9e un espace s\u00fbr pour les survivant\u00b7e\u00b7s FJFPDIG-N de la violence anti-Noir\u00b7e\u00b7s genr\u00e9e afin qu'elles et ils puissent dire la v\u00e9rit\u00e9 sur leur vie.\t\t\t<\/span>\n\t\t\n\t\t<div aria-labelledby=\"elementor-progress-bar-d9bdf0b\" class=\"elementor-progress-wrapper\" role=\"progressbar\" aria-valuemin=\"0\" aria-valuemax=\"100\" aria-valuenow=\"100\">\n\t\t\t<div class=\"elementor-progress-bar\" data-max=\"100\">\n\t\t\t\t<span class=\"elementor-progress-text\"><\/span>\n\t\t\t\t\t\t\t<\/div>\n\t\t<\/div>\n\t\t\t\t\t\t<\/div>\n\t\t\t\t<\/div>\n\t\t\t\t<div class=\"elementor-element elementor-element-656ac40 sc_fly_static elementor-widget elementor-widget-progress\" data-id=\"656ac40\" data-element_type=\"widget\" data-widget_type=\"progress.default\">\n\t\t\t\t<div class=\"elementor-widget-container\">\n\t\t\t\t\t\t\t\t<span class=\"elementor-title\" id=\"elementor-progress-bar-656ac40\">\n\t\t\t\tDe mobiliser la communaut\u00e9 pour en faire l'outil du changement social.\t\t\t<\/span>\n\t\t\n\t\t<div aria-labelledby=\"elementor-progress-bar-656ac40\" class=\"elementor-progress-wrapper\" role=\"progressbar\" aria-valuemin=\"0\" aria-valuemax=\"100\" aria-valuenow=\"100\">\n\t\t\t<div class=\"elementor-progress-bar\" data-max=\"100\">\n\t\t\t\t<span class=\"elementor-progress-text\"><\/span>\n\t\t\t\t\t\t\t<\/div>\n\t\t<\/div>\n\t\t\t\t\t\t<\/div>\n\t\t\t\t<\/div>\n\t\t\t\t\t<\/div>\n\t\t<\/div>\n\t\t\t\t\t<\/div>\n\t\t<\/section>\n\t\t\t\t<section class=\"elementor-section elementor-top-section elementor-element elementor-element-a8a55cd elementor-section-boxed elementor-section-height-default elementor-section-height-default\" data-id=\"a8a55cd\" data-element_type=\"section\">\n\t\t\t\t\t\t<div class=\"elementor-container elementor-column-gap-extended\">\n\t\t\t\t\t<div class=\"elementor-column elementor-col-100 elementor-top-column elementor-element elementor-element-19022f5 sc_inner_width_none sc_content_align_inherit sc_layouts_column_icons_position_left\" data-id=\"19022f5\" data-element_type=\"column\">\n\t\t\t<div class=\"elementor-widget-wrap elementor-element-populated\">\n\t\t\t\t\t\t<div class=\"elementor-element elementor-element-59d8cba sc_fly_static elementor-widget elementor-widget-trx_sc_title\" data-id=\"59d8cba\" data-element_type=\"widget\" data-widget_type=\"trx_sc_title.default\">\n\t\t\t\t<div class=\"elementor-widget-container\">\n\t\t\t\t\t<div id=\"trx_sc_title_1167831219\"\r\n\t\tclass=\"sc_title color_style_link2 sc_title_decoration\"><span class=\"sc_item_subtitle sc_title_subtitle sc_item_subtitle_above sc_item_title_style_decoration\"><span class=\"subtitle_text\">Activit\u00e9s pour la communaut\u00e9<\/span><\/span><h1 class=\"sc_item_title sc_title_title sc_item_title_style_decoration sc_item_title_tag\"><span class=\"sc_item_title_text\">Quelles sont les activit\u00e9s concr\u00e8tes auxquelles la communaut\u00e9 peut prendre part dans le cadre de cette initiative ?<\/span><\/h1><div class=\"sc_item_descr sc_title_descr\"><\/div><\/div><!-- \/.sc_title -->\t\t\t\t<\/div>\n\t\t\t\t<\/div>\n\t\t\t\t<div class=\"elementor-element elementor-element-2f8c053 scheme_dark sc_fly_static elementor-invisible elementor-widget elementor-widget-trx_sc_promo\" data-id=\"2f8c053\" data-element_type=\"widget\" data-settings=\"{&quot;_animation&quot;:&quot;fadeInUp&quot;,&quot;_animation_mobile&quot;:&quot;none&quot;,&quot;_animation_delay&quot;:200}\" data-widget_type=\"trx_sc_promo.default\">\n\t\t\t\t<div class=\"elementor-widget-container\">\n\t\t\t\t\t<div  id=\"trx_sc_promo_326194915\" \r\n\tclass=\"sc_promo color_style_link2 scheme_dark sc_promo_default sc_promo_size_normal sc_promo_image_position_left\"><div class=\"sc_promo_image\" style=\"background-image:url(\/\/www.theamourgynoircode.org\/wp-content\/uploads\/2022\/11\/the-a-code-truth-scaled.jpeg);width:calc(41% - 30px\/2);left: 0;\"><\/div><!-- \/.sc_promo_image --><div class=\"sc_promo_text\" style=\"width: calc(100% - 30px\/2 - 41%);float: right;\">\r\n\t\t\t<div class=\"sc_promo_text_inner trx_addons_inline_67912013\"><h2 class=\"sc_item_title sc_promo_title sc_item_title_style_with_line sc_item_title_tag\"><span class=\"sc_item_title_text\">Organiser des r\u00e9unions de v\u00e9rit\u00e9 pour les survivant\u00b7e\u00b7s FJFPDIG-N<\/span><\/h2><div class=\"sc_item_descr sc_promo_descr\"><p>Il peut s'agir de rencontres virtuelles ou en personne qui permettent de raconter la v\u00e9rit\u00e9, de cr\u00e9er une communaut\u00e9 et de mobiliser les gens pour qu'elles et ils passent \u00e0 l'action. Exemples : assembl\u00e9e publique, atelier, panel, r\u00e9union publique, f\u00eate de quartier, etc.<\/p>\n<\/div><div id=\"sc_button_705969653\"\tclass=\"sc_item_button sc_button_wrap sc_item_button sc_item_button_default sc_promo_button\"><a href=\"mailto:tarah@womenatthecentre.com\" class=\"sc_button sc_button_default sc_button_size_normal sc_button_icon_left\"><span class=\"sc_button_text\"><span class=\"sc_button_title\">Comment organiser une rencontre portant sur la v\u00e9rit\u00e9<\/span><\/span><!-- \/.sc_button_text --><\/a><!-- \/.sc_button --><\/div><!-- \/.sc_item_button --><\/div>\r\n\t\t<\/div><!-- \/.sc_promo_text --><\/div><!-- \/.sc_promo -->\t\t\t\t<\/div>\n\t\t\t\t<\/div>\n\t\t\t\t\t<\/div>\n\t\t<\/div>\n\t\t\t\t\t<\/div>\n\t\t<\/section>\n\t\t\t\t<section class=\"elementor-section elementor-top-section elementor-element elementor-element-267be81 elementor-section-boxed elementor-section-height-default elementor-section-height-default\" data-id=\"267be81\" data-element_type=\"section\">\n\t\t\t\t\t\t<div class=\"elementor-container elementor-column-gap-extended\">\n\t\t\t\t\t<div class=\"elementor-column elementor-col-100 elementor-top-column elementor-element elementor-element-7601b48 sc_inner_width_none sc_content_align_inherit sc_layouts_column_icons_position_left\" data-id=\"7601b48\" data-element_type=\"column\">\n\t\t\t<div class=\"elementor-widget-wrap elementor-element-populated\">\n\t\t\t\t\t\t<div class=\"elementor-element elementor-element-3f7f1ad scheme_dark sc_fly_static elementor-invisible elementor-widget elementor-widget-trx_sc_promo\" data-id=\"3f7f1ad\" data-element_type=\"widget\" data-settings=\"{&quot;_animation&quot;:&quot;fadeInUp&quot;,&quot;_animation_mobile&quot;:&quot;none&quot;,&quot;_animation_delay&quot;:200}\" data-widget_type=\"trx_sc_promo.default\">\n\t\t\t\t<div class=\"elementor-widget-container\">\n\t\t\t\t\t<div  id=\"trx_sc_promo_372664125\" \r\n\tclass=\"sc_promo color_style_link2 scheme_dark sc_promo_default sc_promo_size_normal sc_promo_image_position_right\"><div class=\"sc_promo_image\" style=\"background-image:url(\/\/www.theamourgynoircode.org\/wp-content\/uploads\/2022\/11\/the-a-code-speaker-scaled.jpeg);width:calc(41% - 30px\/2);right: 0;\"><\/div><!-- \/.sc_promo_image --><div class=\"sc_promo_text\" style=\"width: calc(100% - 30px\/2 - 41%);float: left;\">\r\n\t\t\t<div class=\"sc_promo_text_inner trx_addons_inline_1463679619\"><h2 class=\"sc_item_title sc_promo_title sc_item_title_style_with_line sc_item_title_tag\"><span class=\"sc_item_title_text\">Invitez-nous \u00e0 participer \u00e0 votre prochain \u00e9v\u00e9nement<\/span><\/h2><div class=\"sc_item_descr sc_promo_descr\"><\/div><div id=\"sc_button_1605475605\"\tclass=\"sc_item_button sc_button_wrap sc_item_button sc_item_button_default sc_promo_button\"><a href=\"mailto:tarah@womenatthecentre.com\" class=\"sc_button sc_button_default sc_button_size_normal sc_button_icon_left\"><span class=\"sc_button_text\"><span class=\"sc_button_title\">Faites appel \u00e0 un\u00b7e conf\u00e9renci\u00e8\u00b7r\u00b7e<\/span><\/span><!-- \/.sc_button_text --><\/a><!-- \/.sc_button --><\/div><!-- \/.sc_item_button --><\/div>\r\n\t\t<\/div><!-- \/.sc_promo_text --><\/div><!-- \/.sc_promo -->\t\t\t\t<\/div>\n\t\t\t\t<\/div>\n\t\t\t\t\t<\/div>\n\t\t<\/div>\n\t\t\t\t\t<\/div>\n\t\t<\/section>\n\t\t\t\t<section class=\"elementor-section elementor-top-section elementor-element elementor-element-1cbb665 elementor-section-boxed elementor-section-height-default elementor-section-height-default\" data-id=\"1cbb665\" data-element_type=\"section\">\n\t\t\t\t\t\t<div class=\"elementor-container elementor-column-gap-extended\">\n\t\t\t\t\t<div class=\"elementor-column elementor-col-100 elementor-top-column elementor-element elementor-element-bec8394 sc_inner_width_none sc_content_align_inherit sc_layouts_column_icons_position_left\" data-id=\"bec8394\" data-element_type=\"column\">\n\t\t\t<div class=\"elementor-widget-wrap elementor-element-populated\">\n\t\t\t\t\t\t<div class=\"elementor-element elementor-element-ab2149a scheme_dark sc_fly_static elementor-invisible elementor-widget elementor-widget-trx_sc_promo\" data-id=\"ab2149a\" data-element_type=\"widget\" data-settings=\"{&quot;_animation&quot;:&quot;fadeInUp&quot;,&quot;_animation_mobile&quot;:&quot;none&quot;,&quot;_animation_delay&quot;:200}\" data-widget_type=\"trx_sc_promo.default\">\n\t\t\t\t<div class=\"elementor-widget-container\">\n\t\t\t\t\t<div  id=\"trx_sc_promo_585087412\" \r\n\tclass=\"sc_promo color_style_link2 scheme_dark sc_promo_default sc_promo_size_normal sc_promo_image_position_left\"><div class=\"sc_promo_image\" style=\"background-image:url(\/\/www.theamourgynoircode.org\/wp-content\/uploads\/2022\/11\/the-a-code-training-scaled.jpeg);width:calc(41% - 30px\/2);left: 0;\"><\/div><!-- \/.sc_promo_image --><div class=\"sc_promo_text\" style=\"width: calc(100% - 30px\/2 - 41%);float: right;\">\r\n\t\t\t<div class=\"sc_promo_text_inner trx_addons_inline_361228844\"><h2 class=\"sc_item_title sc_promo_title sc_item_title_style_with_line sc_item_title_tag\"><span class=\"sc_item_title_text\">R\u00e9server un atelier de formation pour mieux comprendre les FJFPDIG-N<\/span><\/h2><div class=\"sc_item_descr sc_promo_descr\"><\/div><div id=\"sc_button_86580494\"\tclass=\"sc_item_button sc_button_wrap sc_item_button sc_item_button_default sc_promo_button\"><a href=\"mailto:tarah@womenatthecentre.com\" class=\"sc_button sc_button_default sc_button_size_normal sc_button_icon_left\"><span class=\"sc_button_text\"><span class=\"sc_button_title\">R\u00e9server un atelier<\/span><\/span><!-- \/.sc_button_text --><\/a><!-- \/.sc_button --><\/div><!-- \/.sc_item_button --><\/div>\r\n\t\t<\/div><!-- \/.sc_promo_text --><\/div><!-- \/.sc_promo -->\t\t\t\t<\/div>\n\t\t\t\t<\/div>\n\t\t\t\t\t<\/div>\n\t\t<\/div>\n\t\t\t\t\t<\/div>\n\t\t<\/section>\n\t\t\t\t<\/div>","protected":false},"excerpt":{"rendered":"<p>We&#8217;re here for you What does the A Code provide for the community? Be part of a transformative social justice movement founded on love and compassion for BWGGDT. Creates a safe space for&hellip;<\/p>","protected":false},"author":1,"featured_media":0,"parent":0,"menu_order":0,"comment_status":"closed","ping_status":"closed","template":"","meta":{"footnotes":""},"class_list":["post-5540","page","type-page","status-publish","hentry"],"_links":{"self":[{"href":"https:\/\/www.theamourgynoircode.org\/fr\/wp-json\/wp\/v2\/pages\/5540","targetHints":{"allow":["GET"]}}],"collection":[{"href":"https:\/\/www.theamourgynoircode.org\/fr\/wp-json\/wp\/v2\/pages"}],"about":[{"href":"https:\/\/www.theamourgynoircode.org\/fr\/wp-json\/wp\/v2\/types\/page"}],"author":[{"embeddable":true,"href":"https:\/\/www.theamourgynoircode.org\/fr\/wp-json\/wp\/v2\/users\/1"}],"replies":[{"embeddable":true,"href":"https:\/\/www.theamourgynoircode.org\/fr\/wp-json\/wp\/v2\/comments?post=5540"}],"version-history":[{"count":13,"href":"https:\/\/www.theamourgynoircode.org\/fr\/wp-json\/wp\/v2\/pages\/5540\/revisions"}],"predecessor-version":[{"id":6169,"href":"https:\/\/www.theamourgynoircode.org\/fr\/wp-json\/wp\/v2\/pages\/5540\/revisions\/6169"}],"wp:attachment":[{"href":"https:\/\/www.theamourgynoircode.org\/fr\/wp-json\/wp\/v2\/media?parent=5540"}],"curies":[{"name":"wp","href":"https:\/\/api.w.org\/{rel}","templated":true}]}}