{"id":5567,"date":"2022-11-22T07:38:41","date_gmt":"2022-11-22T12:38:41","guid":{"rendered":"http:\/\/www.theamourgynoircode.org\/?page_id=5567"},"modified":"2025-02-11T09:15:15","modified_gmt":"2025-02-11T14:15:15","slug":"get-involved-as-an-employer","status":"publish","type":"page","link":"https:\/\/www.theamourgynoircode.org\/fr\/get-involved-as-an-employer\/","title":{"rendered":"S'IMPLIQUER \u00c0 TITRE D\u2019EMPLOYEUR"},"content":{"rendered":"<div data-elementor-type=\"wp-post\" data-elementor-id=\"5567\" class=\"elementor elementor-5567\">\n\t\t\t\t\t\t<section class=\"elementor-section elementor-top-section elementor-element elementor-element-5be3786 elementor-section-boxed elementor-section-height-default elementor-section-height-default\" data-id=\"5be3786\" data-element_type=\"section\">\n\t\t\t\t\t\t<div class=\"elementor-container elementor-column-gap-extended\">\n\t\t\t\t\t<div class=\"elementor-column elementor-col-100 elementor-top-column elementor-element elementor-element-de2dc6d sc_inner_width_none sc_content_align_inherit sc_layouts_column_icons_position_left\" data-id=\"de2dc6d\" data-element_type=\"column\">\n\t\t\t<div class=\"elementor-widget-wrap elementor-element-populated\">\n\t\t\t\t\t\t<div class=\"elementor-element elementor-element-0c4b7ce sc_fly_static elementor-widget elementor-widget-trx_sc_title\" data-id=\"0c4b7ce\" data-element_type=\"widget\" data-widget_type=\"trx_sc_title.default\">\n\t\t\t\t<div class=\"elementor-widget-container\">\n\t\t\t\t\t<div id=\"trx_sc_title_2102048911\"\r\n\t\tclass=\"sc_title color_style_link2 sc_title_decoration\"><span class=\"sc_item_subtitle sc_title_subtitle sc_item_subtitle_above sc_item_title_style_decoration\"><span class=\"subtitle_text\">\u00c9liminer la discrimination anti-Noir\u00b7e\u00b7s dans votre organisation<\/span><\/span><h1 class=\"sc_item_title sc_title_title sc_item_title_style_decoration sc_item_title_tag\"><span class=\"sc_item_title_text\">Que propose le Code A aux employeurs ?<\/span><\/h1><\/div><!-- \/.sc_title -->\t\t\t\t<\/div>\n\t\t\t\t<\/div>\n\t\t\t\t\t<\/div>\n\t\t<\/div>\n\t\t\t\t\t<\/div>\n\t\t<\/section>\n\t\t\t\t<section class=\"elementor-section elementor-top-section elementor-element elementor-element-2884e58 elementor-section-boxed elementor-section-height-default elementor-section-height-default\" data-id=\"2884e58\" data-element_type=\"section\">\n\t\t\t\t\t\t<div class=\"elementor-container elementor-column-gap-extended\">\n\t\t\t\t\t<div class=\"elementor-column elementor-col-50 elementor-top-column elementor-element elementor-element-d88d40a sc_inner_width_none sc_content_align_inherit sc_layouts_column_icons_position_left\" data-id=\"d88d40a\" data-element_type=\"column\">\n\t\t\t<div class=\"elementor-widget-wrap elementor-element-populated\">\n\t\t\t\t\t\t<div class=\"elementor-element elementor-element-ce75555 sc_fly_static elementor-widget elementor-widget-image\" data-id=\"ce75555\" data-element_type=\"widget\" data-widget_type=\"image.default\">\n\t\t\t\t<div class=\"elementor-widget-container\">\n\t\t\t\t\t\t\t\t\t\t\t\t\t\t\t<img decoding=\"async\" src=\"https:\/\/www.theamourgynoircode.org\/wp-content\/uploads\/2022\/11\/the-a-code-employers-scaled.jpeg\" title=\"Diverse people joining hands together success and celebration concept\" alt=\"Diverse people joining hands together success and celebration concept\" loading=\"lazy\" \/>\t\t\t\t\t\t\t\t\t\t\t\t\t\t\t<\/div>\n\t\t\t\t<\/div>\n\t\t\t\t\t<\/div>\n\t\t<\/div>\n\t\t\t\t<div class=\"elementor-column elementor-col-50 elementor-top-column elementor-element elementor-element-275f317 sc_inner_width_none sc_content_align_inherit sc_layouts_column_icons_position_left elementor-invisible\" data-id=\"275f317\" data-element_type=\"column\" data-settings=\"{&quot;animation&quot;:&quot;fadeInRight&quot;,&quot;animation_mobile&quot;:&quot;none&quot;,&quot;animation_delay&quot;:200}\">\n\t\t\t<div class=\"elementor-widget-wrap elementor-element-populated\">\n\t\t\t\t\t\t<div class=\"elementor-element elementor-element-b9667e8 sc_fly_static elementor-widget elementor-widget-progress\" data-id=\"b9667e8\" data-element_type=\"widget\" data-widget_type=\"progress.default\">\n\t\t\t\t<div class=\"elementor-widget-container\">\n\t\t\t\t\t\t\t\t<span class=\"elementor-title\" id=\"elementor-progress-bar-b9667e8\">\n\t\t\t\tUn outil pratique pour cr\u00e9er un espace s\u00fbr pour les survivant\u00b7e\u00b7s  de violence genr\u00e9e \u00e0 l\u2019\u00e9gard des FJFPDIG-N sur leur lieu de travail, afin que chacun\u00b7e puisse participer pleinement \u00e0 la vie professionnelle. \t\t\t<\/span>\n\t\t\n\t\t<div aria-labelledby=\"elementor-progress-bar-b9667e8\" class=\"elementor-progress-wrapper\" role=\"progressbar\" aria-valuemin=\"0\" aria-valuemax=\"100\" aria-valuenow=\"100\">\n\t\t\t<div class=\"elementor-progress-bar\" data-max=\"100\">\n\t\t\t\t<span class=\"elementor-progress-text\"><\/span>\n\t\t\t\t\t\t\t<\/div>\n\t\t<\/div>\n\t\t\t\t\t\t<\/div>\n\t\t\t\t<\/div>\n\t\t\t\t<div class=\"elementor-element elementor-element-d708741 sc_fly_static elementor-widget elementor-widget-text-editor\" data-id=\"d708741\" data-element_type=\"widget\" data-widget_type=\"text-editor.default\">\n\t\t\t\t<div class=\"elementor-widget-container\">\n\t\t\t\t\t\t\t\t\tLes arguments \u00e9conomiques en faveur de la diversit\u00e9, de l'\u00e9quit\u00e9 et de l'inclusion sont irr\u00e9futables. Dans la foul\u00e9e de la pand\u00e9mie de Covid-19, les raisons \u00e9conomiques invoqu\u00e9es pour donner la priorit\u00e9 \u00e0 la diversit\u00e9 et \u00e0 l'inclusion sont plus \u00e9videntes que jamais. Il est d\u00e9sormais largement reconnu que les entreprises qui donnent la priorit\u00e9 aux initiatives en mati\u00e8re de diversit\u00e9, d'\u00e9quit\u00e9 et d'inclusion sont plus susceptibles de cr\u00e9er des lieux de travail s\u00fbrs, de fid\u00e9liser leurs employ\u00e9\u00b7e\u00b7s et de g\u00e9n\u00e9rer plus de profits que leurs homologues qui ne le font pas.\t\t\t\t\t\t\t\t<\/div>\n\t\t\t\t<\/div>\n\t\t\t\t\t<\/div>\n\t\t<\/div>\n\t\t\t\t\t<\/div>\n\t\t<\/section>\n\t\t\t\t<section class=\"elementor-section elementor-top-section elementor-element elementor-element-a8a55cd elementor-section-boxed elementor-section-height-default elementor-section-height-default\" data-id=\"a8a55cd\" data-element_type=\"section\">\n\t\t\t\t\t\t<div class=\"elementor-container elementor-column-gap-extended\">\n\t\t\t\t\t<div class=\"elementor-column elementor-col-100 elementor-top-column elementor-element elementor-element-19022f5 sc_inner_width_none sc_content_align_inherit sc_layouts_column_icons_position_left\" data-id=\"19022f5\" data-element_type=\"column\">\n\t\t\t<div class=\"elementor-widget-wrap elementor-element-populated\">\n\t\t\t\t\t\t<div class=\"elementor-element elementor-element-59d8cba sc_fly_static elementor-widget elementor-widget-trx_sc_title\" data-id=\"59d8cba\" data-element_type=\"widget\" data-widget_type=\"trx_sc_title.default\">\n\t\t\t\t<div class=\"elementor-widget-container\">\n\t\t\t\t\t<div id=\"trx_sc_title_683461910\"\r\n\t\tclass=\"sc_title color_style_link2 sc_title_decoration\"><span class=\"sc_item_subtitle sc_title_subtitle sc_item_subtitle_above sc_item_title_style_decoration\"><span class=\"subtitle_text\">Activit\u00e9s pour les employeurs<\/span><\/span><h1 class=\"sc_item_title sc_title_title sc_item_title_style_decoration sc_item_title_tag\"><span class=\"sc_item_title_text\">Quelles sont les activit\u00e9s auxquelles les employeurs peuvent se livrer dans le cadre de cette initiative ?<\/span><\/h1><\/div><!-- \/.sc_title -->\t\t\t\t<\/div>\n\t\t\t\t<\/div>\n\t\t\t\t<div class=\"elementor-element elementor-element-2f8c053 scheme_dark sc_fly_static elementor-invisible elementor-widget elementor-widget-trx_sc_promo\" data-id=\"2f8c053\" data-element_type=\"widget\" data-settings=\"{&quot;_animation&quot;:&quot;fadeInUp&quot;,&quot;_animation_mobile&quot;:&quot;none&quot;,&quot;_animation_delay&quot;:200}\" data-widget_type=\"trx_sc_promo.default\">\n\t\t\t\t<div class=\"elementor-widget-container\">\n\t\t\t\t\t<div  id=\"trx_sc_promo_1855595880\" \r\n\tclass=\"sc_promo color_style_link2 scheme_dark sc_promo_default sc_promo_size_normal sc_promo_image_position_left\"><div class=\"sc_promo_image\" style=\"background-image:url(\/\/www.theamourgynoircode.org\/wp-content\/uploads\/2022\/11\/the-a-code-survey-scaled-e1669121383185.jpeg);width:calc(41% - 30px\/2);left: 0;\"><\/div><!-- \/.sc_promo_image --><div class=\"sc_promo_text\" style=\"width: calc(100% - 30px\/2 - 41%);float: right;\">\r\n\t\t\t<div class=\"sc_promo_text_inner trx_addons_inline_1674796026\"><h2 class=\"sc_item_title sc_promo_title sc_item_title_style_with_line sc_item_title_tag\"><span class=\"sc_item_title_text\">Diffuser le sondage dans l\u2019infolettre de l'entreprise<\/span><\/h2><div id=\"sc_button_2066686866\"\tclass=\"sc_item_button sc_button_wrap sc_item_button sc_item_button_default sc_promo_button\"><a href=\"mailto:tarah@womenatthecentre.com\" class=\"sc_button sc_button_default sc_button_size_normal sc_button_icon_left\"><span class=\"sc_button_text\"><span class=\"sc_button_title\">Demander l'acc\u00e8s aux r\u00e9sultats de l\u2019\u00e9tude<\/span><\/span><!-- \/.sc_button_text --><\/a><!-- \/.sc_button --><\/div><!-- \/.sc_item_button --><\/div>\r\n\t\t<\/div><!-- \/.sc_promo_text --><\/div><!-- \/.sc_promo -->\t\t\t\t<\/div>\n\t\t\t\t<\/div>\n\t\t\t\t\t<\/div>\n\t\t<\/div>\n\t\t\t\t\t<\/div>\n\t\t<\/section>\n\t\t\t\t<section class=\"elementor-section elementor-top-section elementor-element elementor-element-267be81 elementor-section-boxed elementor-section-height-default elementor-section-height-default\" data-id=\"267be81\" data-element_type=\"section\">\n\t\t\t\t\t\t<div class=\"elementor-container elementor-column-gap-extended\">\n\t\t\t\t\t<div class=\"elementor-column elementor-col-100 elementor-top-column elementor-element elementor-element-7601b48 sc_inner_width_none sc_content_align_inherit sc_layouts_column_icons_position_left\" data-id=\"7601b48\" data-element_type=\"column\">\n\t\t\t<div class=\"elementor-widget-wrap elementor-element-populated\">\n\t\t\t\t\t\t<div class=\"elementor-element elementor-element-3f7f1ad scheme_dark sc_fly_static elementor-invisible elementor-widget elementor-widget-trx_sc_promo\" data-id=\"3f7f1ad\" data-element_type=\"widget\" data-settings=\"{&quot;_animation&quot;:&quot;fadeInUp&quot;,&quot;_animation_mobile&quot;:&quot;none&quot;,&quot;_animation_delay&quot;:200}\" data-widget_type=\"trx_sc_promo.default\">\n\t\t\t\t<div class=\"elementor-widget-container\">\n\t\t\t\t\t<div  id=\"trx_sc_promo_1861211983\" \r\n\tclass=\"sc_promo color_style_link2 scheme_dark sc_promo_default sc_promo_size_normal sc_promo_image_position_right\"><div class=\"sc_promo_image\" style=\"background-image:url(\/\/www.theamourgynoircode.org\/wp-content\/uploads\/2022\/11\/the-a-code-speaker-scaled.jpeg);width:calc(41% - 30px\/2);right: 0;\"><\/div><!-- \/.sc_promo_image --><div class=\"sc_promo_text\" style=\"width: calc(100% - 30px\/2 - 41%);float: left;\">\r\n\t\t\t<div class=\"sc_promo_text_inner trx_addons_inline_1108655646\"><h2 class=\"sc_item_title sc_promo_title sc_item_title_style_with_line sc_item_title_tag\"><span class=\"sc_item_title_text\">Invitez-nous \u00e0 participer \u00e0 votre prochain \u00e9v\u00e9nement<\/span><\/h2><div id=\"sc_button_1076797691\"\tclass=\"sc_item_button sc_button_wrap sc_item_button sc_item_button_default sc_promo_button\"><a href=\"mailto:tarah@womenatthecentre.com\" class=\"sc_button sc_button_default sc_button_size_normal sc_button_icon_left\"><span class=\"sc_button_text\"><span class=\"sc_button_title\">Faites appel \u00e0 un\u00b7e conf\u00e9renci\u00e8\u00b7r\u00b7e<\/span><\/span><!-- \/.sc_button_text --><\/a><!-- \/.sc_button --><\/div><!-- \/.sc_item_button --><\/div>\r\n\t\t<\/div><!-- \/.sc_promo_text --><\/div><!-- \/.sc_promo -->\t\t\t\t<\/div>\n\t\t\t\t<\/div>\n\t\t\t\t\t<\/div>\n\t\t<\/div>\n\t\t\t\t\t<\/div>\n\t\t<\/section>\n\t\t\t\t<section class=\"elementor-section elementor-top-section elementor-element elementor-element-1cbb665 elementor-section-boxed elementor-section-height-default elementor-section-height-default\" data-id=\"1cbb665\" data-element_type=\"section\">\n\t\t\t\t\t\t<div class=\"elementor-container elementor-column-gap-extended\">\n\t\t\t\t\t<div class=\"elementor-column elementor-col-100 elementor-top-column elementor-element elementor-element-bec8394 sc_inner_width_none sc_content_align_inherit sc_layouts_column_icons_position_left\" data-id=\"bec8394\" data-element_type=\"column\">\n\t\t\t<div class=\"elementor-widget-wrap elementor-element-populated\">\n\t\t\t\t\t\t<div class=\"elementor-element elementor-element-ab2149a scheme_dark sc_fly_static elementor-invisible elementor-widget elementor-widget-trx_sc_promo\" data-id=\"ab2149a\" data-element_type=\"widget\" data-settings=\"{&quot;_animation&quot;:&quot;fadeInUp&quot;,&quot;_animation_mobile&quot;:&quot;none&quot;,&quot;_animation_delay&quot;:200}\" data-widget_type=\"trx_sc_promo.default\">\n\t\t\t\t<div class=\"elementor-widget-container\">\n\t\t\t\t\t<div  id=\"trx_sc_promo_1730743737\" \r\n\tclass=\"sc_promo color_style_link2 scheme_dark sc_promo_default sc_promo_size_normal sc_promo_image_position_left\"><div class=\"sc_promo_image\" style=\"background-image:url(\/\/www.theamourgynoircode.org\/wp-content\/uploads\/2022\/11\/the-a-code-training-scaled.jpeg);width:calc(41% - 30px\/2);left: 0;\"><\/div><!-- \/.sc_promo_image --><div class=\"sc_promo_text\" style=\"width: calc(100% - 30px\/2 - 41%);float: right;\">\r\n\t\t\t<div class=\"sc_promo_text_inner trx_addons_inline_1385912211\"><h2 class=\"sc_item_title sc_promo_title sc_item_title_style_with_line sc_item_title_tag\"><span class=\"sc_item_title_text\">Organiser un atelier de formation par le Code A pour le conseil d'administration, le personnel ou les b\u00e9n\u00e9voles<\/span><\/h2><div id=\"sc_button_793695547\"\tclass=\"sc_item_button sc_button_wrap sc_item_button sc_item_button_default sc_promo_button\"><a href=\"mailto:tarah@womenatthecentre.com\" class=\"sc_button sc_button_default sc_button_size_normal sc_button_icon_left\"><span class=\"sc_button_text\"><span class=\"sc_button_title\">R\u00e9server un atelier<\/span><\/span><!-- \/.sc_button_text --><\/a><!-- \/.sc_button --><\/div><!-- \/.sc_item_button --><\/div>\r\n\t\t<\/div><!-- \/.sc_promo_text --><\/div><!-- \/.sc_promo -->\t\t\t\t<\/div>\n\t\t\t\t<\/div>\n\t\t\t\t<div class=\"elementor-element elementor-element-98ac2b9 scheme_dark sc_fly_static elementor-invisible elementor-widget elementor-widget-trx_sc_promo\" data-id=\"98ac2b9\" data-element_type=\"widget\" data-settings=\"{&quot;_animation&quot;:&quot;fadeInUp&quot;,&quot;_animation_mobile&quot;:&quot;none&quot;,&quot;_animation_delay&quot;:200}\" data-widget_type=\"trx_sc_promo.default\">\n\t\t\t\t<div class=\"elementor-widget-container\">\n\t\t\t\t\t<div  id=\"trx_sc_promo_1279194090\" \r\n\tclass=\"sc_promo color_style_link2 scheme_dark sc_promo_default sc_promo_size_normal sc_promo_image_position_right\"><div class=\"sc_promo_image\" style=\"background-image:url(\/\/www.theamourgynoircode.org\/wp-content\/uploads\/2022\/09\/pexels-christina-morillo-1181360-scaled.jpeg);width:calc(41% - 30px\/2);right: 0;\"><\/div><!-- \/.sc_promo_image --><div class=\"sc_promo_text\" style=\"width: calc(100% - 30px\/2 - 41%);float: left;\">\r\n\t\t\t<div class=\"sc_promo_text_inner trx_addons_inline_1343812447\"><h2 class=\"sc_item_title sc_promo_title sc_item_title_style_with_line sc_item_title_tag\"><span class=\"sc_item_title_text\">Organiser un groupe de discussion en milieu de travail<\/span><\/h2><div id=\"sc_button_500501272\"\tclass=\"sc_item_button sc_button_wrap sc_item_button sc_item_button_default sc_promo_button\"><a href=\"mailto:tarah@womenatthecentre.com\" class=\"sc_button sc_button_default sc_button_size_normal sc_button_icon_left\"><span class=\"sc_button_text\"><span class=\"sc_button_title\">En savoir plus sur les groupes de discussion en entreprise<\/span><\/span><!-- \/.sc_button_text --><\/a><!-- \/.sc_button --><\/div><!-- \/.sc_item_button --><\/div>\r\n\t\t<\/div><!-- \/.sc_promo_text --><\/div><!-- \/.sc_promo -->\t\t\t\t<\/div>\n\t\t\t\t<\/div>\n\t\t\t\t\t<\/div>\n\t\t<\/div>\n\t\t\t\t\t<\/div>\n\t\t<\/section>\n\t\t\t\t<\/div>","protected":false},"excerpt":{"rendered":"<p>incorporate anti-blackness into your corporation What does the A Code provide for employers? A practical tool to create safe space for BWGGDT survivors in the workplace so they can fully participate in the&hellip;<\/p>","protected":false},"author":1,"featured_media":0,"parent":0,"menu_order":0,"comment_status":"closed","ping_status":"closed","template":"","meta":{"footnotes":""},"class_list":["post-5567","page","type-page","status-publish","hentry"],"_links":{"self":[{"href":"https:\/\/www.theamourgynoircode.org\/fr\/wp-json\/wp\/v2\/pages\/5567","targetHints":{"allow":["GET"]}}],"collection":[{"href":"https:\/\/www.theamourgynoircode.org\/fr\/wp-json\/wp\/v2\/pages"}],"about":[{"href":"https:\/\/www.theamourgynoircode.org\/fr\/wp-json\/wp\/v2\/types\/page"}],"author":[{"embeddable":true,"href":"https:\/\/www.theamourgynoircode.org\/fr\/wp-json\/wp\/v2\/users\/1"}],"replies":[{"embeddable":true,"href":"https:\/\/www.theamourgynoircode.org\/fr\/wp-json\/wp\/v2\/comments?post=5567"}],"version-history":[{"count":10,"href":"https:\/\/www.theamourgynoircode.org\/fr\/wp-json\/wp\/v2\/pages\/5567\/revisions"}],"predecessor-version":[{"id":6176,"href":"https:\/\/www.theamourgynoircode.org\/fr\/wp-json\/wp\/v2\/pages\/5567\/revisions\/6176"}],"wp:attachment":[{"href":"https:\/\/www.theamourgynoircode.org\/fr\/wp-json\/wp\/v2\/media?parent=5567"}],"curies":[{"name":"wp","href":"https:\/\/api.w.org\/{rel}","templated":true}]}}