{"id":5683,"date":"2022-11-30T06:04:50","date_gmt":"2022-11-30T11:04:50","guid":{"rendered":"https:\/\/www.theamourgynoircode.org\/?page_id=5683"},"modified":"2025-02-11T11:14:08","modified_gmt":"2025-02-11T16:14:08","slug":"when","status":"publish","type":"page","link":"https:\/\/www.theamourgynoircode.org\/fr\/when\/","title":{"rendered":"Quand?"},"content":{"rendered":"<div data-elementor-type=\"wp-post\" data-elementor-id=\"5683\" class=\"elementor elementor-5683\">\n\t\t\t\t\t\t<section class=\"elementor-section elementor-top-section elementor-element elementor-element-85ca4eb elementor-section-boxed elementor-section-height-default elementor-section-height-default\" data-id=\"85ca4eb\" data-element_type=\"section\">\n\t\t\t\t\t\t<div class=\"elementor-container elementor-column-gap-extended\">\n\t\t\t\t\t<div class=\"elementor-column elementor-col-100 elementor-top-column elementor-element elementor-element-a3a7782 sc_inner_width_none sc_content_align_inherit sc_layouts_column_icons_position_left\" data-id=\"a3a7782\" data-element_type=\"column\">\n\t\t\t<div class=\"elementor-widget-wrap elementor-element-populated\">\n\t\t\t\t\t\t<div class=\"elementor-element elementor-element-3af9ebd sc_fly_static elementor-widget elementor-widget-trx_sc_title\" data-id=\"3af9ebd\" data-element_type=\"widget\" data-widget_type=\"trx_sc_title.default\">\n\t\t\t\t<div class=\"elementor-widget-container\">\n\t\t\t\t\t<div id=\"trx_sc_title_2094858323\"\r\n\t\tclass=\"sc_title color_style_link2 sc_title_decoration\"><h1 class=\"sc_item_title sc_title_title sc_item_title_style_decoration sc_item_title_tag\"><span class=\"sc_item_title_text\">Notre plan de recherche<\/span><\/h1><\/div><!-- \/.sc_title -->\t\t\t\t<\/div>\n\t\t\t\t<\/div>\n\t\t\t\t<div class=\"elementor-element elementor-element-98c816b sc_fly_static elementor-widget elementor-widget-text-editor\" data-id=\"98c816b\" data-element_type=\"widget\" data-widget_type=\"text-editor.default\">\n\t\t\t\t<div class=\"elementor-widget-container\">\n\t\t\t\t\t\t\t\t\t<p>Introducing: a landmark national research project by, for and about BWGGD.\u00a0<span style=\"font-size: 16px;\">Voici un projet de recherche national historique men\u00e9 par, pour et sur les FJFPDIG-N. Ce plan de recherche pionnier entend documenter l'exp\u00e9rience v\u00e9cue par les survivant\u00b7e\u00b7s FJFPDIG-N de violence anti-Noir\u00b7e\u00b7s genr\u00e9e pour faire progresser la cause de l'\u00e9quit\u00e9.<\/span><\/p><p>Notre objectif est de rejoindre et de repr\u00e9senter la diversit\u00e9 des FJFPDIG-N \u00e0 travers le pays.<\/p>\t\t\t\t\t\t\t\t<\/div>\n\t\t\t\t<\/div>\n\t\t\t\t\t<\/div>\n\t\t<\/div>\n\t\t\t\t\t<\/div>\n\t\t<\/section>\n\t\t\t\t<section class=\"elementor-section elementor-top-section elementor-element elementor-element-2884e58 elementor-section-boxed elementor-section-height-default elementor-section-height-default\" data-id=\"2884e58\" data-element_type=\"section\">\n\t\t\t\t\t\t<div class=\"elementor-container elementor-column-gap-extended\">\n\t\t\t\t\t<div class=\"elementor-column elementor-col-50 elementor-top-column elementor-element elementor-element-f69a865 sc_inner_width_none sc_content_align_inherit sc_layouts_column_icons_position_left elementor-invisible\" data-id=\"f69a865\" data-element_type=\"column\" data-settings=\"{&quot;animation&quot;:&quot;fadeInRight&quot;,&quot;animation_mobile&quot;:&quot;none&quot;,&quot;animation_delay&quot;:200}\">\n\t\t\t<div class=\"elementor-widget-wrap elementor-element-populated\">\n\t\t\t\t\t\t<div class=\"elementor-element elementor-element-69c5d74 sc_fly_static elementor-widget elementor-widget-trx_sc_title\" data-id=\"69c5d74\" data-element_type=\"widget\" data-widget_type=\"trx_sc_title.default\">\n\t\t\t\t<div class=\"elementor-widget-container\">\n\t\t\t\t\t<div id=\"trx_sc_title_1099650303\"\r\n\t\tclass=\"sc_title color_style_link2 sc_title_decoration\"><h1 class=\"sc_item_title sc_title_title sc_item_title_style_decoration sc_item_title_tag\"><span class=\"sc_item_title_text\">L'importance du sujet<\/span><\/h1><\/div><!-- \/.sc_title -->\t\t\t\t<\/div>\n\t\t\t\t<\/div>\n\t\t\t\t<div class=\"elementor-element elementor-element-f9f7b37 sc_fly_static elementor-widget elementor-widget-spacer\" data-id=\"f9f7b37\" data-element_type=\"widget\" data-widget_type=\"spacer.default\">\n\t\t\t\t<div class=\"elementor-widget-container\">\n\t\t\t\t\t\t\t<div class=\"elementor-spacer\">\n\t\t\t<div class=\"elementor-spacer-inner\"><\/div>\n\t\t<\/div>\n\t\t\t\t\t\t<\/div>\n\t\t\t\t<\/div>\n\t\t\t\t<div class=\"elementor-element elementor-element-7001b42 sc_fly_static elementor-widget elementor-widget-progress\" data-id=\"7001b42\" data-element_type=\"widget\" data-widget_type=\"progress.default\">\n\t\t\t\t<div class=\"elementor-widget-container\">\n\t\t\t\t\t\t\t\t<span class=\"elementor-title\" id=\"elementor-progress-bar-7001b42\">\n\t\t\t\tLa recherche s'appuie sur les modes de connaissance et d'existence des autochtones africains, qui constituent l'h\u00e9ritage culturel des communaut\u00e9s noires \u00e0 travers le Canada, tant sur le plan historique que contemporain.\t\t\t<\/span>\n\t\t\n\t\t<div aria-labelledby=\"elementor-progress-bar-7001b42\" class=\"elementor-progress-wrapper\" role=\"progressbar\" aria-valuemin=\"0\" aria-valuemax=\"100\" aria-valuenow=\"100\">\n\t\t\t<div class=\"elementor-progress-bar\" data-max=\"100\">\n\t\t\t\t<span class=\"elementor-progress-text\"><\/span>\n\t\t\t\t\t\t\t<\/div>\n\t\t<\/div>\n\t\t\t\t\t\t<\/div>\n\t\t\t\t<\/div>\n\t\t\t\t<div class=\"elementor-element elementor-element-9700770 sc_fly_static elementor-widget elementor-widget-progress\" data-id=\"9700770\" data-element_type=\"widget\" data-widget_type=\"progress.default\">\n\t\t\t\t<div class=\"elementor-widget-container\">\n\t\t\t\t\t\t\t\t<span class=\"elementor-title\" id=\"elementor-progress-bar-9700770\">\n\t\t\t\tCette approche veille \u00e0 ce que la recherche revendique l'identit\u00e9 noire et, ce faisant, \u00e0 ce qu'elle soit culturellement adapt\u00e9e et pertinente pour les femmes, les jeunes filles, les personnes de genre divers et les personnes trans noires.\t\t\t<\/span>\n\t\t\n\t\t<div aria-labelledby=\"elementor-progress-bar-9700770\" class=\"elementor-progress-wrapper\" role=\"progressbar\" aria-valuemin=\"0\" aria-valuemax=\"100\" aria-valuenow=\"100\">\n\t\t\t<div class=\"elementor-progress-bar\" data-max=\"100\">\n\t\t\t\t<span class=\"elementor-progress-text\"><\/span>\n\t\t\t\t\t\t\t<\/div>\n\t\t<\/div>\n\t\t\t\t\t\t<\/div>\n\t\t\t\t<\/div>\n\t\t\t\t<div class=\"elementor-element elementor-element-9a7e3cf sc_fly_static elementor-widget elementor-widget-progress\" data-id=\"9a7e3cf\" data-element_type=\"widget\" data-widget_type=\"progress.default\">\n\t\t\t\t<div class=\"elementor-widget-container\">\n\t\t\t\t\t\t\t\t<span class=\"elementor-title\" id=\"elementor-progress-bar-9a7e3cf\">\n\t\t\t\tCette recherche va \u00e0 l'encontre de la recherche eurocentrique blanche conventionnelle en mettant l'accent sur les voix et les exp\u00e9riences v\u00e9cues des FJFPDIG-N.\t\t\t<\/span>\n\t\t\n\t\t<div aria-labelledby=\"elementor-progress-bar-9a7e3cf\" class=\"elementor-progress-wrapper\" role=\"progressbar\" aria-valuemin=\"0\" aria-valuemax=\"100\" aria-valuenow=\"100\">\n\t\t\t<div class=\"elementor-progress-bar\" data-max=\"100\">\n\t\t\t\t<span class=\"elementor-progress-text\"><\/span>\n\t\t\t\t\t\t\t<\/div>\n\t\t<\/div>\n\t\t\t\t\t\t<\/div>\n\t\t\t\t<\/div>\n\t\t\t\t\t<\/div>\n\t\t<\/div>\n\t\t\t\t<div class=\"elementor-column elementor-col-50 elementor-top-column elementor-element elementor-element-6648fab sc_inner_width_none sc_content_align_inherit sc_layouts_column_icons_position_left\" data-id=\"6648fab\" data-element_type=\"column\">\n\t\t\t<div class=\"elementor-widget-wrap elementor-element-populated\">\n\t\t\t\t\t\t<div class=\"elementor-element elementor-element-637e2f2 sc_fly_static elementor-widget elementor-widget-spacer\" data-id=\"637e2f2\" data-element_type=\"widget\" data-widget_type=\"spacer.default\">\n\t\t\t\t<div class=\"elementor-widget-container\">\n\t\t\t\t\t\t\t<div class=\"elementor-spacer\">\n\t\t\t<div class=\"elementor-spacer-inner\"><\/div>\n\t\t<\/div>\n\t\t\t\t\t\t<\/div>\n\t\t\t\t<\/div>\n\t\t\t\t<div class=\"elementor-element elementor-element-841daea sc_fly_static elementor-widget elementor-widget-image\" data-id=\"841daea\" data-element_type=\"widget\" data-widget_type=\"image.default\">\n\t\t\t\t<div class=\"elementor-widget-container\">\n\t\t\t\t\t\t\t\t\t\t\t\t\t\t\t<img fetchpriority=\"high\" decoding=\"async\" width=\"1024\" height=\"976\" src=\"https:\/\/www.theamourgynoircode.org\/wp-content\/uploads\/2022\/12\/pexels-ogo-1661837-scaled-e1670322018328-1024x976.jpeg\" class=\"attachment-large size-large wp-image-5754\" alt=\"\" srcset=\"https:\/\/www.theamourgynoircode.org\/wp-content\/uploads\/2022\/12\/pexels-ogo-1661837-scaled-e1670322018328-1024x976.jpeg 1024w, https:\/\/www.theamourgynoircode.org\/wp-content\/uploads\/2022\/12\/pexels-ogo-1661837-scaled-e1670322018328-300x286.jpeg 300w, https:\/\/www.theamourgynoircode.org\/wp-content\/uploads\/2022\/12\/pexels-ogo-1661837-scaled-e1670322018328-768x732.jpeg 768w, https:\/\/www.theamourgynoircode.org\/wp-content\/uploads\/2022\/12\/pexels-ogo-1661837-scaled-e1670322018328-1536x1464.jpeg 1536w, https:\/\/www.theamourgynoircode.org\/wp-content\/uploads\/2022\/12\/pexels-ogo-1661837-scaled-e1670322018328-600x572.jpeg 600w, https:\/\/www.theamourgynoircode.org\/wp-content\/uploads\/2022\/12\/pexels-ogo-1661837-scaled-e1670322018328-370x353.jpeg 370w, https:\/\/www.theamourgynoircode.org\/wp-content\/uploads\/2022\/12\/pexels-ogo-1661837-scaled-e1670322018328-770x734.jpeg 770w, https:\/\/www.theamourgynoircode.org\/wp-content\/uploads\/2022\/12\/pexels-ogo-1661837-scaled-e1670322018328-1170x1115.jpeg 1170w, https:\/\/www.theamourgynoircode.org\/wp-content\/uploads\/2022\/12\/pexels-ogo-1661837-scaled-e1670322018328.jpeg 1907w\" sizes=\"(max-width: 1024px) 100vw, 1024px\" \/>\t\t\t\t\t\t\t\t\t\t\t\t\t\t\t<\/div>\n\t\t\t\t<\/div>\n\t\t\t\t\t<\/div>\n\t\t<\/div>\n\t\t\t\t\t<\/div>\n\t\t<\/section>\n\t\t\t\t<section class=\"elementor-section elementor-top-section elementor-element elementor-element-1cbb665 elementor-section-boxed elementor-section-height-default elementor-section-height-default\" data-id=\"1cbb665\" data-element_type=\"section\">\n\t\t\t\t\t\t<div class=\"elementor-container elementor-column-gap-extended\">\n\t\t\t\t\t<div class=\"elementor-column elementor-col-100 elementor-top-column elementor-element elementor-element-bec8394 sc_inner_width_none sc_content_align_inherit sc_layouts_column_icons_position_left\" data-id=\"bec8394\" data-element_type=\"column\">\n\t\t\t<div class=\"elementor-widget-wrap elementor-element-populated\">\n\t\t\t\t\t\t<div class=\"elementor-element elementor-element-31a3a6d sc_fly_static elementor-widget elementor-widget-trx_sc_icons\" data-id=\"31a3a6d\" data-element_type=\"widget\" data-widget_type=\"trx_sc_icons.default\">\n\t\t\t\t<div class=\"elementor-widget-container\">\n\t\t\t\t\t<div id=\"trx_sc_icons_1887505347\" \r\n\tclass=\"sc_icons sc_icons_default sc_icons_size_medium sc_align_center\"><div class=\"sc_icons_columns_wrap sc_item_columns trx_addons_columns_wrap columns_padding_bottom columns_in_single_row\"><div class=\"trx_addons_column-1_2\"><div class=\"sc_icons_item\"><div class=\"sc_icons_icon sc_icon_type_ icon-megaphone-light\"><span class=\"sc_icon_type_ icon-megaphone-light\"><\/span><\/div><div class=\"sc_icons_item_details\"><h4 class=\"sc_icons_item_title\"><span>Phase 1 : Sensibilisation et engagement de la communaut\u00e9 <\/span><\/h4><div class=\"sc_icons_item_description\"><span>Sensibiliser le public aux probl\u00e8mes qui touchent les FJFPDIG-N survivant\u00b7e\u00b7s de violence anti-Noir\u00b7e\u00b7s genr\u00e9e \u00e0 travers le pays.<\/span><span><\/span><span><br><\/span><span>Cr\u00e9er un r\u00e9seau de FJFPDIG-N survivant\u00b7e\u00b7s de violence anti-Noir\u00b7e\u00b7s genr\u00e9e dans tout le pays.<\/span><span><\/span><\/div><\/div><\/div><\/div><div class=\"trx_addons_column-1_2\"><div class=\"sc_icons_item\"><div class=\"sc_icons_icon sc_icon_type_ icon-speech\"><span class=\"sc_icon_type_ icon-speech\"><\/span><\/div><div class=\"sc_icons_item_details\"><h4 class=\"sc_icons_item_title\"><span>Phase 2 : Recherche-action participative communautaire<\/span><\/h4><div class=\"sc_icons_item_description\"><span>Raconter la v\u00e9rit\u00e9 par, pour et sur les survivant\u00b7e\u00b7s FJFPDIG-N de violence anti-Noir\u00b7e\u00b7s genr\u00e9e \u00e0 travers le pays.<\/span><span><br><\/span><span>Les r\u00e9sultats seront utilis\u00e9s pour d\u00e9velopper le Code Amourgynoir sur la base des voix et des exp\u00e9riences v\u00e9cues des FJFPDIG-N survivant\u00b7e\u00b7s de violence anti-Noir\u00b7e\u00b7s genr\u00e9e.<\/span><span><\/span><\/div><\/div><\/div><\/div><\/div><\/div><!-- \/.sc_icons -->\t\t\t\t<\/div>\n\t\t\t\t<\/div>\n\t\t\t\t<div class=\"elementor-element elementor-element-02c9e46 sc_fly_static elementor-widget elementor-widget-trx_sc_icons\" data-id=\"02c9e46\" data-element_type=\"widget\" data-widget_type=\"trx_sc_icons.default\">\n\t\t\t\t<div class=\"elementor-widget-container\">\n\t\t\t\t\t<div id=\"trx_sc_icons_361928400\" \r\n\tclass=\"sc_icons sc_icons_default sc_icons_size_medium sc_align_center\"><div class=\"sc_icons_columns_wrap sc_item_columns trx_addons_columns_wrap columns_padding_bottom columns_in_single_row\"><div class=\"trx_addons_column-1_2\"><div class=\"sc_icons_item\"><div class=\"sc_icons_icon sc_icon_type_ icon-megaphone-light\"><span class=\"sc_icon_type_ icon-megaphone-light\"><\/span><\/div><div class=\"sc_icons_item_details\"><h4 class=\"sc_icons_item_title\"><span>Phase 3 : Le Code Amourgynoir en pratique<\/span><\/h4><div class=\"sc_icons_item_description\"><span>Mettre \u00e0 l'essai le Code Amourgynoir dans les organisations qui desservent les FJFPDIG-N survivant\u00b7e\u00b7s de violence anti-Noir\u00b7e\u00b7s genr\u00e9e.<\/span><span><br><\/span><span>Dispenser une formation sur la fa\u00e7on d'int\u00e9grer le Code Amourgynoir dans la culture des organisations qui desservent les FJFPDIG-N survivant\u00b7e\u00b7s de violence anti-Noir\u00b7e\u00b7s genr\u00e9e. <\/span><span><\/span><\/div><\/div><\/div><\/div><div class=\"trx_addons_column-1_2\"><div class=\"sc_icons_item\"><div class=\"sc_icons_icon sc_icon_type_ icon-speech\"><span class=\"sc_icon_type_ icon-speech\"><\/span><\/div><div class=\"sc_icons_item_details\"><h4 class=\"sc_icons_item_title\"><span>Phase 4 : Plateforme de connaissances et \u00e9change d'exp\u00e9riences <\/span><\/h4><div class=\"sc_icons_item_description\"><span>Co-cr\u00e9er, rassembler, collecter et diffuser la collecte de la v\u00e9rit\u00e9 au sujet des FJFPDIG-N dans un contexte historique et contemporain, \u00e0 l'aide de supports multim\u00e9dias.<\/span><span><br><\/span><span>Organiser des expositions virtuelles qui comm\u00e9morent la survie et la r\u00e9sistance des FJFPDIG-N. <\/span><span><\/span><\/div><\/div><\/div><\/div><\/div><\/div><!-- \/.sc_icons -->\t\t\t\t<\/div>\n\t\t\t\t<\/div>\n\t\t\t\t\t<\/div>\n\t\t<\/div>\n\t\t\t\t\t<\/div>\n\t\t<\/section>\n\t\t\t\t<\/div>","protected":false},"excerpt":{"rendered":"<p>Our Research Plan Introducing: a landmark national research project by, for and about BWGGD.\u00a0This groundbreaking research plan will document the lived experience of BWGGDT survivors of anti-Black gender-based violence to advance equity. Our&hellip;<\/p>","protected":false},"author":1,"featured_media":0,"parent":0,"menu_order":0,"comment_status":"closed","ping_status":"closed","template":"","meta":{"footnotes":""},"class_list":["post-5683","page","type-page","status-publish","hentry"],"_links":{"self":[{"href":"https:\/\/www.theamourgynoircode.org\/fr\/wp-json\/wp\/v2\/pages\/5683","targetHints":{"allow":["GET"]}}],"collection":[{"href":"https:\/\/www.theamourgynoircode.org\/fr\/wp-json\/wp\/v2\/pages"}],"about":[{"href":"https:\/\/www.theamourgynoircode.org\/fr\/wp-json\/wp\/v2\/types\/page"}],"author":[{"embeddable":true,"href":"https:\/\/www.theamourgynoircode.org\/fr\/wp-json\/wp\/v2\/users\/1"}],"replies":[{"embeddable":true,"href":"https:\/\/www.theamourgynoircode.org\/fr\/wp-json\/wp\/v2\/comments?post=5683"}],"version-history":[{"count":10,"href":"https:\/\/www.theamourgynoircode.org\/fr\/wp-json\/wp\/v2\/pages\/5683\/revisions"}],"predecessor-version":[{"id":6192,"href":"https:\/\/www.theamourgynoircode.org\/fr\/wp-json\/wp\/v2\/pages\/5683\/revisions\/6192"}],"wp:attachment":[{"href":"https:\/\/www.theamourgynoircode.org\/fr\/wp-json\/wp\/v2\/media?parent=5683"}],"curies":[{"name":"wp","href":"https:\/\/api.w.org\/{rel}","templated":true}]}}