{"id":5691,"date":"2022-12-05T07:24:18","date_gmt":"2022-12-05T12:24:18","guid":{"rendered":"https:\/\/www.theamourgynoircode.org\/?page_id=5691"},"modified":"2025-02-11T11:12:56","modified_gmt":"2025-02-11T16:12:56","slug":"send-black-love","status":"publish","type":"page","link":"https:\/\/www.theamourgynoircode.org\/fr\/send-black-love\/","title":{"rendered":"Transmettre l\u2019amour noir"},"content":{"rendered":"<div data-elementor-type=\"wp-post\" data-elementor-id=\"5691\" class=\"elementor elementor-5691\">\n\t\t\t\t\t\t<section class=\"elementor-section elementor-top-section elementor-element elementor-element-2884e58 elementor-section-boxed elementor-section-height-default elementor-section-height-default\" data-id=\"2884e58\" data-element_type=\"section\">\n\t\t\t\t\t\t<div class=\"elementor-container elementor-column-gap-extended\">\n\t\t\t\t\t<div class=\"elementor-column elementor-col-50 elementor-top-column elementor-element elementor-element-6648fab sc_inner_width_none sc_content_align_inherit sc_layouts_column_icons_position_left\" data-id=\"6648fab\" data-element_type=\"column\">\n\t\t\t<div class=\"elementor-widget-wrap elementor-element-populated\">\n\t\t\t\t\t\t<div class=\"elementor-element elementor-element-b34597d sc_fly_static elementor-widget elementor-widget-image\" data-id=\"b34597d\" data-element_type=\"widget\" data-widget_type=\"image.default\">\n\t\t\t\t<div class=\"elementor-widget-container\">\n\t\t\t\t\t\t\t\t\t\t\t\t\t\t\t<img fetchpriority=\"high\" decoding=\"async\" width=\"1024\" height=\"673\" src=\"https:\/\/www.theamourgynoircode.org\/wp-content\/uploads\/2022\/12\/send-black-love-envelope-1024x673.png\" class=\"attachment-large size-large wp-image-5720\" alt=\"\" srcset=\"https:\/\/www.theamourgynoircode.org\/wp-content\/uploads\/2022\/12\/send-black-love-envelope-1024x673.png 1024w, https:\/\/www.theamourgynoircode.org\/wp-content\/uploads\/2022\/12\/send-black-love-envelope-300x197.png 300w, https:\/\/www.theamourgynoircode.org\/wp-content\/uploads\/2022\/12\/send-black-love-envelope-768x505.png 768w, https:\/\/www.theamourgynoircode.org\/wp-content\/uploads\/2022\/12\/send-black-love-envelope-1536x1009.png 1536w, https:\/\/www.theamourgynoircode.org\/wp-content\/uploads\/2022\/12\/send-black-love-envelope-2048x1346.png 2048w, https:\/\/www.theamourgynoircode.org\/wp-content\/uploads\/2022\/12\/send-black-love-envelope-600x394.png 600w, https:\/\/www.theamourgynoircode.org\/wp-content\/uploads\/2022\/12\/send-black-love-envelope-370x243.png 370w, https:\/\/www.theamourgynoircode.org\/wp-content\/uploads\/2022\/12\/send-black-love-envelope-770x506.png 770w, https:\/\/www.theamourgynoircode.org\/wp-content\/uploads\/2022\/12\/send-black-love-envelope-1170x769.png 1170w\" sizes=\"(max-width: 1024px) 100vw, 1024px\" \/>\t\t\t\t\t\t\t\t\t\t\t\t\t\t\t<\/div>\n\t\t\t\t<\/div>\n\t\t\t\t\t<\/div>\n\t\t<\/div>\n\t\t\t\t<div class=\"elementor-column elementor-col-50 elementor-top-column elementor-element elementor-element-ce85091 sc_inner_width_none sc_content_align_inherit sc_layouts_column_icons_position_left\" data-id=\"ce85091\" data-element_type=\"column\">\n\t\t\t<div class=\"elementor-widget-wrap elementor-element-populated\">\n\t\t\t\t\t\t<div class=\"elementor-element elementor-element-d5b65f0 sc_fly_static elementor-widget elementor-widget-text-editor\" data-id=\"d5b65f0\" data-element_type=\"widget\" data-widget_type=\"text-editor.default\">\n\t\t\t\t<div class=\"elementor-widget-container\">\n\t\t\t\t\t\t\t\t\t<div style=\"font-size: 20px;\"><p>\u00catre une femme, une fille, une personne de genre divers ou une personne trans noire n'est pas toujours facile. On nous dit souvent d'\u00eatre fortes, de nous taire, de porter le fardeau des autres.<\/p><p>Cette ann\u00e9e, on vous invite \u00e0 envoyer une carte virtuelle \u00e0 une femme, une fille ou une personne de genre divers de votre entourage pour lui faire savoir qu'elle est aim\u00e9e, qu'elle est appr\u00e9ci\u00e9e, qu'elle est honor\u00e9e et qu'elle est choy\u00e9e !<\/p><p>Choisissez parmi les cartes ci-dessous et envoyez un message personnel d'amour et de soutien aux femmes noires de votre entourage, juste parce que !<\/p><\/div>\t\t\t\t\t\t\t\t<\/div>\n\t\t\t\t<\/div>\n\t\t\t\t\t<\/div>\n\t\t<\/div>\n\t\t\t\t\t<\/div>\n\t\t<\/section>\n\t\t\t\t<section class=\"elementor-section elementor-top-section elementor-element elementor-element-f19bb83 elementor-section-boxed elementor-section-height-default elementor-section-height-default\" data-id=\"f19bb83\" data-element_type=\"section\">\n\t\t\t\t\t\t<div class=\"elementor-container elementor-column-gap-extended\">\n\t\t\t\t\t<div class=\"elementor-column elementor-col-100 elementor-top-column elementor-element elementor-element-3312224 sc_inner_width_none sc_content_align_inherit sc_layouts_column_icons_position_left\" data-id=\"3312224\" data-element_type=\"column\">\n\t\t\t<div class=\"elementor-widget-wrap elementor-element-populated\">\n\t\t\t\t\t\t<div class=\"elementor-element elementor-element-ceb62f8 sc_fly_static elementor-widget elementor-widget-shortcode\" data-id=\"ceb62f8\" data-element_type=\"widget\" data-widget_type=\"shortcode.default\">\n\t\t\t\t<div class=\"elementor-widget-container\">\n\t\t\t\t\t\t\t<div class=\"elementor-shortcode\"><style>.ecard-container input[type=text],.ecard-container input[type=email],.ecard-container input[type=submit],.ecard-container select,.ecard-container textarea{font-family:inherit;font-size:inherit;padding:8px;margin-bottom:4px;width:auto}.ecard-container select{height:auto}.ecard-confirmation{background-color:#7bdcb5;color:#000;padding:1.25em 2.375em}#ecard_email_from,#ecard_from,#ecard_message,#ecard_to{width:50%}#ecard_send{padding:8px 16px}a.dropbox-dropin-btn,a.dropbox-dropin-btn:hover,a.dropbox-dropin-btn:link,a.dropbox-dropin-btn:visited{color:#636363}@media all and (max-width:720px){#ecard_email_from,#ecard_from,#ecard_message,#ecard_to{width:100%!important}}<\/style><div class=\"ecard-container\">\n        <form action=\"#\" method=\"post\" enctype=\"multipart\/form-data\" id=\"eCardForm\" data-trp-original-action=\"#\"><div role=\"radiogroup\" class=\"wp-block-columns\" style=\"gap:2em\"><div class=\"wp-block-column\"><a href=\"https:\/\/www.theamourgynoircode.org\/wp-content\/uploads\/2022\/12\/send-black-love2-300x195.png\" class=\"ecards\"><figure class=\"wp-block-image size-large\">\n                    <img decoding=\"async\" width=\"800\" height=\"520\" src=\"https:\/\/www.theamourgynoircode.org\/wp-content\/uploads\/2022\/12\/send-black-love2.png\" class=\"attachment-full size-full\" alt=\"\" srcset=\"https:\/\/www.theamourgynoircode.org\/wp-content\/uploads\/2022\/12\/send-black-love2.png 800w, https:\/\/www.theamourgynoircode.org\/wp-content\/uploads\/2022\/12\/send-black-love2-300x195.png 300w, https:\/\/www.theamourgynoircode.org\/wp-content\/uploads\/2022\/12\/send-black-love2-768x499.png 768w, https:\/\/www.theamourgynoircode.org\/wp-content\/uploads\/2022\/12\/send-black-love2-370x241.png 370w, https:\/\/www.theamourgynoircode.org\/wp-content\/uploads\/2022\/12\/send-black-love2-770x501.png 770w\" sizes=\"(max-width: 800px) 100vw, 800px\" \/>\n                <\/figure><\/a><input type=\"radio\" name=\"ecard_pick_me\" id=\"ecard5694\" value=\"5694\" checked><label for=\"ecard5694\"><\/label><\/div><div class=\"wp-block-column\"><a href=\"https:\/\/www.theamourgynoircode.org\/wp-content\/uploads\/2022\/12\/send-black-love1-300x197.png\" class=\"ecards\"><figure class=\"wp-block-image size-large\">\n                    <img decoding=\"async\" width=\"2917\" height=\"1917\" src=\"https:\/\/www.theamourgynoircode.org\/wp-content\/uploads\/2022\/12\/send-black-love1.png\" class=\"attachment-full size-full\" alt=\"\" srcset=\"https:\/\/www.theamourgynoircode.org\/wp-content\/uploads\/2022\/12\/send-black-love1.png 2917w, https:\/\/www.theamourgynoircode.org\/wp-content\/uploads\/2022\/12\/send-black-love1-300x197.png 300w, https:\/\/www.theamourgynoircode.org\/wp-content\/uploads\/2022\/12\/send-black-love1-1024x673.png 1024w, https:\/\/www.theamourgynoircode.org\/wp-content\/uploads\/2022\/12\/send-black-love1-768x505.png 768w, https:\/\/www.theamourgynoircode.org\/wp-content\/uploads\/2022\/12\/send-black-love1-1536x1009.png 1536w, https:\/\/www.theamourgynoircode.org\/wp-content\/uploads\/2022\/12\/send-black-love1-2048x1346.png 2048w, https:\/\/www.theamourgynoircode.org\/wp-content\/uploads\/2022\/12\/send-black-love1-370x243.png 370w, https:\/\/www.theamourgynoircode.org\/wp-content\/uploads\/2022\/12\/send-black-love1-770x506.png 770w, https:\/\/www.theamourgynoircode.org\/wp-content\/uploads\/2022\/12\/send-black-love1-1170x769.png 1170w\" sizes=\"(max-width: 2917px) 100vw, 2917px\" \/>\n                <\/figure><\/a><input type=\"radio\" name=\"ecard_pick_me\" id=\"ecard5693\" value=\"5693\" checked><label for=\"ecard5693\"><\/label><\/div><\/div><div class=\"wp-block-columns\" style=\"gap:2em\"><\/div><p>\n                <label for=\"ecard_from\">Votre nom<\/label><br>\n                <input type=\"text\" id=\"ecard_from\" name=\"ecard_from\" size=\"30\" required>\n            <\/p>\n            <p>\n                <label for=\"ecard_email_from\">Votre courriel<\/label><br>\n                <input type=\"email\" id=\"ecard_email_from\" name=\"ecard_email_from\" size=\"30\" required>\n            <\/p><p>\n                    <label for=\"ecard_to\">Le courriel du destinataire<\/label><br>\n                    <input type=\"email\" id=\"ecard_to\" name=\"ecard_to\" size=\"30\" required>\n                <\/p><p><label for=\"ecard_message\">Message de la carte<\/label><br><textarea id=\"ecard_message\" name=\"ecard_message\" rows=\"6\" cols=\"60\"><\/textarea><\/p><input type=\"hidden\" name=\"ecard_include_content\" value=\"\t\t\t\t\t\t\t\t\t\t\t\t\t\t\t\t\tBeing a Black woman\/girl\/gender diverse\/trans person can be tough. We are often told to be strong, to be silent, to carry the burden of others.This year, we ask you to send a virtual card to a Black woman\/girl\/gender diverse person in your life to let them know that they are loved, they are valued, they are honoured, and they are cherished!Choose from one of the cards below, and send a personal message of love &amp; support to the Black women in your life \u2013 just because!\"><p>\n                <input type=\"hidden\" name=\"ecard_referer\" value=\"https:\/\/www.theamourgynoircode.org\/fr\/send-black-love\/\">\n                <input type=\"submit\" id=\"ecard_send\" name=\"ecard_send\" value=\"Envoyer la carte\">\n            <\/p>\n        <input type=\"hidden\" name=\"trp-form-language\" value=\"fr\"\/><\/form>\n    <\/div><\/div>\n\t\t\t\t\t\t<\/div>\n\t\t\t\t<\/div>\n\t\t\t\t\t<\/div>\n\t\t<\/div>\n\t\t\t\t\t<\/div>\n\t\t<\/section>\n\t\t\t\t<\/div>","protected":false},"excerpt":{"rendered":"<p>Being a Black woman\/girl\/gender diverse\/trans person can be tough. We are often told to be strong, to be silent, to carry the burden of others. This year, we ask you to send a&hellip;<\/p>","protected":false},"author":1,"featured_media":0,"parent":0,"menu_order":0,"comment_status":"closed","ping_status":"closed","template":"","meta":{"footnotes":""},"class_list":["post-5691","page","type-page","status-publish","hentry"],"_links":{"self":[{"href":"https:\/\/www.theamourgynoircode.org\/fr\/wp-json\/wp\/v2\/pages\/5691","targetHints":{"allow":["GET"]}}],"collection":[{"href":"https:\/\/www.theamourgynoircode.org\/fr\/wp-json\/wp\/v2\/pages"}],"about":[{"href":"https:\/\/www.theamourgynoircode.org\/fr\/wp-json\/wp\/v2\/types\/page"}],"author":[{"embeddable":true,"href":"https:\/\/www.theamourgynoircode.org\/fr\/wp-json\/wp\/v2\/users\/1"}],"replies":[{"embeddable":true,"href":"https:\/\/www.theamourgynoircode.org\/fr\/wp-json\/wp\/v2\/comments?post=5691"}],"version-history":[{"count":22,"href":"https:\/\/www.theamourgynoircode.org\/fr\/wp-json\/wp\/v2\/pages\/5691\/revisions"}],"predecessor-version":[{"id":6185,"href":"https:\/\/www.theamourgynoircode.org\/fr\/wp-json\/wp\/v2\/pages\/5691\/revisions\/6185"}],"wp:attachment":[{"href":"https:\/\/www.theamourgynoircode.org\/fr\/wp-json\/wp\/v2\/media?parent=5691"}],"curies":[{"name":"wp","href":"https:\/\/api.w.org\/{rel}","templated":true}]}}