{"id":5785,"date":"2022-12-07T20:16:56","date_gmt":"2022-12-08T01:16:56","guid":{"rendered":"https:\/\/www.theamourgynoircode.org\/?page_id=5785"},"modified":"2025-02-11T11:11:38","modified_gmt":"2025-02-11T16:11:38","slug":"share-her-story","status":"publish","type":"page","link":"https:\/\/www.theamourgynoircode.org\/fr\/share-her-story\/","title":{"rendered":"Partager leur histoire"},"content":{"rendered":"<div data-elementor-type=\"wp-post\" data-elementor-id=\"5785\" class=\"elementor elementor-5785\">\n\t\t\t\t\t\t<section class=\"elementor-section elementor-top-section elementor-element elementor-element-2884e58 elementor-section-boxed elementor-section-height-default elementor-section-height-default\" data-id=\"2884e58\" data-element_type=\"section\">\n\t\t\t\t\t\t<div class=\"elementor-container elementor-column-gap-extended\">\n\t\t\t\t\t<div class=\"elementor-column elementor-col-50 elementor-top-column elementor-element elementor-element-6648fab sc_inner_width_none sc_content_align_inherit sc_layouts_column_icons_position_left\" data-id=\"6648fab\" data-element_type=\"column\">\n\t\t\t<div class=\"elementor-widget-wrap elementor-element-populated\">\n\t\t\t\t\t\t<div class=\"elementor-element elementor-element-b34597d sc_fly_static elementor-widget elementor-widget-image\" data-id=\"b34597d\" data-element_type=\"widget\" data-widget_type=\"image.default\">\n\t\t\t\t<div class=\"elementor-widget-container\">\n\t\t\t\t\t\t\t\t\t\t\t\t\t\t\t<img fetchpriority=\"high\" decoding=\"async\" width=\"1024\" height=\"1024\" src=\"https:\/\/www.theamourgynoircode.org\/wp-content\/uploads\/2022\/12\/the-amourgynoir-code-black-heart-1024x1024.png\" class=\"attachment-large size-large wp-image-5787\" alt=\"\" srcset=\"https:\/\/www.theamourgynoircode.org\/wp-content\/uploads\/2022\/12\/the-amourgynoir-code-black-heart-1024x1024.png 1024w, https:\/\/www.theamourgynoircode.org\/wp-content\/uploads\/2022\/12\/the-amourgynoir-code-black-heart-300x300.png 300w, https:\/\/www.theamourgynoircode.org\/wp-content\/uploads\/2022\/12\/the-amourgynoir-code-black-heart-150x150.png 150w, https:\/\/www.theamourgynoircode.org\/wp-content\/uploads\/2022\/12\/the-amourgynoir-code-black-heart-768x768.png 768w, https:\/\/www.theamourgynoircode.org\/wp-content\/uploads\/2022\/12\/the-amourgynoir-code-black-heart-600x600.png 600w, https:\/\/www.theamourgynoircode.org\/wp-content\/uploads\/2022\/12\/the-amourgynoir-code-black-heart-370x370.png 370w, https:\/\/www.theamourgynoircode.org\/wp-content\/uploads\/2022\/12\/the-amourgynoir-code-black-heart-90x90.png 90w, https:\/\/www.theamourgynoircode.org\/wp-content\/uploads\/2022\/12\/the-amourgynoir-code-black-heart-770x770.png 770w, https:\/\/www.theamourgynoircode.org\/wp-content\/uploads\/2022\/12\/the-amourgynoir-code-black-heart-1170x1170.png 1170w, https:\/\/www.theamourgynoircode.org\/wp-content\/uploads\/2022\/12\/the-amourgynoir-code-black-heart.png 1500w\" sizes=\"(max-width: 1024px) 100vw, 1024px\" \/>\t\t\t\t\t\t\t\t\t\t\t\t\t\t\t<\/div>\n\t\t\t\t<\/div>\n\t\t\t\t\t<\/div>\n\t\t<\/div>\n\t\t\t\t<div class=\"elementor-column elementor-col-50 elementor-top-column elementor-element elementor-element-ce85091 sc_inner_width_none sc_content_align_inherit sc_layouts_column_icons_position_left\" data-id=\"ce85091\" data-element_type=\"column\">\n\t\t\t<div class=\"elementor-widget-wrap elementor-element-populated\">\n\t\t\t\t\t\t<div class=\"elementor-element elementor-element-d5b65f0 sc_fly_static elementor-widget elementor-widget-text-editor\" data-id=\"d5b65f0\" data-element_type=\"widget\" data-widget_type=\"text-editor.default\">\n\t\t\t\t<div class=\"elementor-widget-container\">\n\t\t\t\t\t\t\t\t\t<div style=\"font-size: 20px;\"><p>Chaque jour, trop de femmes, de filles, de personnes de genre divers et de personnes trans noires (FJFPDIG-N) nous sont enlev\u00e9es \u00e0 cause de la violence genr\u00e9e. Et trop souvent, les histoires de nos proches ne re\u00e7oivent pas l'attention, la compassion et la mobilisation qu'elles m\u00e9ritent.<br \/><br \/><br \/>Trop de c\u0153urs noirs sont bris\u00e9s chaque fois qu'un \u00eatre cher est assassin\u00e9.<br \/><br \/><br \/>Aidez-nous en partageant les histoires in\u00e9dites des filles, s\u0153urs, m\u00e8res, partenaires, cousines, parent\u00b7e\u00b7s, ami\u00b7e\u00b7s, coll\u00e8gues, voisin\u00b7e\u00b7s qui ont \u00e9t\u00e9 enlev\u00e9s trop t\u00f4t.<br \/><br \/><br \/>Nous nous souviendrons d'elles et d\u2019eux, nous amplifierons leurs histoires de mani\u00e8re \u00e0 mettre en lumi\u00e8re leurs meurtres injustifi\u00e9s, tout en prenant des mesures collectives pour pr\u00e9venir d'autres f\u00e9minicides de Noir\u00b7e\u00b7s.<\/p><\/div>\t\t\t\t\t\t\t\t<\/div>\n\t\t\t\t<\/div>\n\t\t\t\t\t<\/div>\n\t\t<\/div>\n\t\t\t\t\t<\/div>\n\t\t<\/section>\n\t\t\t\t<section class=\"elementor-section elementor-top-section elementor-element elementor-element-1cbb665 elementor-section-boxed elementor-section-height-default elementor-section-height-default\" data-id=\"1cbb665\" data-element_type=\"section\">\n\t\t\t\t\t\t<div class=\"elementor-container elementor-column-gap-extended\">\n\t\t\t\t\t<div class=\"elementor-column elementor-col-100 elementor-top-column elementor-element elementor-element-bec8394 sc_inner_width_none sc_content_align_inherit sc_layouts_column_icons_position_left\" data-id=\"bec8394\" data-element_type=\"column\">\n\t\t\t<div class=\"elementor-widget-wrap elementor-element-populated\">\n\t\t\t\t\t\t<div class=\"elementor-element elementor-element-535b2a8 sc_fly_static elementor-widget elementor-widget-toggle\" data-id=\"535b2a8\" data-element_type=\"widget\" data-widget_type=\"toggle.default\">\n\t\t\t\t<div class=\"elementor-widget-container\">\n\t\t\t\t\t\t\t<div class=\"elementor-toggle\">\n\t\t\t\t\t\t\t<div class=\"elementor-toggle-item\">\n\t\t\t\t\t<div id=\"elementor-tab-title-8741\" class=\"elementor-tab-title\" data-tab=\"1\" role=\"button\" aria-controls=\"elementor-tab-content-8741\" aria-expanded=\"false\">\n\t\t\t\t\t\t\t\t\t\t\t\t<span class=\"elementor-toggle-icon elementor-toggle-icon-left\" aria-hidden=\"true\">\n\t\t\t\t\t\t\t\t\t\t\t\t\t\t\t<span class=\"elementor-toggle-icon-closed\"><i class=\"fas fa-caret-right\"><\/i><\/span>\n\t\t\t\t\t\t\t\t<span class=\"elementor-toggle-icon-opened\"><i class=\"elementor-toggle-icon-opened fas fa-caret-up\"><\/i><\/span>\n\t\t\t\t\t\t\t\t\t\t\t\t\t<\/span>\n\t\t\t\t\t\t\t\t\t\t\t\t<a class=\"elementor-toggle-title\" tabindex=\"0\">Cliquez ici pour partager leur histoire<\/a>\n\t\t\t\t\t<\/div>\n\n\t\t\t\t\t<div id=\"elementor-tab-content-8741\" class=\"elementor-tab-content elementor-clearfix\" data-tab=\"1\" role=\"region\" aria-labelledby=\"elementor-tab-title-8741\"><script type=\"text\/javascript\">var gform;gform||(document.addEventListener(\"gform_main_scripts_loaded\",function(){gform.scriptsLoaded=!0}),window.addEventListener(\"DOMContentLoaded\",function(){gform.domLoaded=!0}),gform={domLoaded:!1,scriptsLoaded:!1,initializeOnLoaded:function(o){gform.domLoaded&&gform.scriptsLoaded?o():!gform.domLoaded&&gform.scriptsLoaded?window.addEventListener(\"DOMContentLoaded\",o):document.addEventListener(\"gform_main_scripts_loaded\",o)},hooks:{action:{},filter:{}},addAction:function(o,n,r,t){gform.addHook(\"action\",o,n,r,t)},addFilter:function(o,n,r,t){gform.addHook(\"filter\",o,n,r,t)},doAction:function(o){gform.doHook(\"action\",o,arguments)},applyFilters:function(o){return gform.doHook(\"filter\",o,arguments)},removeAction:function(o,n){gform.removeHook(\"action\",o,n)},removeFilter:function(o,n,r){gform.removeHook(\"filter\",o,n,r)},addHook:function(o,n,r,t,i){null==gform.hooks[o][n]&&(gform.hooks[o][n]=[]);var e=gform.hooks[o][n];null==i&&(i=n+\"_\"+e.length),gform.hooks[o][n].push({tag:i,callable:r,priority:t=null==t?10:t})},doHook:function(n,o,r){var t;if(r=Array.prototype.slice.call(r,1),null!=gform.hooks[n][o]&&((o=gform.hooks[n][o]).sort(function(o,n){return o.priority-n.priority}),o.forEach(function(o){\"function\"!=typeof(t=o.callable)&&(t=window[t]),\"action\"==n?t.apply(null,r):r[0]=t.apply(null,r)})),\"filter\"==n)return r[0]},removeHook:function(o,n,t,i){var r;null!=gform.hooks[o][n]&&(r=(r=gform.hooks[o][n]).filter(function(o,n,r){return!!(null!=i&&i!=o.tag||null!=t&&t!=o.priority)}),gform.hooks[o][n]=r)}});<\/script>\n                <div class='gf_browser_gecko gform_wrapper gravity-theme' id='gform_wrapper_1' >\n                        <div class='gform_heading'>\n                            <h2 class=\"gform_title\">Partager leur histoire<\/h2>\n                            <span class='gform_description'>Elles ne sont pas l\u00e0 pour t\u00e9moigner, c'est pourquoi nous devons parler en leur nom. Elles ont \u00e9t\u00e9 aim\u00e9es. Elles avaient des espoirs et des r\u00eaves. Elles nous manquent. Parlez-nous d'elles, afin que nous puissions montrer au pays que ces personnes comptaient, que leur vie \u00e9tait pr\u00e9cieuse et que leur mort \u00e9tait tragique et aurait pu \u00eatre \u00e9vit\u00e9e. En partageant leur histoire, vous ouvrirez la voie \u00e0 la cr\u00e9ation de processus de responsabilisation communautaire v\u00e9ritablement transformateurs.<\/span>\n                        <\/div><form method='post' enctype='multipart\/form-data'  id='gform_1'  action='\/fr\/wp-json\/wp\/v2\/pages\/5785' data-trp-original-action=\"\/fr\/wp-json\/wp\/v2\/pages\/5785\" >\n                        <div class='gform_body gform-body'><div id='gform_fields_1' class='gform_fields top_label form_sublabel_below description_above'><div id=\"field_1_35\"  class=\"gfield gfield_contains_required field_sublabel_below field_description_above gfield_visibility_visible\"  data-js-reload=\"field_1_35\"><label class='gfield_label' for='input_1_35' >What&#039;s your name?<span class=\"gfield_required\"><span class=\"gfield_required gfield_required_text\">(Required)<\/span><\/span><\/label><div class='ginput_container ginput_container_text'><input name='input_35' id='input_1_35' type='text' value='' class='medium'     aria-required=\"true\" aria-invalid=\"false\"   \/> <\/div><\/div><div id=\"field_1_37\"  class=\"gfield gfield_contains_required field_sublabel_below field_description_above gfield_visibility_visible\"  data-js-reload=\"field_1_37\"><label class='gfield_label' for='input_1_37' >Please provide your email address<span class=\"gfield_required\"><span class=\"gfield_required gfield_required_text\">(Required)<\/span><\/span><\/label><div class='gfield_description' id='gfield_description_1_37'>We&#8217;ll only ever use this to contact you about the story you shared.<\/div><div class='ginput_container ginput_container_email'>\n                            <input name='input_37' id='input_1_37' type='text' value='' class='medium'    aria-required=\"true\" aria-invalid=\"false\" aria-describedby=\"gfield_description_1_37\" \/>\n                        <\/div><\/div><div id=\"field_1_36\"  class=\"gfield field_sublabel_below field_description_above gfield_visibility_visible\"  data-js-reload=\"field_1_36\"><label class='gfield_label' for='input_1_36' >And what is her name?<\/label><div class='ginput_container ginput_container_text'><input name='input_36' id='input_1_36' type='text' value='' class='medium'      aria-invalid=\"false\"   \/> <\/div><\/div><div id=\"field_1_40\"  class=\"gfield field_sublabel_below field_description_above gfield_visibility_visible\"  data-js-reload=\"field_1_40\"><label class='gfield_label' for='input_1_40' >What is your relation to her?<\/label><div class='gfield_description' id='gfield_description_1_40'>Family member, friend, etc.<\/div><div class='ginput_container ginput_container_text'><input name='input_40' id='input_1_40' type='text' value='' class='medium'  aria-describedby=\"gfield_description_1_40\"    aria-invalid=\"false\"   \/> <\/div><\/div><div id=\"field_1_10\"  class=\"gfield field_sublabel_below field_description_above gfield_visibility_visible\"  data-js-reload=\"field_1_10\"><label class='gfield_label' for='input_1_10' >Where in Canada was she from?<\/label><div class='ginput_container ginput_container_text'><input name='input_10' id='input_1_10' type='text' value='' class='medium'      aria-invalid=\"false\"   \/> <\/div><\/div><div id=\"field_1_38\"  class=\"gfield field_sublabel_below field_description_above gfield_visibility_visible\"  data-js-reload=\"field_1_38\"><label class='gfield_label' for='input_1_38' >If you&#039;re comfortable, please share her age at the time of her passing.<\/label><div class='ginput_container ginput_container_number'><input name='input_38' id='input_1_38' type='text'    value='' class='medium'      aria-invalid=\"false\"  \/><\/div><\/div><div id=\"field_1_39\"  class=\"gfield field_sublabel_below field_description_above gfield_visibility_visible\"  data-js-reload=\"field_1_39\"><label class='gfield_label' for='input_1_39' >Please share with us the story of your loved one.<\/label><div class='gfield_description' id='gfield_description_1_39'>As a prompt, we suggest including:\n<br>\n&#8211; what made her powerful &#038; inspiring in life\n<br>\n&#8211; the circumstances of her passing\n<br>\n&#8211; what you want the world to know about her<\/div><div class='ginput_container ginput_container_textarea'><textarea name='input_39' id='input_1_39' class='textarea medium'  aria-describedby=\"gfield_description_1_39\"    aria-invalid=\"false\"   rows='10' cols='50'><\/textarea><\/div><\/div><div id=\"field_1_32\"  class=\"gfield field_sublabel_below field_description_above gfield_visibility_visible\"  data-js-reload=\"field_1_32\"><label class='gfield_label' for='input_1_32' >If you&#039;re comfortable, please upload a photo of her.<\/label><div class='ginput_container ginput_container_fileupload'><input type='hidden' name='MAX_FILE_SIZE' value='268435456' \/><input name='input_32' id='input_1_32' type='file' class='medium' aria-describedby=\"gfield_upload_rules_1_32\" onchange='javascript:gformValidateFileSize( this, 268435456 );'  \/><span class='gform_fileupload_rules' id='gfield_upload_rules_1_32'>Max. file size: 256 MB.<\/span><div class='validation_message validation_message--hidden-on-empty' id='live_validation_message_1_32'><\/div><\/div><\/div><fieldset id=\"field_1_41\"  class=\"gfield field_sublabel_below field_description_above gfield_visibility_visible\"  data-js-reload=\"field_1_41\"><legend class='gfield_label gfield_label_before_complex'  >I wish to be updated on the progress of this truthtelling project.<\/legend><div class='ginput_container ginput_container_checkbox'><div class='gfield_checkbox' id='input_1_41'><div class='gchoice gchoice_1_41_1'>\n\t\t\t\t\t\t\t\t<input class='gfield-choice-input' name='input_41.1' type='checkbox'  value='Yes'  id='choice_1_41_1'   \/>\n\t\t\t\t\t\t\t\t<label for='choice_1_41_1' id='label_1_41_1'>Yes<\/label>\n\t\t\t\t\t\t\t<\/div><\/div><\/div><\/fieldset><\/div><\/div>\n        <div class='gform_footer top_label'> <input type='submit' id='gform_submit_button_1' class='gform_button button' value='Submit Her Story'  onclick='if(window[\"gf_submitting_1\"]){return false;}  window[\"gf_submitting_1\"]=true;  ' onkeypress='if( event.keyCode == 13 ){ if(window[\"gf_submitting_1\"]){return false;} window[\"gf_submitting_1\"]=true;  jQuery(\"#gform_1\").trigger(\"submit\",[true]); }' \/> <button type='button'  id='gform_save_1_footer_link' class='gform_save_link button'  onclick='if(window[\"gf_submitting_1\"]){return false;}  window[\"gf_submitting_1\"]=true; jQuery(\"#gform_save_1\").val(1); jQuery(\"#gform_1\").trigger(\"submit\",[true]);' onkeypress='if( event.keyCode == 13 ){ if(window[\"gf_submitting_1\"]){return false;} window[\"gf_submitting_1\"]=true; jQuery(\"#gform_save_1\").val(1); jQuery(\"#gform_1\").trigger(\"submit\",[true]); }'><svg aria-hidden=\"true\" focusable=\"false\" width=\"16\" height=\"16\" fill=\"none\" xmlns=\"http:\/\/www.w3.org\/2000\/svg\"><path fill-rule=\"evenodd\" clip-rule=\"evenodd\" d=\"M0 8a4 4 0 004 4h3v3a1 1 0 102 0v-3h3a4 4 0 100-8 4 4 0 10-8 0 4 4 0 00-4 4zm9 4H7V7.414L5.707 8.707a1 1 0 01-1.414-1.414l3-3a1 1 0 011.414 0l3 3a1 1 0 01-1.414 1.414L9 7.414V12z\" fill=\"#6B7280\"\/><\/svg> Save and Continue Later<\/button>\n            <input type='hidden' class='gform_hidden' name='is_submit_1' value='1' \/>\n            <input type='hidden' class='gform_hidden' name='gform_submit' value='1' \/>\n            <input type='hidden' class='gform_hidden' name='gform_save' id='gform_save_1' value='' \/>\n                             <input type='hidden' class='gform_hidden' name='gform_resume_token' id='gform_resume_token_1' value='' \/>\n            <input type='hidden' class='gform_hidden' name='gform_unique_id' value='' \/>\n            <input type='hidden' class='gform_hidden' name='state_1' value='WyJbXSIsImJiZjdhY2IzMzk2Yzg1MTNmYzZhZmMyNWYxYTRjYmJkIl0=' \/>\n            <input type='hidden' class='gform_hidden' name='gform_target_page_number_1' id='gform_target_page_number_1' value='0' \/>\n            <input type='hidden' class='gform_hidden' name='gform_source_page_number_1' id='gform_source_page_number_1' value='1' \/>\n            <input type='hidden' name='gform_field_values' value='' \/>\n            \n        <\/div>\n                        <p style=\"display: none !important;\" class=\"akismet-fields-container\" data-prefix=\"ak_\"><label>&#916;<textarea name=\"ak_hp_textarea\" cols=\"45\" rows=\"8\" maxlength=\"100\"><\/textarea><\/label><input type=\"hidden\" id=\"ak_js_1\" name=\"ak_js\" value=\"61\"\/><script>document.getElementById( \"ak_js_1\" ).setAttribute( \"value\", ( new Date() ).getTime() );<\/script><\/p><input type=\"hidden\" name=\"trp-form-language\" value=\"fr\"\/><\/form>\n                        <\/div><\/div>\n\t\t\t\t<\/div>\n\t\t\t\t\t\t\t\t<\/div>\n\t\t\t\t\t\t<\/div>\n\t\t\t\t<\/div>\n\t\t\t\t\t<\/div>\n\t\t<\/div>\n\t\t\t\t\t<\/div>\n\t\t<\/section>\n\t\t\t\t<\/div>","protected":false},"excerpt":{"rendered":"<p>Every day, too many Black women, girls, gender-diverse &amp; trans people (B-WGGDT) are taken from us because of gendered violence. And too often, our loved ones\u2019 stories are not given the attention, compassion&hellip;<\/p>","protected":false},"author":1,"featured_media":0,"parent":0,"menu_order":0,"comment_status":"closed","ping_status":"closed","template":"","meta":{"footnotes":""},"class_list":["post-5785","page","type-page","status-publish","hentry"],"_links":{"self":[{"href":"https:\/\/www.theamourgynoircode.org\/fr\/wp-json\/wp\/v2\/pages\/5785","targetHints":{"allow":["GET"]}}],"collection":[{"href":"https:\/\/www.theamourgynoircode.org\/fr\/wp-json\/wp\/v2\/pages"}],"about":[{"href":"https:\/\/www.theamourgynoircode.org\/fr\/wp-json\/wp\/v2\/types\/page"}],"author":[{"embeddable":true,"href":"https:\/\/www.theamourgynoircode.org\/fr\/wp-json\/wp\/v2\/users\/1"}],"replies":[{"embeddable":true,"href":"https:\/\/www.theamourgynoircode.org\/fr\/wp-json\/wp\/v2\/comments?post=5785"}],"version-history":[{"count":11,"href":"https:\/\/www.theamourgynoircode.org\/fr\/wp-json\/wp\/v2\/pages\/5785\/revisions"}],"predecessor-version":[{"id":6186,"href":"https:\/\/www.theamourgynoircode.org\/fr\/wp-json\/wp\/v2\/pages\/5785\/revisions\/6186"}],"wp:attachment":[{"href":"https:\/\/www.theamourgynoircode.org\/fr\/wp-json\/wp\/v2\/media?parent=5785"}],"curies":[{"name":"wp","href":"https:\/\/api.w.org\/{rel}","templated":true}]}}