{"id":5903,"date":"2023-05-25T10:50:21","date_gmt":"2023-05-25T14:50:21","guid":{"rendered":"https:\/\/www.theamourgynoircode.org\/?page_id=5903"},"modified":"2025-02-11T07:52:08","modified_gmt":"2025-02-11T12:52:08","slug":"youth-caucus","status":"publish","type":"page","link":"https:\/\/www.theamourgynoircode.org\/fr\/youth-caucus\/","title":{"rendered":"Le Caucus des jeunes"},"content":{"rendered":"<div data-elementor-type=\"wp-post\" data-elementor-id=\"5903\" class=\"elementor elementor-5903\">\n\t\t\t\t\t\t<section class=\"elementor-section elementor-top-section elementor-element elementor-element-6c3d4dd elementor-section-boxed elementor-section-height-default elementor-section-height-default\" data-id=\"6c3d4dd\" data-element_type=\"section\">\n\t\t\t\t\t\t<div class=\"elementor-container elementor-column-gap-extended\">\n\t\t\t\t\t<div class=\"elementor-column elementor-col-50 elementor-top-column elementor-element elementor-element-a885eb5 sc_inner_width_none sc_content_align_inherit sc_layouts_column_icons_position_left\" data-id=\"a885eb5\" data-element_type=\"column\">\n\t\t\t<div class=\"elementor-widget-wrap elementor-element-populated\">\n\t\t\t\t\t\t<div class=\"elementor-element elementor-element-80bd828 sc_fly_static elementor-widget elementor-widget-trx_sc_title\" data-id=\"80bd828\" data-element_type=\"widget\" data-widget_type=\"trx_sc_title.default\">\n\t\t\t\t<div class=\"elementor-widget-container\">\n\t\t\t\t\t<div id=\"trx_sc_title_77415525\"\r\n\t\tclass=\"sc_title color_style_link2 sc_title_decoration\"><h1 class=\"sc_item_title sc_title_title sc_item_title_style_decoration sc_item_title_tag\"><span class=\"sc_item_title_text\">Qu\u2019est-ce que le Caucus des jeunes pour la lib\u00e9ration des Noir\u00b7e\u00b7s ?<\/span><\/h1><div class=\"sc_item_descr sc_title_descr\"><p>Le Caucus des jeunes pour la lib\u00e9ration des Noir\u00b7e\u00b7s est un programme de soutien par les pairs virtuel qui a lieu en simultan\u00e9. Il est destin\u00e9 aux femmes, filles, personnes de diverses identit\u00e9s de genre, trans Noir\u00b7e\u00b7s survivant\u00b7e\u00b7s de violence genr\u00e9e \u00e2g\u00e9\u00b7e\u00b7s de 12 \u00e0 29 ans, pour qu\u2019elles puissent poursuivre leur gu\u00e9rison. Dans la mesure o\u00f9 les jeunes Noir\u00b7e\u00b7s ont moins d'acc\u00e8s, d'opportunit\u00e9s et de soutien en raison du racisme syst\u00e9mique anti-Noir\u00b7e\u00b7s et de la discrimination sexuelle, ce programme constitue \u00e0 la fois une solution culturellement adapt\u00e9e et une strat\u00e9gie de r\u00e9sistance au manque de ressources et d'espaces s\u00e9curitaires permettant aux jeunes Noir\u00b7e\u00b7s de mettre l'accent sur leur exp\u00e9rience de la violence genr\u00e9e et de ses intersections avec le racisme anti-Noir\u00b7e\u00b7s (RAN). <\/p>\n<\/div><\/div><!-- \/.sc_title -->\t\t\t\t<\/div>\n\t\t\t\t<\/div>\n\t\t\t\t\t<\/div>\n\t\t<\/div>\n\t\t\t\t<div class=\"elementor-column elementor-col-50 elementor-top-column elementor-element elementor-element-459bbfb sc_inner_width_none sc_content_align_inherit sc_layouts_column_icons_position_left\" data-id=\"459bbfb\" data-element_type=\"column\">\n\t\t\t<div class=\"elementor-widget-wrap elementor-element-populated\">\n\t\t\t\t\t\t<div class=\"elementor-element elementor-element-4128f6e sc_fly_static elementor-widget elementor-widget-image\" data-id=\"4128f6e\" data-element_type=\"widget\" data-widget_type=\"image.default\">\n\t\t\t\t<div class=\"elementor-widget-container\">\n\t\t\t\t\t\t\t\t\t\t\t\t\t\t\t<img decoding=\"async\" src=\"https:\/\/www.theamourgynoircode.org\/wp-content\/uploads\/2024\/01\/group-black-girls-spending-time-together-scaled.jpg\" title=\"group-black-girls-spending-time-together\" alt=\"group-black-girls-spending-time-together\" loading=\"lazy\" \/>\t\t\t\t\t\t\t\t\t\t\t\t\t\t\t<\/div>\n\t\t\t\t<\/div>\n\t\t\t\t<div class=\"elementor-element elementor-element-39df6de sc_fly_static elementor-widget elementor-widget-spacer\" data-id=\"39df6de\" data-element_type=\"widget\" data-widget_type=\"spacer.default\">\n\t\t\t\t<div class=\"elementor-widget-container\">\n\t\t\t\t\t\t\t<div class=\"elementor-spacer\">\n\t\t\t<div class=\"elementor-spacer-inner\"><\/div>\n\t\t<\/div>\n\t\t\t\t\t\t<\/div>\n\t\t\t\t<\/div>\n\t\t\t\t<div class=\"elementor-element elementor-element-7f526e4 sc_fly_static elementor-widget elementor-widget-text-editor\" data-id=\"7f526e4\" data-element_type=\"widget\" data-widget_type=\"text-editor.default\">\n\t\t\t\t<div class=\"elementor-widget-container\">\n\t\t\t\t\t\t\t\t\tNotre programme, dirig\u00e9 par des jeunes et consacr\u00e9 aux survivant\u00b7e\u00b7s , vise \u00e0 soutenir la sant\u00e9 mentale et le bien-\u00eatre des jeunes Noir\u00b7e\u00b7s en recourant \u00e0 des m\u00e9thodes d\u2019art-th\u00e9rapie, telles que l\u2019\u00e9criture cr\u00e9ative et le dessin, afin de favoriser la gu\u00e9rison.\t\t\t\t\t\t\t\t<\/div>\n\t\t\t\t<\/div>\n\t\t\t\t\t<\/div>\n\t\t<\/div>\n\t\t\t\t\t<\/div>\n\t\t<\/section>\n\t\t\t\t<section class=\"elementor-section elementor-top-section elementor-element elementor-element-93af3ec elementor-section-boxed elementor-section-height-default elementor-section-height-default\" data-id=\"93af3ec\" data-element_type=\"section\">\n\t\t\t\t\t\t<div class=\"elementor-container elementor-column-gap-extended\">\n\t\t\t\t\t<div class=\"elementor-column elementor-col-50 elementor-top-column elementor-element elementor-element-bb268f6 sc_inner_width_none sc_content_align_inherit sc_layouts_column_icons_position_left\" data-id=\"bb268f6\" data-element_type=\"column\">\n\t\t\t<div class=\"elementor-widget-wrap elementor-element-populated\">\n\t\t\t\t\t\t<div class=\"elementor-element elementor-element-92a71f9 sc_fly_static elementor-widget elementor-widget-image\" data-id=\"92a71f9\" data-element_type=\"widget\" data-widget_type=\"image.default\">\n\t\t\t\t<div class=\"elementor-widget-container\">\n\t\t\t\t\t\t\t\t\t\t\t\t\t\t\t<img decoding=\"async\" src=\"https:\/\/www.theamourgynoircode.org\/wp-content\/uploads\/2024\/01\/medium-shot-smiley-friends-taking-selfie-scaled.jpg\" title=\"medium-shot-smiley-friends-taking-selfie\" alt=\"medium-shot-smiley-friends-taking-selfie\" loading=\"lazy\" \/>\t\t\t\t\t\t\t\t\t\t\t\t\t\t\t<\/div>\n\t\t\t\t<\/div>\n\t\t\t\t\t<\/div>\n\t\t<\/div>\n\t\t\t\t<div class=\"elementor-column elementor-col-50 elementor-top-column elementor-element elementor-element-ebfb661 sc_inner_width_none sc_content_align_inherit sc_layouts_column_icons_position_left\" data-id=\"ebfb661\" data-element_type=\"column\">\n\t\t\t<div class=\"elementor-widget-wrap elementor-element-populated\">\n\t\t\t\t\t\t<div class=\"elementor-element elementor-element-e3067f3 sc_fly_static elementor-widget elementor-widget-trx_sc_title\" data-id=\"e3067f3\" data-element_type=\"widget\" data-widget_type=\"trx_sc_title.default\">\n\t\t\t\t<div class=\"elementor-widget-container\">\n\t\t\t\t\t<div id=\"trx_sc_title_1594678951\"\r\n\t\tclass=\"sc_title color_style_link2 sc_title_decoration\"><h1 class=\"sc_item_title sc_title_title sc_item_title_style_decoration sc_item_title_tag\"><span class=\"sc_item_title_text\">Quels sont les b\u00e9n\u00e9fices du Caucus des jeunes pour la lib\u00e9ration des Noir\u00b7e\u00b7s ? <\/span><\/h1><div class=\"sc_item_descr sc_title_descr\"><p>Le Caucus est un espace s\u00e9curitaire pour s'engager dans la construction d'une communaut\u00e9 et favoriser un changement transformateur au moyen du cadre Amourgynoir. Ce concept, d\u00e9velopp\u00e9 par Nneka MacGregor, vise \u00e0 combattre la violence anti-Noir\u00b7e\u00b7s genr\u00e9e (VaNG) et la misogynoir, et \u00e0 contrer la haine syst\u00e9mique au moyen de cadres d'amour f\u00e9ministes noirs.\n\nLe Caucus sera un espace s\u00fbr pour s'engager dans la construction d'une communaut\u00e9 et favoriser un changement transformateur au moyen du cadre Amourgynoir. Ce concept, d\u00e9velopp\u00e9 par Nneka MacGregor, vise \u00e0 combattre la violence anti-Noir\u00b7e\u00b7s bas\u00e9e sur le genre (aBGBV), la misogynoir et \u00e0 contrer la haine syst\u00e9mique au moyen de cadres f\u00e9ministes noirs de l'amour.<\/p>\n<\/div><\/div><!-- \/.sc_title -->\t\t\t\t<\/div>\n\t\t\t\t<\/div>\n\t\t\t\t\t<\/div>\n\t\t<\/div>\n\t\t\t\t\t<\/div>\n\t\t<\/section>\n\t\t\t\t<section class=\"elementor-section elementor-top-section elementor-element elementor-element-0307a98 elementor-section-boxed elementor-section-height-default elementor-section-height-default\" data-id=\"0307a98\" data-element_type=\"section\">\n\t\t\t\t\t\t<div class=\"elementor-container elementor-column-gap-extended\">\n\t\t\t\t\t<div class=\"elementor-column elementor-col-100 elementor-top-column elementor-element elementor-element-d4ce52a sc_inner_width_none sc_content_align_inherit sc_layouts_column_icons_position_left\" data-id=\"d4ce52a\" data-element_type=\"column\">\n\t\t\t<div class=\"elementor-widget-wrap elementor-element-populated\">\n\t\t\t\t\t\t<div class=\"elementor-element elementor-element-d281dee scheme_dark sc_fly_static elementor-invisible elementor-widget elementor-widget-trx_sc_promo\" data-id=\"d281dee\" data-element_type=\"widget\" data-settings=\"{&quot;_animation&quot;:&quot;fadeInUp&quot;,&quot;_animation_mobile&quot;:&quot;none&quot;,&quot;_animation_delay&quot;:200}\" data-widget_type=\"trx_sc_promo.default\">\n\t\t\t\t<div class=\"elementor-widget-container\">\n\t\t\t\t\t<div  id=\"trx_sc_promo_410670453\" \r\n\tclass=\"sc_promo color_style_link2 scheme_dark sc_promo_default sc_promo_size_normal sc_promo_image_position_left\"><div class=\"sc_promo_image\" style=\"background-image:url(\/\/www.theamourgynoircode.org\/wp-content\/uploads\/2024\/01\/beauty-portrait-beautiful-black-women-wearing-colorful-stylish-clothes-scaled.jpg);width:calc(41% - 30px\/2);left: 0;\"><\/div><!-- \/.sc_promo_image --><div class=\"sc_promo_text\" style=\"width: calc(100% - 30px\/2 - 41%);float: right;\">\r\n\t\t\t<div class=\"sc_promo_text_inner trx_addons_inline_117689052\"><h2 class=\"sc_item_title sc_promo_title sc_item_title_style_with_line sc_item_title_tag\"><span class=\"sc_item_title_text\">S\u00e9ances: Prendre soin de soi, l'autonomisation, les arts et l'activisme<\/span><\/h2><div class=\"sc_item_descr sc_promo_descr\"><p>Au travers de six s\u00e9ances mensuelles, l'objectif sera de cr\u00e9er un environnement favorable o\u00f9 treize participants pourront discuter des questions urgentes concernant la violence genr\u00e9e et se soutenir mutuellement par des pratiques d'amour, de gu\u00e9rison, d'attention, de compassion et de s\u00e9curit\u00e9. Le programme se terminera par la cr\u00e9ation d\u2019un zine collectif o\u00f9 les jeunes partageront leurs cr\u00e9ations artistiques. Ces cr\u00e9ations seront inspir\u00e9es d'un monde r\u00e9imagin\u00e9 et lib\u00e9r\u00e9, propice \u00e0 un changement transformateur pour les filles, les jeunes personnes trans et d'identit\u00e9s de genre diverses du monde entier..<\/p>\n<\/div><\/div>\r\n\t\t<\/div><!-- \/.sc_promo_text --><\/div><!-- \/.sc_promo -->\t\t\t\t<\/div>\n\t\t\t\t<\/div>\n\t\t\t\t\t<\/div>\n\t\t<\/div>\n\t\t\t\t\t<\/div>\n\t\t<\/section>\n\t\t\t\t<section class=\"elementor-section elementor-top-section elementor-element elementor-element-3c95218 elementor-section-boxed elementor-section-height-default elementor-section-height-default\" data-id=\"3c95218\" data-element_type=\"section\">\n\t\t\t\t\t\t<div class=\"elementor-container elementor-column-gap-extended\">\n\t\t\t\t\t<div class=\"elementor-column elementor-col-50 elementor-top-column elementor-element elementor-element-e529a08 sc_inner_width_none sc_content_align_inherit sc_layouts_column_icons_position_left elementor-invisible\" data-id=\"e529a08\" data-element_type=\"column\" data-settings=\"{&quot;animation&quot;:&quot;fadeInRight&quot;,&quot;animation_mobile&quot;:&quot;none&quot;,&quot;animation_delay&quot;:200}\">\n\t\t\t<div class=\"elementor-widget-wrap elementor-element-populated\">\n\t\t\t\t\t\t<div class=\"elementor-element elementor-element-b1e7ff9 sc_fly_static elementor-widget elementor-widget-trx_sc_title\" data-id=\"b1e7ff9\" data-element_type=\"widget\" data-widget_type=\"trx_sc_title.default\">\n\t\t\t\t<div class=\"elementor-widget-container\">\n\t\t\t\t\t<div id=\"trx_sc_title_1786677513\"\r\n\t\tclass=\"sc_title color_style_link2 sc_title_decoration\"><h1 class=\"sc_item_title sc_title_title sc_item_title_style_decoration sc_item_title_tag\"><span class=\"sc_item_title_text\">Chaque s\u00e9ance portera sur des th\u00e8mes diff\u00e9rents, notamment :<\/span><\/h1><\/div><!-- \/.sc_title -->\t\t\t\t<\/div>\n\t\t\t\t<\/div>\n\t\t\t\t<div class=\"elementor-element elementor-element-4c24038 sc_fly_static elementor-widget elementor-widget-spacer\" data-id=\"4c24038\" data-element_type=\"widget\" data-widget_type=\"spacer.default\">\n\t\t\t\t<div class=\"elementor-widget-container\">\n\t\t\t\t\t\t\t<div class=\"elementor-spacer\">\n\t\t\t<div class=\"elementor-spacer-inner\"><\/div>\n\t\t<\/div>\n\t\t\t\t\t\t<\/div>\n\t\t\t\t<\/div>\n\t\t\t\t<section class=\"elementor-section elementor-inner-section elementor-element elementor-element-9a2371a elementor-section-boxed elementor-section-height-default elementor-section-height-default\" data-id=\"9a2371a\" data-element_type=\"section\">\n\t\t\t\t\t\t<div class=\"elementor-container elementor-column-gap-extended\">\n\t\t\t\t\t<div class=\"elementor-column elementor-col-50 elementor-inner-column elementor-element elementor-element-401343f sc_inner_width_none sc_content_align_inherit sc_layouts_column_icons_position_left\" data-id=\"401343f\" data-element_type=\"column\">\n\t\t\t<div class=\"elementor-widget-wrap elementor-element-populated\">\n\t\t\t\t\t\t<div class=\"elementor-element elementor-element-af55566 sc_fly_static elementor-widget elementor-widget-progress\" data-id=\"af55566\" data-element_type=\"widget\" data-widget_type=\"progress.default\">\n\t\t\t\t<div class=\"elementor-widget-container\">\n\t\t\t\t\t\t\t\t<span class=\"elementor-title\" id=\"elementor-progress-bar-af55566\">\n\t\t\t\tPrendre soin de soi (self-care) \t\t\t<\/span>\n\t\t\n\t\t<div aria-labelledby=\"elementor-progress-bar-af55566\" class=\"elementor-progress-wrapper\" role=\"progressbar\" aria-valuemin=\"0\" aria-valuemax=\"100\" aria-valuenow=\"100\">\n\t\t\t<div class=\"elementor-progress-bar\" data-max=\"100\">\n\t\t\t\t<span class=\"elementor-progress-text\"><\/span>\n\t\t\t\t\t\t\t<\/div>\n\t\t<\/div>\n\t\t\t\t\t\t<\/div>\n\t\t\t\t<\/div>\n\t\t\t\t<div class=\"elementor-element elementor-element-cbdda75 sc_fly_static elementor-widget elementor-widget-progress\" data-id=\"cbdda75\" data-element_type=\"widget\" data-widget_type=\"progress.default\">\n\t\t\t\t<div class=\"elementor-widget-container\">\n\t\t\t\t\t\t\t\t<span class=\"elementor-title\" id=\"elementor-progress-bar-cbdda75\">\n\t\t\t\tL'autonomisation \t\t\t<\/span>\n\t\t\n\t\t<div aria-labelledby=\"elementor-progress-bar-cbdda75\" class=\"elementor-progress-wrapper\" role=\"progressbar\" aria-valuemin=\"0\" aria-valuemax=\"100\" aria-valuenow=\"100\">\n\t\t\t<div class=\"elementor-progress-bar\" data-max=\"100\">\n\t\t\t\t<span class=\"elementor-progress-text\"><\/span>\n\t\t\t\t\t\t\t<\/div>\n\t\t<\/div>\n\t\t\t\t\t\t<\/div>\n\t\t\t\t<\/div>\n\t\t\t\t\t<\/div>\n\t\t<\/div>\n\t\t\t\t<div class=\"elementor-column elementor-col-50 elementor-inner-column elementor-element elementor-element-2c56298 sc_inner_width_none sc_content_align_inherit sc_layouts_column_icons_position_left\" data-id=\"2c56298\" data-element_type=\"column\">\n\t\t\t<div class=\"elementor-widget-wrap elementor-element-populated\">\n\t\t\t\t\t\t<div class=\"elementor-element elementor-element-23a6e18 sc_fly_static elementor-widget elementor-widget-progress\" data-id=\"23a6e18\" data-element_type=\"widget\" data-widget_type=\"progress.default\">\n\t\t\t\t<div class=\"elementor-widget-container\">\n\t\t\t\t\t\t\t\t<span class=\"elementor-title\" id=\"elementor-progress-bar-23a6e18\">\n\t\t\t\tLa gu\u00e9rison \t\t\t<\/span>\n\t\t\n\t\t<div aria-labelledby=\"elementor-progress-bar-23a6e18\" class=\"elementor-progress-wrapper\" role=\"progressbar\" aria-valuemin=\"0\" aria-valuemax=\"100\" aria-valuenow=\"100\">\n\t\t\t<div class=\"elementor-progress-bar\" data-max=\"100\">\n\t\t\t\t<span class=\"elementor-progress-text\"><\/span>\n\t\t\t\t\t\t\t<\/div>\n\t\t<\/div>\n\t\t\t\t\t\t<\/div>\n\t\t\t\t<\/div>\n\t\t\t\t<div class=\"elementor-element elementor-element-3a94c85 sc_fly_static elementor-widget elementor-widget-progress\" data-id=\"3a94c85\" data-element_type=\"widget\" data-widget_type=\"progress.default\">\n\t\t\t\t<div class=\"elementor-widget-container\">\n\t\t\t\t\t\t\t\t<span class=\"elementor-title\" id=\"elementor-progress-bar-3a94c85\">\n\t\t\t\tLes arts et l'activisme\t\t\t<\/span>\n\t\t\n\t\t<div aria-labelledby=\"elementor-progress-bar-3a94c85\" class=\"elementor-progress-wrapper\" role=\"progressbar\" aria-valuemin=\"0\" aria-valuemax=\"100\" aria-valuenow=\"100\">\n\t\t\t<div class=\"elementor-progress-bar\" data-max=\"100\">\n\t\t\t\t<span class=\"elementor-progress-text\"><\/span>\n\t\t\t\t\t\t\t<\/div>\n\t\t<\/div>\n\t\t\t\t\t\t<\/div>\n\t\t\t\t<\/div>\n\t\t\t\t\t<\/div>\n\t\t<\/div>\n\t\t\t\t\t<\/div>\n\t\t<\/section>\n\t\t\t\t<div class=\"elementor-element elementor-element-6673d2a sc_fly_static elementor-widget elementor-widget-text-editor\" data-id=\"6673d2a\" data-element_type=\"widget\" data-widget_type=\"text-editor.default\">\n\t\t\t\t<div class=\"elementor-widget-container\">\n\t\t\t\t\t\t\t\t\t<p style=\"text-align: center;\">Plus encore!<\/p>\t\t\t\t\t\t\t\t<\/div>\n\t\t\t\t<\/div>\n\t\t\t\t\t<\/div>\n\t\t<\/div>\n\t\t\t\t<div class=\"elementor-column elementor-col-50 elementor-top-column elementor-element elementor-element-aa9ccb4 sc_inner_width_none sc_content_align_inherit sc_layouts_column_icons_position_left elementor-invisible\" data-id=\"aa9ccb4\" data-element_type=\"column\" data-settings=\"{&quot;animation&quot;:&quot;fadeInRight&quot;,&quot;animation_mobile&quot;:&quot;none&quot;,&quot;animation_delay&quot;:200}\">\n\t\t\t<div class=\"elementor-widget-wrap elementor-element-populated\">\n\t\t\t\t\t\t<div class=\"elementor-element elementor-element-90497ff sc_fly_static elementor-widget elementor-widget-trx_sc_title\" data-id=\"90497ff\" data-element_type=\"widget\" data-widget_type=\"trx_sc_title.default\">\n\t\t\t\t<div class=\"elementor-widget-container\">\n\t\t\t\t\t<div id=\"trx_sc_title_55514587\"\r\n\t\tclass=\"sc_title color_style_link2 sc_title_decoration\"><h1 class=\"sc_item_title sc_title_title sc_item_title_style_decoration sc_item_title_tag\"><span class=\"sc_item_title_text\">Si vous souhaitez vous inscrire, remplissez le formulaire d'inscription ici :<\/span><\/h1><\/div><!-- \/.sc_title -->\t\t\t\t<\/div>\n\t\t\t\t<\/div>\n\t\t\t\t<div class=\"elementor-element elementor-element-272f903 sc_fly_static elementor-widget elementor-widget-spacer\" data-id=\"272f903\" data-element_type=\"widget\" data-widget_type=\"spacer.default\">\n\t\t\t\t<div class=\"elementor-widget-container\">\n\t\t\t\t\t\t\t<div class=\"elementor-spacer\">\n\t\t\t<div class=\"elementor-spacer-inner\"><\/div>\n\t\t<\/div>\n\t\t\t\t\t\t<\/div>\n\t\t\t\t<\/div>\n\t\t\t\t<section class=\"elementor-section elementor-inner-section elementor-element elementor-element-371a070 elementor-section-boxed elementor-section-height-default elementor-section-height-default\" data-id=\"371a070\" data-element_type=\"section\">\n\t\t\t\t\t\t<div class=\"elementor-container elementor-column-gap-extended\">\n\t\t\t\t\t<div class=\"elementor-column elementor-col-100 elementor-inner-column elementor-element elementor-element-2a28de7 sc_inner_width_none sc_content_align_inherit sc_layouts_column_icons_position_left\" data-id=\"2a28de7\" data-element_type=\"column\">\n\t\t\t<div class=\"elementor-widget-wrap elementor-element-populated\">\n\t\t\t\t\t\t<div class=\"elementor-element elementor-element-4f88bfa sc_fly_static elementor-widget elementor-widget-trx_sc_button\" data-id=\"4f88bfa\" data-element_type=\"widget\" data-widget_type=\"trx_sc_button.default\">\n\t\t\t\t<div class=\"elementor-widget-container\">\n\t\t\t\t\t<style>.elementor-element-4f88bfa{display:none !important}<\/style>\t\t\t\t<\/div>\n\t\t\t\t<\/div>\n\t\t\t\t<div class=\"elementor-element elementor-element-530d7ad sc_fly_static elementor-widget elementor-widget-trx_sc_button\" data-id=\"530d7ad\" data-element_type=\"widget\" data-widget_type=\"trx_sc_button.default\">\n\t\t\t\t<div class=\"elementor-widget-container\">\n\t\t\t\t\t<div id=\"trx_sc_button_292408166\"\tclass=\"sc_item_button sc_button_wrap sc_align_center\"><a href=\"https:\/\/survey.zohopublic.com\/zs\/qtCCWz\" class=\"sc_button sc_button_default sc_button_size_normal sc_button_icon_left\" target=\"_blank\"><span class=\"sc_button_text sc_align_right\"><span class=\"sc_button_title\">inscrivez-vous maintenant<\/span><\/span><!-- \/.sc_button_text --><\/a><!-- \/.sc_button --><\/div><!-- \/.sc_item_button -->\t\t\t\t<\/div>\n\t\t\t\t<\/div>\n\t\t\t\t\t<\/div>\n\t\t<\/div>\n\t\t\t\t\t<\/div>\n\t\t<\/section>\n\t\t\t\t\t<\/div>\n\t\t<\/div>\n\t\t\t\t\t<\/div>\n\t\t<\/section>\n\t\t\t\t<section class=\"elementor-section elementor-top-section elementor-element elementor-element-b030310 elementor-section-boxed elementor-section-height-default elementor-section-height-default\" data-id=\"b030310\" data-element_type=\"section\">\n\t\t\t\t\t\t<div class=\"elementor-container elementor-column-gap-extended\">\n\t\t\t\t\t<div class=\"elementor-column elementor-col-100 elementor-top-column elementor-element elementor-element-81c1806 sc_inner_width_none sc_content_align_inherit sc_layouts_column_icons_position_left\" data-id=\"81c1806\" data-element_type=\"column\">\n\t\t\t<div class=\"elementor-widget-wrap elementor-element-populated\">\n\t\t\t\t\t\t<div class=\"elementor-element elementor-element-ceb2129 scheme_dark sc_fly_static elementor-invisible elementor-widget elementor-widget-trx_sc_action\" data-id=\"ceb2129\" data-element_type=\"widget\" data-settings=\"{&quot;_animation&quot;:&quot;fadeInUp&quot;,&quot;_animation_mobile&quot;:&quot;none&quot;,&quot;_animation_delay&quot;:200}\" data-widget_type=\"trx_sc_action.default\">\n\t\t\t\t<div class=\"elementor-widget-container\">\n\t\t\t\t\t<div  id=\"trx_sc_action_1943239789\" \n\tclass=\"sc_action color_style_link2 scheme_dark sc_action_simple\"><div class=\"sc_action_content sc_item_content\"><div class=\"sc_action_item sc_action_item_simple with_image sc_action_item_tl\" style=\"background-image:url(\/\/www.theamourgynoircode.org\/wp-content\/uploads\/2020\/07\/pattern_bg2.jpg);\">\n\t\t\t<div class=\"sc_action_item_inner\"><h3 class=\"sc_action_item_title\"><span>Veuillez contacter notre responsable jeunesse \u00e0 l'adresse suivante: admin@theamourgynoircode.org<\/span><\/h3><a href=\"mailto:admin@theamourgynoircode.org\" class=\"sc_action_item_link sc_button\">admin@theamourgynoircode.org<\/a><\/div><!-- \/.sc_action_item_inner --><\/div><\/div><\/div><!-- \/.sc_action -->\t\t\t\t<\/div>\n\t\t\t\t<\/div>\n\t\t\t\t\t<\/div>\n\t\t<\/div>\n\t\t\t\t\t<\/div>\n\t\t<\/section>\n\t\t\t\t<\/div>","protected":false},"excerpt":{"rendered":"<p>What is the Black Liberation Youth Caucus? The Black Liberation Youth Caucus is a virtual, synchronous peer-support program where Black girls, trans and gender-diverse youth who are survivors of gender-based violence (GBV) between&hellip;<\/p>","protected":false},"author":1,"featured_media":0,"parent":0,"menu_order":0,"comment_status":"closed","ping_status":"closed","template":"","meta":{"footnotes":""},"class_list":["post-5903","page","type-page","status-publish","hentry"],"_links":{"self":[{"href":"https:\/\/www.theamourgynoircode.org\/fr\/wp-json\/wp\/v2\/pages\/5903","targetHints":{"allow":["GET"]}}],"collection":[{"href":"https:\/\/www.theamourgynoircode.org\/fr\/wp-json\/wp\/v2\/pages"}],"about":[{"href":"https:\/\/www.theamourgynoircode.org\/fr\/wp-json\/wp\/v2\/types\/page"}],"author":[{"embeddable":true,"href":"https:\/\/www.theamourgynoircode.org\/fr\/wp-json\/wp\/v2\/users\/1"}],"replies":[{"embeddable":true,"href":"https:\/\/www.theamourgynoircode.org\/fr\/wp-json\/wp\/v2\/comments?post=5903"}],"version-history":[{"count":16,"href":"https:\/\/www.theamourgynoircode.org\/fr\/wp-json\/wp\/v2\/pages\/5903\/revisions"}],"predecessor-version":[{"id":6123,"href":"https:\/\/www.theamourgynoircode.org\/fr\/wp-json\/wp\/v2\/pages\/5903\/revisions\/6123"}],"wp:attachment":[{"href":"https:\/\/www.theamourgynoircode.org\/fr\/wp-json\/wp\/v2\/media?parent=5903"}],"curies":[{"name":"wp","href":"https:\/\/api.w.org\/{rel}","templated":true}]}}