{"id":5983,"date":"2023-10-13T07:38:51","date_gmt":"2023-10-13T11:38:51","guid":{"rendered":"https:\/\/www.theamourgynoircode.org\/?page_id=5983"},"modified":"2025-02-11T07:33:04","modified_gmt":"2025-02-11T12:33:04","slug":"community-participatory-action-research","status":"publish","type":"page","link":"https:\/\/www.theamourgynoircode.org\/fr\/community-participatory-action-research\/","title":{"rendered":"Recherche-action participative communautaire"},"content":{"rendered":"<div data-elementor-type=\"wp-post\" data-elementor-id=\"5983\" class=\"elementor elementor-5983\">\n\t\t\t\t\t\t<section class=\"elementor-section elementor-top-section elementor-element elementor-element-f603488 elementor-section-boxed elementor-section-height-default elementor-section-height-default\" data-id=\"f603488\" data-element_type=\"section\">\n\t\t\t\t\t\t<div class=\"elementor-container elementor-column-gap-extended\">\n\t\t\t\t\t<div class=\"elementor-column elementor-col-100 elementor-top-column elementor-element elementor-element-b23ca3e sc_inner_width_none sc_content_align_inherit sc_layouts_column_icons_position_left\" data-id=\"b23ca3e\" data-element_type=\"column\">\n\t\t\t<div class=\"elementor-widget-wrap elementor-element-populated\">\n\t\t\t\t\t\t<div class=\"elementor-element elementor-element-59d8cba sc_fly_static elementor-widget elementor-widget-trx_sc_title\" data-id=\"59d8cba\" data-element_type=\"widget\" data-widget_type=\"trx_sc_title.default\">\n\t\t\t\t<div class=\"elementor-widget-container\">\n\t\t\t\t\t<div id=\"trx_sc_title_2049355223\"\r\n\t\tclass=\"sc_title color_style_link2 sc_title_decoration\"><h1 class=\"sc_item_title sc_title_title sc_item_title_style_decoration sc_item_title_tag\"><span class=\"sc_item_title_text\">La v\u00e9rit\u00e9 par, pour et sur les survivant\u00b7e\u00b7s FJFPDIG-N de violence anti-Noir\u00b7e\u00b7s genr\u00e9e \u00e0 travers le pays<\/span><\/h1><div class=\"sc_item_descr sc_title_descr\"><p>WomenatthecentrE lance la premi\u00e8re et unique recherche nationale par et pour les femmes, les jeune filles, les personnes de genre divers et les personnes trans survivantes de violences anti-Noir\u00b7e\u00b7s genr\u00e9e. Mettez votre voix au service du changement social. R\u00e9pondez \u00e0 notre sondage, participez \u00e0 une entrevue ou \u00e0 un groupe de discussion et recevez une compensation de 25 $. Prenez part \u00e0 l'histoire des Noir\u00b7e\u00b7s.  <\/p>\n<\/div><\/div><!-- \/.sc_title -->\t\t\t\t<\/div>\n\t\t\t\t<\/div>\n\t\t\t\t<div class=\"elementor-element elementor-element-8e2d82c sc_fly_static elementor-widget elementor-widget-html\" data-id=\"8e2d82c\" data-element_type=\"widget\" data-widget_type=\"html.default\">\n\t\t\t\t<div class=\"elementor-widget-container\">\n\t\t\t\t\t<iframe src=\"https:\/\/survey.zohopublic.com\/zs\/uQCN9r\" frameborder='0' style='height:700px;width:100%;' marginwidth='0' marginheight='0' scrolling='auto' allow='geolocation'><\/iframe>\t\t\t\t<\/div>\n\t\t\t\t<\/div>\n\t\t\t\t<div class=\"elementor-element elementor-element-cc62530 sc_fly_static elementor-widget elementor-widget-spacer\" data-id=\"cc62530\" data-element_type=\"widget\" data-widget_type=\"spacer.default\">\n\t\t\t\t<div class=\"elementor-widget-container\">\n\t\t\t\t\t\t\t<div class=\"elementor-spacer\">\n\t\t\t<div class=\"elementor-spacer-inner\"><\/div>\n\t\t<\/div>\n\t\t\t\t\t\t<\/div>\n\t\t\t\t<\/div>\n\t\t\t\t<div class=\"elementor-element elementor-element-cdf49ec sc_fly_static elementor-widget elementor-widget-trx_sc_title\" data-id=\"cdf49ec\" data-element_type=\"widget\" data-widget_type=\"trx_sc_title.default\">\n\t\t\t\t<div class=\"elementor-widget-container\">\n\t\t\t\t\t<div id=\"trx_sc_title_1826148785\"\r\n\t\tclass=\"sc_title color_style_link2 sc_title_decoration\"><h1 class=\"sc_item_title sc_title_title sc_item_title_style_decoration sc_item_title_tag\"><span class=\"sc_item_title_text\">R\u00e9pondez \u00e0 nos sondages<\/span><\/h1><\/div><!-- \/.sc_title -->\t\t\t\t<\/div>\n\t\t\t\t<\/div>\n\t\t\t\t<section class=\"elementor-section elementor-inner-section elementor-element elementor-element-d375cc8 elementor-section-boxed elementor-section-height-default elementor-section-height-default\" data-id=\"d375cc8\" data-element_type=\"section\">\n\t\t\t\t\t\t<div class=\"elementor-container elementor-column-gap-extended\">\n\t\t\t\t\t<div class=\"elementor-column elementor-col-50 elementor-inner-column elementor-element elementor-element-7243317 sc_inner_width_none sc_content_align_inherit sc_layouts_column_icons_position_left\" data-id=\"7243317\" data-element_type=\"column\">\n\t\t\t<div class=\"elementor-widget-wrap elementor-element-populated\">\n\t\t\t\t\t\t<div class=\"elementor-element elementor-element-88ce424 sc_fly_static elementor-widget elementor-widget-trx_sc_button\" data-id=\"88ce424\" data-element_type=\"widget\" data-widget_type=\"trx_sc_button.default\">\n\t\t\t\t<div class=\"elementor-widget-container\">\n\t\t\t\t\t<style>.elementor-element-88ce424{display:none !important}<\/style>\t\t\t\t<\/div>\n\t\t\t\t<\/div>\n\t\t\t\t<div class=\"elementor-element elementor-element-9ebd8e4 sc_fly_static elementor-widget elementor-widget-trx_sc_button\" data-id=\"9ebd8e4\" data-element_type=\"widget\" data-widget_type=\"trx_sc_button.default\">\n\t\t\t\t<div class=\"elementor-widget-container\">\n\t\t\t\t\t<div id=\"trx_sc_button_1152848505\"\tclass=\"sc_item_button sc_button_wrap sc_align_left\"><a href=\"https:\/\/www.theamourgynoircode.org\/fr\/fr-n-ffdgt-sondage-survivant-e-s\/\" class=\"sc_button sc_button_default sc_button_size_normal sc_button_icon_left\"><span class=\"sc_button_text sc_align_right\"><span class=\"sc_button_title\">SONDAGE POUR SURVIVANT\u00b7E\u00b7S<\/span><\/span><!-- \/.sc_button_text --><\/a><!-- \/.sc_button --><\/div><!-- \/.sc_item_button -->\t\t\t\t<\/div>\n\t\t\t\t<\/div>\n\t\t\t\t<div class=\"elementor-element elementor-element-502655f sc_fly_static elementor-widget elementor-widget-spacer\" data-id=\"502655f\" data-element_type=\"widget\" data-widget_type=\"spacer.default\">\n\t\t\t\t<div class=\"elementor-widget-container\">\n\t\t\t\t\t\t\t<div class=\"elementor-spacer\">\n\t\t\t<div class=\"elementor-spacer-inner\"><\/div>\n\t\t<\/div>\n\t\t\t\t\t\t<\/div>\n\t\t\t\t<\/div>\n\t\t\t\t\t<\/div>\n\t\t<\/div>\n\t\t\t\t<div class=\"elementor-column elementor-col-50 elementor-inner-column elementor-element elementor-element-217567d sc_inner_width_none sc_content_align_inherit sc_layouts_column_icons_position_left\" data-id=\"217567d\" data-element_type=\"column\">\n\t\t\t<div class=\"elementor-widget-wrap elementor-element-populated\">\n\t\t\t\t\t\t<div class=\"elementor-element elementor-element-383bbdf sc_fly_static elementor-widget elementor-widget-trx_sc_button\" data-id=\"383bbdf\" data-element_type=\"widget\" data-widget_type=\"trx_sc_button.default\">\n\t\t\t\t<div class=\"elementor-widget-container\">\n\t\t\t\t\t<style>.elementor-element-383bbdf{display:none !important}<\/style>\t\t\t\t<\/div>\n\t\t\t\t<\/div>\n\t\t\t\t<div class=\"elementor-element elementor-element-5a7bf1e sc_fly_static elementor-widget elementor-widget-trx_sc_button\" data-id=\"5a7bf1e\" data-element_type=\"widget\" data-widget_type=\"trx_sc_button.default\">\n\t\t\t\t<div class=\"elementor-widget-container\">\n\t\t\t\t\t<div id=\"trx_sc_button_995177694\"\tclass=\"sc_item_button sc_button_wrap sc_align_left\"><a href=\"https:\/\/www.theamourgynoircode.org\/fr\/fr-n-ffdgt-sondage-intervenant-e-s\/\" class=\"sc_button sc_button_default sc_button_size_normal sc_button_icon_left\"><span class=\"sc_button_text sc_align_right\"><span class=\"sc_button_title\">SONDAGE POUR INTERVENANT\u00b7E\u00b7S <\/span><\/span><!-- \/.sc_button_text --><\/a><!-- \/.sc_button --><\/div><!-- \/.sc_item_button -->\t\t\t\t<\/div>\n\t\t\t\t<\/div>\n\t\t\t\t\t<\/div>\n\t\t<\/div>\n\t\t\t\t\t<\/div>\n\t\t<\/section>\n\t\t\t\t<div class=\"elementor-element elementor-element-9e20f23 sc_fly_static elementor-widget elementor-widget-spacer\" data-id=\"9e20f23\" data-element_type=\"widget\" data-widget_type=\"spacer.default\">\n\t\t\t\t<div class=\"elementor-widget-container\">\n\t\t\t\t\t\t\t<div class=\"elementor-spacer\">\n\t\t\t<div class=\"elementor-spacer-inner\"><\/div>\n\t\t<\/div>\n\t\t\t\t\t\t<\/div>\n\t\t\t\t<\/div>\n\t\t\t\t<div class=\"elementor-element elementor-element-3f72dae sc_fly_static elementor-widget elementor-widget-text-editor\" data-id=\"3f72dae\" data-element_type=\"widget\" data-widget_type=\"text-editor.default\">\n\t\t\t\t<div class=\"elementor-widget-container\">\n\t\t\t\t\t\t\t\t\t<p>V\u00e9rit\u00e9 et transformation : Faire progresser l'\u00e9quit\u00e9 des genres pour les femmes, les jeunes filles, les personnes trans et les personnes de genre divers Noir\u00b7e\u00b7s au Canada. Nous souhaitons conna\u00eetre votre niveau de satisfaction \u00e0 l'\u00e9gard des services auxquels vous avez eu acc\u00e8s, s'il y a lieu, ainsi que les difficult\u00e9s ou les obstacles auxquels vous avez \u00e9t\u00e9 confront\u00e9\u00b7e pour y acc\u00e9der.\n\nCette \u00e9tude s'inscrit dans le cadre d'un mouvement plus large et d'une initiative quinquennale (2021-2026). Cette recherche est men\u00e9e \u00e0 travers le Canada afin que nous puissions documenter les diverses exp\u00e9riences des survivants noir\u00b7e\u00b7s qui ont recours aux services de soutien dans l'ensemble du pays. Vos r\u00e9ponses sont importantes pour nous. Cependant, vous pouvez choisir de ne plus y participer \u00e0 tout moment.<\/p>\t\t\t\t\t\t\t\t<\/div>\n\t\t\t\t<\/div>\n\t\t\t\t<div class=\"elementor-element elementor-element-fa68e0d sc_fly_static elementor-widget elementor-widget-spacer\" data-id=\"fa68e0d\" data-element_type=\"widget\" data-widget_type=\"spacer.default\">\n\t\t\t\t<div class=\"elementor-widget-container\">\n\t\t\t\t\t\t\t<div class=\"elementor-spacer\">\n\t\t\t<div class=\"elementor-spacer-inner\"><\/div>\n\t\t<\/div>\n\t\t\t\t\t\t<\/div>\n\t\t\t\t<\/div>\n\t\t\t\t\t<\/div>\n\t\t<\/div>\n\t\t\t\t\t<\/div>\n\t\t<\/section>\n\t\t\t\t<\/div>","protected":false},"excerpt":{"rendered":"<p>Truth-telling by, for and about B-WGGDT survivors of anti-Black gender-based violence to across the country WomenatthecentrE is launching the first and only national research by and for Black women, girls, gender diverse and&hellip;<\/p>","protected":false},"author":1,"featured_media":0,"parent":0,"menu_order":0,"comment_status":"closed","ping_status":"closed","template":"","meta":{"footnotes":""},"class_list":["post-5983","page","type-page","status-publish","hentry"],"_links":{"self":[{"href":"https:\/\/www.theamourgynoircode.org\/fr\/wp-json\/wp\/v2\/pages\/5983","targetHints":{"allow":["GET"]}}],"collection":[{"href":"https:\/\/www.theamourgynoircode.org\/fr\/wp-json\/wp\/v2\/pages"}],"about":[{"href":"https:\/\/www.theamourgynoircode.org\/fr\/wp-json\/wp\/v2\/types\/page"}],"author":[{"embeddable":true,"href":"https:\/\/www.theamourgynoircode.org\/fr\/wp-json\/wp\/v2\/users\/1"}],"replies":[{"embeddable":true,"href":"https:\/\/www.theamourgynoircode.org\/fr\/wp-json\/wp\/v2\/comments?post=5983"}],"version-history":[{"count":25,"href":"https:\/\/www.theamourgynoircode.org\/fr\/wp-json\/wp\/v2\/pages\/5983\/revisions"}],"predecessor-version":[{"id":6120,"href":"https:\/\/www.theamourgynoircode.org\/fr\/wp-json\/wp\/v2\/pages\/5983\/revisions\/6120"}],"wp:attachment":[{"href":"https:\/\/www.theamourgynoircode.org\/fr\/wp-json\/wp\/v2\/media?parent=5983"}],"curies":[{"name":"wp","href":"https:\/\/api.w.org\/{rel}","templated":true}]}}